{"id":1388,"date":"2018-07-18T14:45:45","date_gmt":"2018-07-18T12:45:45","guid":{"rendered":"http:\/\/www.hellaberent.de\/blog\/?page_id=1388"},"modified":"2022-11-14T14:41:44","modified_gmt":"2022-11-14T12:41:44","slug":"impressum","status":"publish","type":"page","link":"https:\/\/www.hellaberent.de\/blog\/impressum\/","title":{"rendered":"Impressum"},"content":{"rendered":"<h3>Impressum<\/h3>\n<p>F\u00fcr den Inhalt verantwortlich gem\u00e4\u00df \u00a7 6 MDStV:<\/p>\n<p>Hella Berent<br \/>\nMelchiorstr. 14<br \/>\n50670 K\u00f6ln<\/p>\n<p>hella@hellaberent.de<\/p>\n<p>UmSt Id-Nr: DE122754334<\/p>\n<p><a href=\"http:\/\/www.hellaberent.de\/blog\/datenschutzerklaerung\/\">Datenschutzerkl\u00e4rung<\/a><\/p>\n<p>Haftungshinweis<br \/>\nTrotz sorgf\u00e4ltiger inhaltlicher Kontrolle \u00fcbernehme ich keine Haftung f\u00fcr die Inhalte externer Links. F\u00fcr den Inhalt der verlinkten Seiten sind ausschlie\u00dflich deren Betreiber verantwortlich.<\/p>\n<p>\u00a9 Alle Inhalte auf diesen Seiten (HTML, Text, Grafik und Quelltexte) sind Eigentum von Hella Berent und durch geltendes nationales wie internationales Recht gesch\u00fctzt. Eine Verwendung ohne ausdr\u00fcckliche, schriftliche und vorherige Best\u00e4tigung ist nicht gestattet. Der Bildurheber beh\u00e4lt sich das Recht vor, bei Verst\u00f6\u00dfen gegen das Urheberrecht (Copyright) alle Rechtsmittel anzuwenden. Gerichtsstand ist K\u00f6ln, Deutschland.<\/p>\n<p>\u00a9 Disclaimer: All works, images and texts are copyrighted by Hella Berent and the mentioned authors. It is illegal to save, reproduce or distribute any of this items in any way. If you are interested in the publication or use of pictures, please contact Studio Hella Berent. <\/p>\n<p>\u00a9 Hella Berent, VG Bild-Kunst Bonn. All rights reserved.<\/p>\n","protected":false},"excerpt":{"rendered":"<p>Impressum F\u00fcr den Inhalt verantwortlich gem\u00e4\u00df \u00a7 6 MDStV: Hella Berent Melchiorstr. 14 50670 K\u00f6ln hella@hellaberent.de UmSt Id-Nr: DE122754334 Datenschutzerkl\u00e4rung Haftungshinweis Trotz sorgf\u00e4ltiger inhaltlicher Kontrolle \u00fcbernehme ich keine Haftung f\u00fcr die Inhalte externer Links. F\u00fcr den Inhalt der verlinkten Seiten sind ausschlie\u00dflich deren Betreiber verantwortlich. \u00a9 Alle Inhalte auf diesen Seiten (HTML, Text, Grafik und [&hellip;]<\/p>\n","protected":false},"author":3,"featured_media":0,"parent":0,"menu_order":0,"comment_status":"closed","ping_status":"closed","template":"","meta":{"footnotes":""},"class_list":["post-1388","page","type-page","status-publish","hentry"],"yoast_head":"<!-- This site is optimized with the Yoast SEO plugin v27.4 - https:\/\/yoast.com\/product\/yoast-seo-wordpress\/ -->\n<title>Impressum - HELLA BERENT<\/title>\n<meta name=\"robots\" content=\"index, follow, max-snippet:-1, max-image-preview:large, max-video-preview:-1\" \/>\n<link rel=\"canonical\" href=\"https:\/\/www.hellaberent.de\/blog\/impressum\/\" \/>\n<meta property=\"og:locale\" content=\"de_DE\" \/>\n<meta property=\"og:type\" content=\"article\" \/>\n<meta property=\"og:title\" content=\"Impressum - HELLA BERENT\" \/>\n<meta property=\"og:description\" content=\"Impressum F\u00fcr den Inhalt verantwortlich gem\u00e4\u00df \u00a7 6 MDStV: Hella Berent Melchiorstr. 14 50670 K\u00f6ln hella@hellaberent.de UmSt Id-Nr: DE122754334 Datenschutzerkl\u00e4rung Haftungshinweis Trotz sorgf\u00e4ltiger inhaltlicher Kontrolle \u00fcbernehme ich keine Haftung f\u00fcr die Inhalte externer Links. F\u00fcr den Inhalt der verlinkten Seiten sind ausschlie\u00dflich deren Betreiber verantwortlich. \u00a9 Alle Inhalte auf diesen Seiten (HTML, Text, Grafik und [&hellip;]\" \/>\n<meta property=\"og:url\" content=\"https:\/\/www.hellaberent.de\/blog\/impressum\/\" \/>\n<meta property=\"og:site_name\" content=\"HELLA BERENT\" \/>\n<meta property=\"article:modified_time\" content=\"2022-11-14T12:41:44+00:00\" \/>\n<meta name=\"twitter:card\" content=\"summary_large_image\" \/>\n<meta name=\"twitter:label1\" content=\"Gesch\u00e4tzte Lesezeit\" \/>\n\t<meta name=\"twitter:data1\" content=\"1\u00a0Minute\" \/>\n<script type=\"application\/ld+json\" class=\"yoast-schema-graph\">{\"@context\":\"https:\\\/\\\/schema.org\",\"@graph\":[{\"@type\":\"WebPage\",\"@id\":\"https:\\\/\\\/www.hellaberent.de\\\/blog\\\/impressum\\\/\",\"url\":\"https:\\\/\\\/www.hellaberent.de\\\/blog\\\/impressum\\\/\",\"name\":\"Impressum - HELLA BERENT\",\"isPartOf\":{\"@id\":\"https:\\\/\\\/www.hellaberent.de\\\/blog\\\/#website\"},\"datePublished\":\"2018-07-18T12:45:45+00:00\",\"dateModified\":\"2022-11-14T12:41:44+00:00\",\"breadcrumb\":{\"@id\":\"https:\\\/\\\/www.hellaberent.de\\\/blog\\\/impressum\\\/#breadcrumb\"},\"inLanguage\":\"de\",\"potentialAction\":[{\"@type\":\"ReadAction\",\"target\":[\"https:\\\/\\\/www.hellaberent.de\\\/blog\\\/impressum\\\/\"]}]},{\"@type\":\"BreadcrumbList\",\"@id\":\"https:\\\/\\\/www.hellaberent.de\\\/blog\\\/impressum\\\/#breadcrumb\",\"itemListElement\":[{\"@type\":\"ListItem\",\"position\":1,\"name\":\"Startseite\",\"item\":\"https:\\\/\\\/www.hellaberent.de\\\/blog\\\/\"},{\"@type\":\"ListItem\",\"position\":2,\"name\":\"Impressum\"}]},{\"@type\":\"WebSite\",\"@id\":\"https:\\\/\\\/www.hellaberent.de\\\/blog\\\/#website\",\"url\":\"https:\\\/\\\/www.hellaberent.de\\\/blog\\\/\",\"name\":\"Hella Berent\",\"description\":\"Extended Drawing = Sculpture = Space\",\"alternateName\":\"Hella Berent \u2013 Extended Drawing = Sculpture = Space\",\"potentialAction\":[{\"@type\":\"SearchAction\",\"target\":{\"@type\":\"EntryPoint\",\"urlTemplate\":\"https:\\\/\\\/www.hellaberent.de\\\/blog\\\/?s={search_term_string}\"},\"query-input\":{\"@type\":\"PropertyValueSpecification\",\"valueRequired\":true,\"valueName\":\"search_term_string\"}}],\"inLanguage\":\"de\"}]}<\/script>\n<!-- \/ Yoast SEO plugin. -->","yoast_head_json":{"title":"Impressum - HELLA BERENT","robots":{"index":"index","follow":"follow","max-snippet":"max-snippet:-1","max-image-preview":"max-image-preview:large","max-video-preview":"max-video-preview:-1"},"canonical":"https:\/\/www.hellaberent.de\/blog\/impressum\/","og_locale":"de_DE","og_type":"article","og_title":"Impressum - HELLA BERENT","og_description":"Impressum F\u00fcr den Inhalt verantwortlich gem\u00e4\u00df \u00a7 6 MDStV: Hella Berent Melchiorstr. 14 50670 K\u00f6ln hella@hellaberent.de UmSt Id-Nr: DE122754334 Datenschutzerkl\u00e4rung Haftungshinweis Trotz sorgf\u00e4ltiger inhaltlicher Kontrolle \u00fcbernehme ich keine Haftung f\u00fcr die Inhalte externer Links. F\u00fcr den Inhalt der verlinkten Seiten sind ausschlie\u00dflich deren Betreiber verantwortlich. \u00a9 Alle Inhalte auf diesen Seiten (HTML, Text, Grafik und [&hellip;]","og_url":"https:\/\/www.hellaberent.de\/blog\/impressum\/","og_site_name":"HELLA BERENT","article_modified_time":"2022-11-14T12:41:44+00:00","twitter_card":"summary_large_image","twitter_misc":{"Gesch\u00e4tzte Lesezeit":"1\u00a0Minute"},"schema":{"@context":"https:\/\/schema.org","@graph":[{"@type":"WebPage","@id":"https:\/\/www.hellaberent.de\/blog\/impressum\/","url":"https:\/\/www.hellaberent.de\/blog\/impressum\/","name":"Impressum - HELLA BERENT","isPartOf":{"@id":"https:\/\/www.hellaberent.de\/blog\/#website"},"datePublished":"2018-07-18T12:45:45+00:00","dateModified":"2022-11-14T12:41:44+00:00","breadcrumb":{"@id":"https:\/\/www.hellaberent.de\/blog\/impressum\/#breadcrumb"},"inLanguage":"de","potentialAction":[{"@type":"ReadAction","target":["https:\/\/www.hellaberent.de\/blog\/impressum\/"]}]},{"@type":"BreadcrumbList","@id":"https:\/\/www.hellaberent.de\/blog\/impressum\/#breadcrumb","itemListElement":[{"@type":"ListItem","position":1,"name":"Startseite","item":"https:\/\/www.hellaberent.de\/blog\/"},{"@type":"ListItem","position":2,"name":"Impressum"}]},{"@type":"WebSite","@id":"https:\/\/www.hellaberent.de\/blog\/#website","url":"https:\/\/www.hellaberent.de\/blog\/","name":"Hella Berent","description":"Extended Drawing = Sculpture = Space","alternateName":"Hella Berent \u2013 Extended Drawing = Sculpture = Space","potentialAction":[{"@type":"SearchAction","target":{"@type":"EntryPoint","urlTemplate":"https:\/\/www.hellaberent.de\/blog\/?s={search_term_string}"},"query-input":{"@type":"PropertyValueSpecification","valueRequired":true,"valueName":"search_term_string"}}],"inLanguage":"de"}]}},"_links":{"self":[{"href":"https:\/\/www.hellaberent.de\/blog\/wp-json\/wp\/v2\/pages\/1388","targetHints":{"allow":["GET"]}}],"collection":[{"href":"https:\/\/www.hellaberent.de\/blog\/wp-json\/wp\/v2\/pages"}],"about":[{"href":"https:\/\/www.hellaberent.de\/blog\/wp-json\/wp\/v2\/types\/page"}],"author":[{"embeddable":true,"href":"https:\/\/www.hellaberent.de\/blog\/wp-json\/wp\/v2\/users\/3"}],"replies":[{"embeddable":true,"href":"https:\/\/www.hellaberent.de\/blog\/wp-json\/wp\/v2\/comments?post=1388"}],"version-history":[{"count":5,"href":"https:\/\/www.hellaberent.de\/blog\/wp-json\/wp\/v2\/pages\/1388\/revisions"}],"predecessor-version":[{"id":2716,"href":"https:\/\/www.hellaberent.de\/blog\/wp-json\/wp\/v2\/pages\/1388\/revisions\/2716"}],"wp:attachment":[{"href":"https:\/\/www.hellaberent.de\/blog\/wp-json\/wp\/v2\/media?parent=1388"}],"curies":[{"name":"wp","href":"https:\/\/api.w.org\/{rel}","templated":true}]}}