{"id":1452,"date":"2018-07-25T11:25:12","date_gmt":"2018-07-25T09:25:12","guid":{"rendered":"http:\/\/www.hellaberent.de\/blog\/?page_id=1452"},"modified":"2022-11-14T20:55:42","modified_gmt":"2022-11-14T18:55:42","slug":"biography","status":"publish","type":"page","link":"https:\/\/www.hellaberent.de\/blog\/biography\/","title":{"rendered":"Biography"},"content":{"rendered":"<h3>Biography \/ <a href=\"https:\/\/www.hellaberent.de\/blog\/biography\/places-2020\/\">Places<\/a><\/h3>\n<p>* 1948 Thedinghausen near Bremen. Studies at the Hochschule f\u00fcr Bildende K\u00fcnste in Hamburg as well as at Hamburg University from 1968 until 1976. In 1977, she was a co-founder of K\u00fcnstlerhaus Hamburg, but left the city immediately afterwards and moved to Italy (DAAD Scholarship). In her first studio, the Limonaia of the Villa Romana in Florence, she developed in her work the installation concept of the extended drawing, which led from the experience of the volume of the body to the experience of the volume of space. This early installation concept, which was difficult to market at the time, was followed by promotions of her work through awards\/prizes and scholarships\/grants.<\/p>\n<p>After her father\u2019s death in 1979, Berent traveled emediately to Egypt in order to look into death, detached from time. In 1981, she moved for one year to New York to finalize her experiences with the extended drawing in space. In 1984, she presented drawings at St\u00e4dtische Galerie im Lenbachhaus and the spatial installation<\/p>\n<p>Upside Down \u2013 Gef\u00fchlsst\u00fcrze oder die Grube des Wunderbaren (Upside Down \u2013 Emotional Torrents or the Cavern of the Miraculous) at Kunstforum Maximilianstra\u00dfe, both in Munich. Yet another example of the \u201cwalkable work\u201d was the installation Der Aufbruch in die Ambivalenz der Augen beim Betrachten (Departure into the Ambivalence of the Eyes During Seeing) at Kunsthalle Hamburg. In 1985, she was awarded the Villa Massimo scholarship of the Deutsche Akademie in Rome, where she lived for a number of years.<\/p>\n<p>At the end of the 1980s, she returned to Germany and settled in the Rhineland, joining the constituency of Gallery Erhard Klein. In the 1990s, she was offered and accepted invitations from the Goethe Institutes in Mumbai and New Delhi as well as by the Rinpoche of the Tibetan Buddhists in Delhi. In this alien culture she decided to use the material stone in her installations, stone sharply cut and arranged in linear alignments; she considers her stone alignments also as drawings. In Mumbai she met Rudolf zur Lippe, Jeet Uberoi, and Sudhir Kakar. In 1995 the City of Oldenburg, Germany acquired one of her black stone works Athanasy \u2013 the fire consuming otherness under the title Athanatos as a permanent installation for the Buddhist Conference in the India International Center in New Delhi, India. Extensive travels to East Asia and the Orient, Iran, Egypt, Turkey, Tunisia, and Syria, culminating in exhibitions in Egypt and in Iran followed. She has maintained and cultivated her contacts with Italy, especially with the City of Naples, where among other activities she has presented exhibitions and projects as GREEK FIELD in the Parco Archeologico, Cuma and the mirror installation entitled HAVE SUNK at Castel S. Elmo, Napels and 2015 BREATHING HOLES FOR EASING EARTH, near the border of lake Averno. LAND ART CAMPI FLEGREI XI EDIZIONE, La pratica artistica come evento sociale.In the 1980s, she predominantly pursued the exploration of the depth of the color black as a material; this was followed by the exploration of the color blue as a material in sculpture; the results of these investigations have been published in books and photographs since the 1990s.In 1998, 2002, 2008, and 2014, Berent developed sculptures at the .ekwc, European Ceramic Center, &#8217;s-Hertogenbosch (at that time) in The Netherlands, as well as at HEAD-CERCCO (University of Art and Design), Geneva, where she experimented with the creation of mirrors in porcelain and the exploration of the colors lapis lazuli, cobalt, turquoise in wall pieces made from blue-glazed bricks, which represent her hermetic sculpture, drawing, and watercolors. In 2001, she showed blue wall pieces and sculptures in Egypt; in 2003, at Gallery Kunstraum21 in Cologne\/Bonn; in 2005, in Oldenburg; in 2007, at the Museum for Contemporary Art in Isfahan, Iran; in 2009 at the Aaran Gallery in Teheran; and in 2010, at the Rocket Station on the island of Hombroich, Neuss, in 2018 she showed as in Iran a huge ceramic ensemble in the Kunstverein Leverkusen, Schloss Morsbroich e.V.<\/p>\n<p>Since then again, she has concentrated her artistic creativity on large-format drawings, which had already characterized her very early work. From the beginnings, her work and the accompanying artists\u2019 books have reflected her travel experiences in the variety strangeness of foreign components and foreign cultures as open-faced time. In 2010, she presented artists books at the Art and Museum Library Cologne \u201cHella Berent. TANK OF TIME. Thoughts Hallways Sensations Transition of Time. Artists Books 1977\u2013 2010\u201d; in 2012, \u201cHella Berent. Book Space TANK OF TIME. Artists Books 1977\u20132012\u201d at Stefan Schuelke Fine Art Books, Cologne, and in 2014, \u201dHella Berent. TIME CAPSULE. Artists Books 1977\u20132014\u201d at the County Library Oldenburg.<br \/>\nRecently in 2018 the bibliophile Artist Book HELLA BERENT \/ MIMMO GRASSO<br \/>\nDas Blut der Stadt \/ La citt\u00e0 dei Sangui got released by IL LABORATORIO\/le edizione NOLA\/NA<\/p>\n<p>Hella Berent has received guest lectureships in Hamburg, Geneva, Cairo, Dhaka, Trondheim, and two visiting professorships at the Summer Academy Salzburg, where she held lectures and readings.<br \/>\nBerent\u2019s diverse practice combines drawing and sculpture, installation, art book, photograph, film\/video. The central view on all aspects of life, of human existence directs her work, inspired by literature and philosophy, mythology and history. Her work reconsiders established systems of knowledge.<\/p>\n<p>Hella Berent lives and works in Cologne, Berlin and abroad.<\/p>\n<p><img decoding=\"async\" class=\"alignnone wp-image-2271 size-medium lazyload\" title=\"Cologne, June TWENTY TWENTY, Photo: Abbas Bagherzadeh\" data-src=\"https:\/\/www.hellaberent.de\/blog\/wp-content\/uploads\/2021\/02\/2020_HELLA_Portra\u0308t-300x186.jpeg\" alt=\"Cologne, June TWENTY TWENTY, Photo: Abbas Bagherzadeh\" width=\"300\" height=\"186\" data-srcset=\"https:\/\/www.hellaberent.de\/blog\/wp-content\/uploads\/2021\/02\/2020_HELLA_Portra\u0308t-300x186.jpeg 300w, https:\/\/www.hellaberent.de\/blog\/wp-content\/uploads\/2021\/02\/2020_HELLA_Portra\u0308t-1024x634.jpeg 1024w, https:\/\/www.hellaberent.de\/blog\/wp-content\/uploads\/2021\/02\/2020_HELLA_Portra\u0308t-768x476.jpeg 768w, https:\/\/www.hellaberent.de\/blog\/wp-content\/uploads\/2021\/02\/2020_HELLA_Portra\u0308t-904x560.jpeg 904w, https:\/\/www.hellaberent.de\/blog\/wp-content\/uploads\/2021\/02\/2020_HELLA_Portra\u0308t.jpeg 1280w\" data-sizes=\"(max-width: 300px) 100vw, 300px\" src=\"data:image\/svg+xml;base64,PHN2ZyB3aWR0aD0iMSIgaGVpZ2h0PSIxIiB4bWxucz0iaHR0cDovL3d3dy53My5vcmcvMjAwMC9zdmciPjwvc3ZnPg==\" style=\"--smush-placeholder-width: 300px; --smush-placeholder-aspect-ratio: 300\/186;\" \/><\/p>\n<p><a href=\"https:\/\/www.hellaberent.de\/blog\/biography\/cv-selected-2020\/\">CV short<\/a> \/ <a href=\"https:\/\/hellaberent.de\/2020_CV_full_HB.pdf\">CV (PDF Download)<\/a><\/p>\n","protected":false},"excerpt":{"rendered":"<p>Biography \/ Places * 1948 Thedinghausen near Bremen. Studies at the Hochschule f\u00fcr Bildende K\u00fcnste in Hamburg as well as at Hamburg University from 1968 until 1976. In 1977, she was a co-founder of K\u00fcnstlerhaus Hamburg, but left the city immediately afterwards and moved to Italy (DAAD Scholarship). In her first studio, the Limonaia of [&hellip;]<\/p>\n","protected":false},"author":3,"featured_media":0,"parent":0,"menu_order":0,"comment_status":"closed","ping_status":"closed","template":"","meta":{"footnotes":""},"class_list":["post-1452","page","type-page","status-publish","hentry"],"yoast_head":"<!-- This site is optimized with the Yoast SEO plugin v27.4 - https:\/\/yoast.com\/product\/yoast-seo-wordpress\/ -->\n<title>Biography - HELLA BERENT<\/title>\n<meta name=\"robots\" content=\"index, follow, max-snippet:-1, max-image-preview:large, max-video-preview:-1\" \/>\n<link rel=\"canonical\" href=\"https:\/\/www.hellaberent.de\/blog\/biography\/\" \/>\n<meta property=\"og:locale\" content=\"de_DE\" \/>\n<meta property=\"og:type\" content=\"article\" \/>\n<meta property=\"og:title\" content=\"Biography - HELLA BERENT\" \/>\n<meta property=\"og:description\" content=\"Biography \/ Places * 1948 Thedinghausen near Bremen. Studies at the Hochschule f\u00fcr Bildende K\u00fcnste in Hamburg as well as at Hamburg University from 1968 until 1976. In 1977, she was a co-founder of K\u00fcnstlerhaus Hamburg, but left the city immediately afterwards and moved to Italy (DAAD Scholarship). In her first studio, the Limonaia of [&hellip;]\" \/>\n<meta property=\"og:url\" content=\"https:\/\/www.hellaberent.de\/blog\/biography\/\" \/>\n<meta property=\"og:site_name\" content=\"HELLA BERENT\" \/>\n<meta property=\"article:modified_time\" content=\"2022-11-14T18:55:42+00:00\" \/>\n<meta name=\"twitter:card\" content=\"summary_large_image\" \/>\n<meta name=\"twitter:label1\" content=\"Gesch\u00e4tzte Lesezeit\" \/>\n\t<meta name=\"twitter:data1\" content=\"6\u00a0Minuten\" \/>\n<script type=\"application\/ld+json\" class=\"yoast-schema-graph\">{\"@context\":\"https:\\\/\\\/schema.org\",\"@graph\":[{\"@type\":\"WebPage\",\"@id\":\"https:\\\/\\\/www.hellaberent.de\\\/blog\\\/biography\\\/\",\"url\":\"https:\\\/\\\/www.hellaberent.de\\\/blog\\\/biography\\\/\",\"name\":\"Biography - HELLA BERENT\",\"isPartOf\":{\"@id\":\"https:\\\/\\\/www.hellaberent.de\\\/blog\\\/#website\"},\"datePublished\":\"2018-07-25T09:25:12+00:00\",\"dateModified\":\"2022-11-14T18:55:42+00:00\",\"breadcrumb\":{\"@id\":\"https:\\\/\\\/www.hellaberent.de\\\/blog\\\/biography\\\/#breadcrumb\"},\"inLanguage\":\"de\",\"potentialAction\":[{\"@type\":\"ReadAction\",\"target\":[\"https:\\\/\\\/www.hellaberent.de\\\/blog\\\/biography\\\/\"]}]},{\"@type\":\"BreadcrumbList\",\"@id\":\"https:\\\/\\\/www.hellaberent.de\\\/blog\\\/biography\\\/#breadcrumb\",\"itemListElement\":[{\"@type\":\"ListItem\",\"position\":1,\"name\":\"Startseite\",\"item\":\"https:\\\/\\\/www.hellaberent.de\\\/blog\\\/\"},{\"@type\":\"ListItem\",\"position\":2,\"name\":\"Biography\"}]},{\"@type\":\"WebSite\",\"@id\":\"https:\\\/\\\/www.hellaberent.de\\\/blog\\\/#website\",\"url\":\"https:\\\/\\\/www.hellaberent.de\\\/blog\\\/\",\"name\":\"Hella Berent\",\"description\":\"Extended Drawing = Sculpture = Space\",\"alternateName\":\"Hella Berent \u2013 Extended Drawing = Sculpture = Space\",\"potentialAction\":[{\"@type\":\"SearchAction\",\"target\":{\"@type\":\"EntryPoint\",\"urlTemplate\":\"https:\\\/\\\/www.hellaberent.de\\\/blog\\\/?s={search_term_string}\"},\"query-input\":{\"@type\":\"PropertyValueSpecification\",\"valueRequired\":true,\"valueName\":\"search_term_string\"}}],\"inLanguage\":\"de\"}]}<\/script>\n<!-- \/ Yoast SEO plugin. -->","yoast_head_json":{"title":"Biography - HELLA BERENT","robots":{"index":"index","follow":"follow","max-snippet":"max-snippet:-1","max-image-preview":"max-image-preview:large","max-video-preview":"max-video-preview:-1"},"canonical":"https:\/\/www.hellaberent.de\/blog\/biography\/","og_locale":"de_DE","og_type":"article","og_title":"Biography - HELLA BERENT","og_description":"Biography \/ Places * 1948 Thedinghausen near Bremen. Studies at the Hochschule f\u00fcr Bildende K\u00fcnste in Hamburg as well as at Hamburg University from 1968 until 1976. In 1977, she was a co-founder of K\u00fcnstlerhaus Hamburg, but left the city immediately afterwards and moved to Italy (DAAD Scholarship). In her first studio, the Limonaia of [&hellip;]","og_url":"https:\/\/www.hellaberent.de\/blog\/biography\/","og_site_name":"HELLA BERENT","article_modified_time":"2022-11-14T18:55:42+00:00","twitter_card":"summary_large_image","twitter_misc":{"Gesch\u00e4tzte Lesezeit":"6\u00a0Minuten"},"schema":{"@context":"https:\/\/schema.org","@graph":[{"@type":"WebPage","@id":"https:\/\/www.hellaberent.de\/blog\/biography\/","url":"https:\/\/www.hellaberent.de\/blog\/biography\/","name":"Biography - HELLA BERENT","isPartOf":{"@id":"https:\/\/www.hellaberent.de\/blog\/#website"},"datePublished":"2018-07-25T09:25:12+00:00","dateModified":"2022-11-14T18:55:42+00:00","breadcrumb":{"@id":"https:\/\/www.hellaberent.de\/blog\/biography\/#breadcrumb"},"inLanguage":"de","potentialAction":[{"@type":"ReadAction","target":["https:\/\/www.hellaberent.de\/blog\/biography\/"]}]},{"@type":"BreadcrumbList","@id":"https:\/\/www.hellaberent.de\/blog\/biography\/#breadcrumb","itemListElement":[{"@type":"ListItem","position":1,"name":"Startseite","item":"https:\/\/www.hellaberent.de\/blog\/"},{"@type":"ListItem","position":2,"name":"Biography"}]},{"@type":"WebSite","@id":"https:\/\/www.hellaberent.de\/blog\/#website","url":"https:\/\/www.hellaberent.de\/blog\/","name":"Hella Berent","description":"Extended Drawing = Sculpture = Space","alternateName":"Hella Berent \u2013 Extended Drawing = Sculpture = Space","potentialAction":[{"@type":"SearchAction","target":{"@type":"EntryPoint","urlTemplate":"https:\/\/www.hellaberent.de\/blog\/?s={search_term_string}"},"query-input":{"@type":"PropertyValueSpecification","valueRequired":true,"valueName":"search_term_string"}}],"inLanguage":"de"}]}},"_links":{"self":[{"href":"https:\/\/www.hellaberent.de\/blog\/wp-json\/wp\/v2\/pages\/1452","targetHints":{"allow":["GET"]}}],"collection":[{"href":"https:\/\/www.hellaberent.de\/blog\/wp-json\/wp\/v2\/pages"}],"about":[{"href":"https:\/\/www.hellaberent.de\/blog\/wp-json\/wp\/v2\/types\/page"}],"author":[{"embeddable":true,"href":"https:\/\/www.hellaberent.de\/blog\/wp-json\/wp\/v2\/users\/3"}],"replies":[{"embeddable":true,"href":"https:\/\/www.hellaberent.de\/blog\/wp-json\/wp\/v2\/comments?post=1452"}],"version-history":[{"count":38,"href":"https:\/\/www.hellaberent.de\/blog\/wp-json\/wp\/v2\/pages\/1452\/revisions"}],"predecessor-version":[{"id":2893,"href":"https:\/\/www.hellaberent.de\/blog\/wp-json\/wp\/v2\/pages\/1452\/revisions\/2893"}],"wp:attachment":[{"href":"https:\/\/www.hellaberent.de\/blog\/wp-json\/wp\/v2\/media?parent=1452"}],"curies":[{"name":"wp","href":"https:\/\/api.w.org\/{rel}","templated":true}]}}