{"id":1593,"date":"2018-08-14T11:27:23","date_gmt":"2018-08-14T09:27:23","guid":{"rendered":"http:\/\/www.hellaberent.de\/blog\/?page_id=1593"},"modified":"2020-12-22T14:59:58","modified_gmt":"2020-12-22T12:59:58","slug":"surface-deconstructed","status":"publish","type":"page","link":"https:\/\/www.hellaberent.de\/blog\/texts\/surface-deconstructed\/","title":{"rendered":"Text 5: HELLA BERENT \u2013 SURFACE deconstructed"},"content":{"rendered":"<p><center><img decoding=\"async\" class=\"wp-image-1728 lazyload\" data-src=\"https:\/\/www.hellaberent.de\/blog\/wp-content\/uploads\/2018\/08\/2007_PlakatSurface70x50_Druck_01.png\" alt=\"\" width=\"694\" height=\"501\" data-srcset=\"https:\/\/www.hellaberent.de\/blog\/wp-content\/uploads\/2018\/08\/2007_PlakatSurface70x50_Druck_01.png 1000w, https:\/\/www.hellaberent.de\/blog\/wp-content\/uploads\/2018\/08\/2007_PlakatSurface70x50_Druck_01-300x217.png 300w, https:\/\/www.hellaberent.de\/blog\/wp-content\/uploads\/2018\/08\/2007_PlakatSurface70x50_Druck_01-768x554.png 768w, https:\/\/www.hellaberent.de\/blog\/wp-content\/uploads\/2018\/08\/2007_PlakatSurface70x50_Druck_01-904x653.png 904w\" data-sizes=\"(max-width: 694px) 100vw, 694px\" src=\"data:image\/svg+xml;base64,PHN2ZyB3aWR0aD0iMSIgaGVpZ2h0PSIxIiB4bWxucz0iaHR0cDovL3d3dy53My5vcmcvMjAwMC9zdmciPjwvc3ZnPg==\" style=\"--smush-placeholder-width: 694px; --smush-placeholder-aspect-ratio: 694\/501;\" \/><\/center><br \/>\n&nbsp;<\/p>\n<p style=\"text-align: center;\">&#8222;<strong> SURFACE deconstructed &#8211; Hella Berent<\/strong> &#8220;<br \/>\n26.10. &#8211; 22.11.2007<br \/>\nMuseum of Contemporary Art, Isfahan, Iran<br \/>\nIntroduction: Director of the Museum, Isfahan<br \/>\nIntroduction: Mr. Walter, Botschaft BRD, Goethe Institute Teheran<br \/>\nInaugural Address: Drs. Koos de Jong, Director of the European Ceramic Workcentre, NL<\/p>\n<p>&nbsp;<\/p>\n<p><img decoding=\"async\" class=\"size-large wp-image-1594 aligncenter lazyload\" data-src=\"http:\/\/www.hellaberent.de\/blog\/wp-content\/uploads\/2018\/08\/HB_1999-2002_Watercolour_Lines-1024x597.jpg\" alt=\"\" width=\"904\" height=\"527\" data-srcset=\"https:\/\/www.hellaberent.de\/blog\/wp-content\/uploads\/2018\/08\/HB_1999-2002_Watercolour_Lines-1024x597.jpg 1024w, https:\/\/www.hellaberent.de\/blog\/wp-content\/uploads\/2018\/08\/HB_1999-2002_Watercolour_Lines-300x175.jpg 300w, https:\/\/www.hellaberent.de\/blog\/wp-content\/uploads\/2018\/08\/HB_1999-2002_Watercolour_Lines-768x447.jpg 768w, https:\/\/www.hellaberent.de\/blog\/wp-content\/uploads\/2018\/08\/HB_1999-2002_Watercolour_Lines-904x527.jpg 904w, https:\/\/www.hellaberent.de\/blog\/wp-content\/uploads\/2018\/08\/HB_1999-2002_Watercolour_Lines.jpg 1591w\" data-sizes=\"(max-width: 904px) 100vw, 904px\" src=\"data:image\/svg+xml;base64,PHN2ZyB3aWR0aD0iMSIgaGVpZ2h0PSIxIiB4bWxucz0iaHR0cDovL3d3dy53My5vcmcvMjAwMC9zdmciPjwvc3ZnPg==\" style=\"--smush-placeholder-width: 904px; --smush-placeholder-aspect-ratio: 904\/527;\" \/><\/p>\n<p style=\"text-align: center;\">TANDISART weekly, Nr.1066<br \/>\nwww.tandismarg.ir<\/p>\n<p style=\"text-align: center;\"><strong>POETISCHE REINHEIT <\/strong><br \/>\n<em>Vahid Shariffian<\/em><\/p>\n<p>Ein Blick auf die Zeichnungen von Hella Berent,<br \/>\nvorgestellt im Museum Zeitgen\u00f6ssischer Kunst in Isfahan, Iran<\/p>\n<p>In den vergangenen Jahren haben die Ausstellungen des Museums Zeitgen\u00f6ssischer Kunst besonders zur kulturellen Qualit\u00e4t der Stadt Isfahan beigetragen. Eine dieser hervorragenden Ausstellungen ist die der deutschen K\u00fcnstlerin Hella Berent.<\/p>\n<p>Beim Besuch der Ausstellung Surface deconstructed ber\u00fchrt fasziniert den Betrachter nicht nur der gesamte Aufbau der Installation sondern auch die Zeichnungen der K\u00fcnstlerin, die ich besonders hervorheben m\u00f6chte. In ihrer Einfachheit erinnern sie an japanische Haikus.<\/p>\n<p>Hella Berent, bei Bremen geboren, ist in Deutschland durch ihren eigenen, unverwechselbar poetischen Stil bekannt. Ihre Zeichnungen muten wie Poesie<br \/>\nder Natur an, so als erklinge ein feiner Ton und erzeuge eine subtile Energie.<br \/>\nDieser Klang der einfachen Linien l\u00e4sst im Betrachter eine Erinnerung an die Arbeiten der Minimalisten wie Piet Mondrian oder Barnett Newman anklingen. In ihren Arbeiten, insbesondere in den Zeichen-B\u00fcchern, f\u00fchrt uns die K\u00fcnstlerin nicht nur zur\u00fcck in die Natur, sondern sie nimmt uns Seite f\u00fcr Seite quasi als ihre Begleiter durch ihre Gedankenwelt mit auf eine Reise. Ihre einfachen aquarellierten Linien verkn\u00fcpfen sich dicht und farbig zu einem Teppich (Gabeh), einem ganz besonderen Gabeh, der die Erfahrung all ihrer Reisen in sich birgt.<\/p>\n<p>Hella Berent ist eine K\u00fcnstlerin mit tiefen Emotionen, deren Reinheit sich in all ihren Arbeiten entfalten. Ihre reduzierten Zeichnungen verweisen zwar auf Elemente der Minimalisten oder anderer \u201eIsmen\u201c, sind aber f\u00fcr Hella Berent ohne Bedeutung. Ihre Zeichnungen erscheinen mir wie eine Meditation der Natur, mit herk\u00f6mmlichen Themen besch\u00e4ftigt sie sich in den Zeichnungen nicht. Das zeichnerische Werk der 59-j\u00e4hrigen K\u00fcnstlerin verwebt in der Wiederholung einfacher Linien ein tiefes Wissen, eine f\u00fchlende Seele und Lebhaftigkeit miteinander, f\u00fchrt \u00fcber Material und Technik hinaus und vermeidet pedantische Genauigkeit.<br \/>\nDie Ausstellung pr\u00e4sentiert nicht nur die gerahmten Zeichnungen, sondern pr\u00e4sentiert auch ihre Zeichen-B\u00fccher, in denen sie mit den Besuchern Kontakt aufnimmt und sie mit nimmt auf ihre Reisen.<br \/>\nVielleicht k\u00f6nnen die Zeichnungen von Hella Berent nicht der Avantgarde zugeordnet werden. Ihre Zeichnungen sind eigenst\u00e4ndig und Zeugnisse eines tief geistigen Menschen.<\/p>\n<p><img decoding=\"async\" class=\"wp-image-1893 aligncenter lazyload\" data-src=\"https:\/\/www.hellaberent.de\/blog\/wp-content\/uploads\/2019\/07\/poetrein-text.jpg\" alt=\"\" width=\"940\" height=\"1299\" data-srcset=\"https:\/\/www.hellaberent.de\/blog\/wp-content\/uploads\/2019\/07\/poetrein-text.jpg 1257w, https:\/\/www.hellaberent.de\/blog\/wp-content\/uploads\/2019\/07\/poetrein-text-217x300.jpg 217w, https:\/\/www.hellaberent.de\/blog\/wp-content\/uploads\/2019\/07\/poetrein-text-768x1061.jpg 768w, https:\/\/www.hellaberent.de\/blog\/wp-content\/uploads\/2019\/07\/poetrein-text-741x1024.jpg 741w, https:\/\/www.hellaberent.de\/blog\/wp-content\/uploads\/2019\/07\/poetrein-text-654x904.jpg 654w\" data-sizes=\"(max-width: 940px) 100vw, 940px\" src=\"data:image\/svg+xml;base64,PHN2ZyB3aWR0aD0iMSIgaGVpZ2h0PSIxIiB4bWxucz0iaHR0cDovL3d3dy53My5vcmcvMjAwMC9zdmciPjwvc3ZnPg==\" style=\"--smush-placeholder-width: 940px; --smush-placeholder-aspect-ratio: 940\/1299;\" \/><\/p>\n","protected":false},"excerpt":{"rendered":"<p>&nbsp; &#8222; SURFACE deconstructed &#8211; Hella Berent &#8220; 26.10. &#8211; 22.11.2007 Museum of Contemporary Art, Isfahan, Iran Introduction: Director of the Museum, Isfahan Introduction: Mr. Walter, Botschaft BRD, Goethe Institute Teheran Inaugural Address: Drs. Koos de Jong, Director of the European Ceramic Workcentre, NL &nbsp; TANDISART weekly, Nr.1066 www.tandismarg.ir POETISCHE REINHEIT Vahid Shariffian Ein Blick [&hellip;]<\/p>\n","protected":false},"author":3,"featured_media":0,"parent":1546,"menu_order":0,"comment_status":"closed","ping_status":"closed","template":"","meta":{"footnotes":""},"class_list":["post-1593","page","type-page","status-publish","hentry"],"yoast_head":"<!-- This site is optimized with the Yoast SEO plugin v27.4 - https:\/\/yoast.com\/product\/yoast-seo-wordpress\/ -->\n<title>Text 5: HELLA BERENT \u2013 SURFACE deconstructed - HELLA BERENT<\/title>\n<meta name=\"robots\" content=\"index, follow, max-snippet:-1, max-image-preview:large, max-video-preview:-1\" \/>\n<link rel=\"canonical\" href=\"https:\/\/www.hellaberent.de\/blog\/texts\/surface-deconstructed\/\" \/>\n<meta property=\"og:locale\" content=\"de_DE\" \/>\n<meta property=\"og:type\" content=\"article\" \/>\n<meta property=\"og:title\" content=\"Text 5: HELLA BERENT \u2013 SURFACE deconstructed - HELLA BERENT\" \/>\n<meta property=\"og:description\" content=\"&nbsp; &#8222; SURFACE deconstructed &#8211; Hella Berent &#8220; 26.10. &#8211; 22.11.2007 Museum of Contemporary Art, Isfahan, Iran Introduction: Director of the Museum, Isfahan Introduction: Mr. Walter, Botschaft BRD, Goethe Institute Teheran Inaugural Address: Drs. Koos de Jong, Director of the European Ceramic Workcentre, NL &nbsp; TANDISART weekly, Nr.1066 www.tandismarg.ir POETISCHE REINHEIT Vahid Shariffian Ein Blick [&hellip;]\" \/>\n<meta property=\"og:url\" content=\"https:\/\/www.hellaberent.de\/blog\/texts\/surface-deconstructed\/\" \/>\n<meta property=\"og:site_name\" content=\"HELLA BERENT\" \/>\n<meta property=\"article:modified_time\" content=\"2020-12-22T12:59:58+00:00\" \/>\n<meta property=\"og:image\" content=\"https:\/\/www.hellaberent.de\/blog\/wp-content\/uploads\/2018\/08\/2007_PlakatSurface70x50_Druck_01.png\" \/>\n<meta name=\"twitter:card\" content=\"summary_large_image\" \/>\n<meta name=\"twitter:label1\" content=\"Gesch\u00e4tzte Lesezeit\" \/>\n\t<meta name=\"twitter:data1\" content=\"2\u00a0Minuten\" \/>\n<script type=\"application\/ld+json\" class=\"yoast-schema-graph\">{\"@context\":\"https:\\\/\\\/schema.org\",\"@graph\":[{\"@type\":\"WebPage\",\"@id\":\"https:\\\/\\\/www.hellaberent.de\\\/blog\\\/texts\\\/surface-deconstructed\\\/\",\"url\":\"https:\\\/\\\/www.hellaberent.de\\\/blog\\\/texts\\\/surface-deconstructed\\\/\",\"name\":\"Text 5: HELLA BERENT \u2013 SURFACE deconstructed - HELLA BERENT\",\"isPartOf\":{\"@id\":\"https:\\\/\\\/www.hellaberent.de\\\/blog\\\/#website\"},\"primaryImageOfPage\":{\"@id\":\"https:\\\/\\\/www.hellaberent.de\\\/blog\\\/texts\\\/surface-deconstructed\\\/#primaryimage\"},\"image\":{\"@id\":\"https:\\\/\\\/www.hellaberent.de\\\/blog\\\/texts\\\/surface-deconstructed\\\/#primaryimage\"},\"thumbnailUrl\":\"https:\\\/\\\/www.hellaberent.de\\\/blog\\\/wp-content\\\/uploads\\\/2018\\\/08\\\/2007_PlakatSurface70x50_Druck_01.png\",\"datePublished\":\"2018-08-14T09:27:23+00:00\",\"dateModified\":\"2020-12-22T12:59:58+00:00\",\"breadcrumb\":{\"@id\":\"https:\\\/\\\/www.hellaberent.de\\\/blog\\\/texts\\\/surface-deconstructed\\\/#breadcrumb\"},\"inLanguage\":\"de\",\"potentialAction\":[{\"@type\":\"ReadAction\",\"target\":[\"https:\\\/\\\/www.hellaberent.de\\\/blog\\\/texts\\\/surface-deconstructed\\\/\"]}]},{\"@type\":\"ImageObject\",\"inLanguage\":\"de\",\"@id\":\"https:\\\/\\\/www.hellaberent.de\\\/blog\\\/texts\\\/surface-deconstructed\\\/#primaryimage\",\"url\":\"https:\\\/\\\/www.hellaberent.de\\\/blog\\\/wp-content\\\/uploads\\\/2018\\\/08\\\/2007_PlakatSurface70x50_Druck_01.png\",\"contentUrl\":\"https:\\\/\\\/www.hellaberent.de\\\/blog\\\/wp-content\\\/uploads\\\/2018\\\/08\\\/2007_PlakatSurface70x50_Druck_01.png\",\"width\":1000,\"height\":722},{\"@type\":\"BreadcrumbList\",\"@id\":\"https:\\\/\\\/www.hellaberent.de\\\/blog\\\/texts\\\/surface-deconstructed\\\/#breadcrumb\",\"itemListElement\":[{\"@type\":\"ListItem\",\"position\":1,\"name\":\"Startseite\",\"item\":\"https:\\\/\\\/www.hellaberent.de\\\/blog\\\/\"},{\"@type\":\"ListItem\",\"position\":2,\"name\":\"Texts (Bibliography)\",\"item\":\"https:\\\/\\\/www.hellaberent.de\\\/blog\\\/texts\\\/\"},{\"@type\":\"ListItem\",\"position\":3,\"name\":\"Text 5: HELLA BERENT \u2013 SURFACE deconstructed\"}]},{\"@type\":\"WebSite\",\"@id\":\"https:\\\/\\\/www.hellaberent.de\\\/blog\\\/#website\",\"url\":\"https:\\\/\\\/www.hellaberent.de\\\/blog\\\/\",\"name\":\"Hella Berent\",\"description\":\"Extended Drawing = Sculpture = Space\",\"alternateName\":\"Hella Berent \u2013 Extended Drawing = Sculpture = Space\",\"potentialAction\":[{\"@type\":\"SearchAction\",\"target\":{\"@type\":\"EntryPoint\",\"urlTemplate\":\"https:\\\/\\\/www.hellaberent.de\\\/blog\\\/?s={search_term_string}\"},\"query-input\":{\"@type\":\"PropertyValueSpecification\",\"valueRequired\":true,\"valueName\":\"search_term_string\"}}],\"inLanguage\":\"de\"}]}<\/script>\n<!-- \/ Yoast SEO plugin. -->","yoast_head_json":{"title":"Text 5: HELLA BERENT \u2013 SURFACE deconstructed - HELLA BERENT","robots":{"index":"index","follow":"follow","max-snippet":"max-snippet:-1","max-image-preview":"max-image-preview:large","max-video-preview":"max-video-preview:-1"},"canonical":"https:\/\/www.hellaberent.de\/blog\/texts\/surface-deconstructed\/","og_locale":"de_DE","og_type":"article","og_title":"Text 5: HELLA BERENT \u2013 SURFACE deconstructed - HELLA BERENT","og_description":"&nbsp; &#8222; SURFACE deconstructed &#8211; Hella Berent &#8220; 26.10. &#8211; 22.11.2007 Museum of Contemporary Art, Isfahan, Iran Introduction: Director of the Museum, Isfahan Introduction: Mr. Walter, Botschaft BRD, Goethe Institute Teheran Inaugural Address: Drs. Koos de Jong, Director of the European Ceramic Workcentre, NL &nbsp; TANDISART weekly, Nr.1066 www.tandismarg.ir POETISCHE REINHEIT Vahid Shariffian Ein Blick [&hellip;]","og_url":"https:\/\/www.hellaberent.de\/blog\/texts\/surface-deconstructed\/","og_site_name":"HELLA BERENT","article_modified_time":"2020-12-22T12:59:58+00:00","og_image":[{"url":"https:\/\/www.hellaberent.de\/blog\/wp-content\/uploads\/2018\/08\/2007_PlakatSurface70x50_Druck_01.png","type":"","width":"","height":""}],"twitter_card":"summary_large_image","twitter_misc":{"Gesch\u00e4tzte Lesezeit":"2\u00a0Minuten"},"schema":{"@context":"https:\/\/schema.org","@graph":[{"@type":"WebPage","@id":"https:\/\/www.hellaberent.de\/blog\/texts\/surface-deconstructed\/","url":"https:\/\/www.hellaberent.de\/blog\/texts\/surface-deconstructed\/","name":"Text 5: HELLA BERENT \u2013 SURFACE deconstructed - HELLA BERENT","isPartOf":{"@id":"https:\/\/www.hellaberent.de\/blog\/#website"},"primaryImageOfPage":{"@id":"https:\/\/www.hellaberent.de\/blog\/texts\/surface-deconstructed\/#primaryimage"},"image":{"@id":"https:\/\/www.hellaberent.de\/blog\/texts\/surface-deconstructed\/#primaryimage"},"thumbnailUrl":"https:\/\/www.hellaberent.de\/blog\/wp-content\/uploads\/2018\/08\/2007_PlakatSurface70x50_Druck_01.png","datePublished":"2018-08-14T09:27:23+00:00","dateModified":"2020-12-22T12:59:58+00:00","breadcrumb":{"@id":"https:\/\/www.hellaberent.de\/blog\/texts\/surface-deconstructed\/#breadcrumb"},"inLanguage":"de","potentialAction":[{"@type":"ReadAction","target":["https:\/\/www.hellaberent.de\/blog\/texts\/surface-deconstructed\/"]}]},{"@type":"ImageObject","inLanguage":"de","@id":"https:\/\/www.hellaberent.de\/blog\/texts\/surface-deconstructed\/#primaryimage","url":"https:\/\/www.hellaberent.de\/blog\/wp-content\/uploads\/2018\/08\/2007_PlakatSurface70x50_Druck_01.png","contentUrl":"https:\/\/www.hellaberent.de\/blog\/wp-content\/uploads\/2018\/08\/2007_PlakatSurface70x50_Druck_01.png","width":1000,"height":722},{"@type":"BreadcrumbList","@id":"https:\/\/www.hellaberent.de\/blog\/texts\/surface-deconstructed\/#breadcrumb","itemListElement":[{"@type":"ListItem","position":1,"name":"Startseite","item":"https:\/\/www.hellaberent.de\/blog\/"},{"@type":"ListItem","position":2,"name":"Texts (Bibliography)","item":"https:\/\/www.hellaberent.de\/blog\/texts\/"},{"@type":"ListItem","position":3,"name":"Text 5: HELLA BERENT \u2013 SURFACE deconstructed"}]},{"@type":"WebSite","@id":"https:\/\/www.hellaberent.de\/blog\/#website","url":"https:\/\/www.hellaberent.de\/blog\/","name":"Hella Berent","description":"Extended Drawing = Sculpture = Space","alternateName":"Hella Berent \u2013 Extended Drawing = Sculpture = Space","potentialAction":[{"@type":"SearchAction","target":{"@type":"EntryPoint","urlTemplate":"https:\/\/www.hellaberent.de\/blog\/?s={search_term_string}"},"query-input":{"@type":"PropertyValueSpecification","valueRequired":true,"valueName":"search_term_string"}}],"inLanguage":"de"}]}},"_links":{"self":[{"href":"https:\/\/www.hellaberent.de\/blog\/wp-json\/wp\/v2\/pages\/1593","targetHints":{"allow":["GET"]}}],"collection":[{"href":"https:\/\/www.hellaberent.de\/blog\/wp-json\/wp\/v2\/pages"}],"about":[{"href":"https:\/\/www.hellaberent.de\/blog\/wp-json\/wp\/v2\/types\/page"}],"author":[{"embeddable":true,"href":"https:\/\/www.hellaberent.de\/blog\/wp-json\/wp\/v2\/users\/3"}],"replies":[{"embeddable":true,"href":"https:\/\/www.hellaberent.de\/blog\/wp-json\/wp\/v2\/comments?post=1593"}],"version-history":[{"count":10,"href":"https:\/\/www.hellaberent.de\/blog\/wp-json\/wp\/v2\/pages\/1593\/revisions"}],"predecessor-version":[{"id":2244,"href":"https:\/\/www.hellaberent.de\/blog\/wp-json\/wp\/v2\/pages\/1593\/revisions\/2244"}],"up":[{"embeddable":true,"href":"https:\/\/www.hellaberent.de\/blog\/wp-json\/wp\/v2\/pages\/1546"}],"wp:attachment":[{"href":"https:\/\/www.hellaberent.de\/blog\/wp-json\/wp\/v2\/media?parent=1593"}],"curies":[{"name":"wp","href":"https:\/\/api.w.org\/{rel}","templated":true}]}}