{"id":1603,"date":"2018-08-14T12:02:17","date_gmt":"2018-08-14T10:02:17","guid":{"rendered":"http:\/\/www.hellaberent.de\/blog\/?page_id=1603"},"modified":"2022-11-14T21:30:30","modified_gmt":"2022-11-14T19:30:30","slug":"hella-berent-2014-das-sonnenschwert","status":"publish","type":"page","link":"https:\/\/www.hellaberent.de\/blog\/hella-berent-2014-das-sonnenschwert\/","title":{"rendered":"Berlin &#8211; Das Sonnenschwert &#8211; Lykien &#8211; Ton Meeresrauschen &#8211; Video 7,31\u2019 Loop (2017)"},"content":{"rendered":"<div data-mode=\"normal\" data-oembed=\"1\" data-provider=\"youtube\" id=\"arve-youtube-0zeajk7er7s\" style=\"max-width:900px;\" class=\"arve\">\n<div class=\"arve-inner\">\n<div style=\"aspect-ratio:4\/3\" class=\"arve-embed arve-embed--has-aspect-ratio\">\n<div class=\"arve-ar\" style=\"padding-top:75.000000%\"><\/div>\n<p>\t\t\t<iframe allow=\"accelerometer &#039;none&#039;;autoplay &#039;none&#039;;bluetooth &#039;none&#039;;browsing-topics &#039;none&#039;;camera &#039;none&#039;;clipboard-read &#039;none&#039;;clipboard-write;display-capture &#039;none&#039;;encrypted-media &#039;none&#039;;gamepad &#039;none&#039;;geolocation &#039;none&#039;;gyroscope &#039;none&#039;;hid &#039;none&#039;;identity-credentials-get &#039;none&#039;;idle-detection &#039;none&#039;;keyboard-map &#039;none&#039;;local-fonts;magnetometer &#039;none&#039;;microphone &#039;none&#039;;midi &#039;none&#039;;otp-credentials &#039;none&#039;;payment &#039;none&#039;;picture-in-picture;publickey-credentials-create &#039;none&#039;;publickey-credentials-get &#039;none&#039;;screen-wake-lock &#039;none&#039;;serial &#039;none&#039;;summarizer &#039;none&#039;;sync-xhr;usb &#039;none&#039;;web-share;window-management &#039;none&#039;;xr-spatial-tracking &#039;none&#039;;\" allowfullscreen=\"\" class=\"arve-iframe fitvidsignore lazyload\" credentialless data-arve=\"arve-youtube-0zeajk7er7s\" data-lenis-prevent=\"\" data-src-no-ap=\"https:\/\/www.youtube-nocookie.com\/embed\/0ZEajK7ER7s?feature=oembed&amp;iv_load_policy=3&amp;modestbranding=1&amp;rel=0&amp;autohide=1&amp;playsinline=0&amp;autoplay=0\" frameborder=\"0\" height=\"675\" name=\"\" referrerpolicy=\"strict-origin-when-cross-origin\" sandbox=\"allow-scripts allow-same-origin allow-presentation allow-popups allow-popups-to-escape-sandbox\" scrolling=\"no\" data-src=\"https:\/\/www.youtube-nocookie.com\/embed\/0ZEajK7ER7s?feature=oembed&#038;iv_load_policy=3&#038;modestbranding=1&#038;rel=0&#038;autohide=1&#038;playsinline=0&#038;autoplay=0\" title=\"\" width=\"900\" src=\"data:image\/svg+xml;base64,PHN2ZyB3aWR0aD0iMSIgaGVpZ2h0PSIxIiB4bWxucz0iaHR0cDovL3d3dy53My5vcmcvMjAwMC9zdmciPjwvc3ZnPg==\" data-load-mode=\"1\"><\/iframe><\/p><\/div>\n<\/p><\/div>\n<p>\t<script type=\"application\/ld+json\">{\"@context\":\"http:\\\/\\\/schema.org\\\/\",\"@id\":\"https:\\\/\\\/www.hellaberent.de\\\/blog\\\/hella-berent-2014-das-sonnenschwert\\\/#arve-youtube-0zeajk7er7s\",\"type\":\"VideoObject\",\"embedURL\":\"https:\\\/\\\/www.youtube-nocookie.com\\\/embed\\\/0ZEajK7ER7s?feature=oembed&iv_load_policy=3&modestbranding=1&rel=0&autohide=1&playsinline=0&autoplay=0\"}<\/script><\/p>\n<\/div>\n<p>HELLA BERENT 2014 &#8211; DAS SONNENSCHWERT &#8211; Lykien &#8211; Ton Meeresrauschen &#8211; Video 7,31\u2019 Loop<\/p>\n<p><strong>HEIMAT ?<\/strong><br \/>\nProjektraum Deutscher K\u00fcnstlerbund<br \/>\n16.06. &#8211; 25.08.2017<br \/>\nConcept and Idea Annebarbe Kau<\/p>\n<p>Jochem Ahmann | Anna Anders | Matthias Beckmann | D\u00f6rte Behn | <strong>Hella Berent<\/strong> | Christine Biehler | Pedro Boese | Martin Brand | Ulrike Brand | Sabine Brand Scheffel | Silvia Klara Breitwieser | Costantino Ciervo | Madeleine Dietz | Nezaket Ekici | Susanne Fasbender | Ulrike Flaig | Helga Franz | Elfi E. Fr\u00f6hlich | Harald Gnade | Bernd Goering | Rainer G\u00f6r\u00df + Ania Rudolph | Wolf Nkole Helzle | Mario Hergueta | J\u00fcrgen Hille | Karin Hochstatter | Beate H\u00f6ing | Ralf Homann | Gabriele Horndasch | Nikola Irmer | Constantin Jaxy | Susanne Jung | Timo Kahlen | Katharina Karrenberg | Ulrike Kessl | Susanne Kessler | Peter Klemke | Doris von Klopotek | Ursula Kreutz | Stefan Kr\u00fcskemper + Mar\u00eda Linares + Kerstin Polzin | Ute Langanky | Ulrich Langenbach | Gregor Leschig | J\u00fcrgen Liefmann | Gerhard Mantz | Reiner Nachtwey | Klaus Noculak | Christina Paetsch | Katja Pudor | Kathrin Rabenort | Rona Rangsch | Bettina Rave | Anna Recker | REINIGUNGSGESELLSCHAFT | Corinna Rosteck | Gerda Schlembach | Inge Schmidt | Nicola Schrudde | Christine Schulz | Michael Seeling | Kerstin Seltmann | Zuzanna Skiba | Peter Stauder | Dietlinde Stengelin | Thomas Sterna | Roland Stratmann | Markus Strieder | Anja Teske | Myriam Thyes | Maria Vedder | Bernd V\u00f6lkle | Vor\u00e9 | Gudrun Wassermann | Herbert Wentscher | Julia Wenz | Carola Willbrand | Jost Wischnewski | beate maria w\u00f6rz | Isabel Zuber<\/p>\n<p><img decoding=\"async\" class=\"alignright size-full wp-image-1632 lazyload\" data-src=\"http:\/\/www.hellaberent.de\/blog\/wp-content\/uploads\/2018\/08\/Bildschirmfoto-2018-07-20-um-18.20.38.png\" alt=\"\" width=\"243\" height=\"206\" src=\"data:image\/svg+xml;base64,PHN2ZyB3aWR0aD0iMSIgaGVpZ2h0PSIxIiB4bWxucz0iaHR0cDovL3d3dy53My5vcmcvMjAwMC9zdmciPjwvc3ZnPg==\" style=\"--smush-placeholder-width: 243px; --smush-placeholder-aspect-ratio: 243\/206;\"><\/p>\n<p>Projektraum Deutscher K\u00fcnstlerbund<br \/>\nMarkgrafenstr. 67<br \/>\n10969 Berlin<\/p>\n<p><img decoding=\"async\" class=\"alignnone wp-image-1604 size-full lazyload\" data-src=\"http:\/\/www.hellaberent.de\/blog\/wp-content\/uploads\/2018\/08\/1.jpg\" alt=\"\" width=\"200\" height=\"50\" src=\"data:image\/svg+xml;base64,PHN2ZyB3aWR0aD0iMSIgaGVpZ2h0PSIxIiB4bWxucz0iaHR0cDovL3d3dy53My5vcmcvMjAwMC9zdmciPjwvc3ZnPg==\" style=\"--smush-placeholder-width: 200px; --smush-placeholder-aspect-ratio: 200\/50;\"><\/p>\n","protected":false},"excerpt":{"rendered":"<p>HELLA BERENT 2014 &#8211; DAS SONNENSCHWERT &#8211; Lykien &#8211; Ton Meeresrauschen &#8211; Video 7,31\u2019 Loop HEIMAT ? Projektraum Deutscher K\u00fcnstlerbund 16.06. &#8211; 25.08.2017 Concept and Idea Annebarbe Kau Jochem Ahmann | Anna Anders | Matthias Beckmann | D\u00f6rte Behn | Hella Berent | Christine Biehler | Pedro Boese | Martin Brand | Ulrike Brand | [&hellip;]<\/p>\n","protected":false},"author":3,"featured_media":0,"parent":0,"menu_order":0,"comment_status":"closed","ping_status":"closed","template":"","meta":{"footnotes":""},"class_list":["post-1603","page","type-page","status-publish","hentry"],"yoast_head":"<!-- This site is optimized with the Yoast SEO plugin v27.4 - https:\/\/yoast.com\/product\/yoast-seo-wordpress\/ -->\n<title>Berlin - Das Sonnenschwert - Lykien - Ton Meeresrauschen - Video 7,31\u2019 Loop (2017) - HELLA BERENT<\/title>\n<meta name=\"robots\" content=\"index, follow, max-snippet:-1, max-image-preview:large, max-video-preview:-1\" \/>\n<link rel=\"canonical\" href=\"https:\/\/www.hellaberent.de\/blog\/hella-berent-2014-das-sonnenschwert\/\" \/>\n<meta property=\"og:locale\" content=\"de_DE\" \/>\n<meta property=\"og:type\" content=\"article\" \/>\n<meta property=\"og:title\" content=\"Berlin - Das Sonnenschwert - Lykien - Ton Meeresrauschen - Video 7,31\u2019 Loop (2017) - HELLA BERENT\" \/>\n<meta property=\"og:description\" content=\"HELLA BERENT 2014 &#8211; DAS SONNENSCHWERT &#8211; Lykien &#8211; Ton Meeresrauschen &#8211; Video 7,31\u2019 Loop HEIMAT ? Projektraum Deutscher K\u00fcnstlerbund 16.06. &#8211; 25.08.2017 Concept and Idea Annebarbe Kau Jochem Ahmann | Anna Anders | Matthias Beckmann | D\u00f6rte Behn | Hella Berent | Christine Biehler | Pedro Boese | Martin Brand | Ulrike Brand | [&hellip;]\" \/>\n<meta property=\"og:url\" content=\"https:\/\/www.hellaberent.de\/blog\/hella-berent-2014-das-sonnenschwert\/\" \/>\n<meta property=\"og:site_name\" content=\"HELLA BERENT\" \/>\n<meta property=\"article:modified_time\" content=\"2022-11-14T19:30:30+00:00\" \/>\n<meta property=\"og:image\" content=\"http:\/\/www.hellaberent.de\/blog\/wp-content\/uploads\/2018\/08\/Bildschirmfoto-2018-07-20-um-18.20.38.png\" \/>\n<meta name=\"twitter:card\" content=\"summary_large_image\" \/>\n<meta name=\"twitter:label1\" content=\"Gesch\u00e4tzte Lesezeit\" \/>\n\t<meta name=\"twitter:data1\" content=\"2\u00a0Minuten\" \/>\n<script type=\"application\/ld+json\" class=\"yoast-schema-graph\">{\"@context\":\"https:\\\/\\\/schema.org\",\"@graph\":[{\"@type\":\"WebPage\",\"@id\":\"https:\\\/\\\/www.hellaberent.de\\\/blog\\\/hella-berent-2014-das-sonnenschwert\\\/\",\"url\":\"https:\\\/\\\/www.hellaberent.de\\\/blog\\\/hella-berent-2014-das-sonnenschwert\\\/\",\"name\":\"Berlin - Das Sonnenschwert - Lykien - Ton Meeresrauschen - Video 7,31\u2019 Loop (2017) - HELLA BERENT\",\"isPartOf\":{\"@id\":\"https:\\\/\\\/www.hellaberent.de\\\/blog\\\/#website\"},\"primaryImageOfPage\":{\"@id\":\"https:\\\/\\\/www.hellaberent.de\\\/blog\\\/hella-berent-2014-das-sonnenschwert\\\/#primaryimage\"},\"image\":{\"@id\":\"https:\\\/\\\/www.hellaberent.de\\\/blog\\\/hella-berent-2014-das-sonnenschwert\\\/#primaryimage\"},\"thumbnailUrl\":\"http:\\\/\\\/www.hellaberent.de\\\/blog\\\/wp-content\\\/uploads\\\/2018\\\/08\\\/Bildschirmfoto-2018-07-20-um-18.20.38.png\",\"datePublished\":\"2018-08-14T10:02:17+00:00\",\"dateModified\":\"2022-11-14T19:30:30+00:00\",\"breadcrumb\":{\"@id\":\"https:\\\/\\\/www.hellaberent.de\\\/blog\\\/hella-berent-2014-das-sonnenschwert\\\/#breadcrumb\"},\"inLanguage\":\"de\",\"potentialAction\":[{\"@type\":\"ReadAction\",\"target\":[\"https:\\\/\\\/www.hellaberent.de\\\/blog\\\/hella-berent-2014-das-sonnenschwert\\\/\"]}]},{\"@type\":\"ImageObject\",\"inLanguage\":\"de\",\"@id\":\"https:\\\/\\\/www.hellaberent.de\\\/blog\\\/hella-berent-2014-das-sonnenschwert\\\/#primaryimage\",\"url\":\"https:\\\/\\\/www.hellaberent.de\\\/blog\\\/wp-content\\\/uploads\\\/2018\\\/08\\\/Bildschirmfoto-2018-07-20-um-18.20.38.png\",\"contentUrl\":\"https:\\\/\\\/www.hellaberent.de\\\/blog\\\/wp-content\\\/uploads\\\/2018\\\/08\\\/Bildschirmfoto-2018-07-20-um-18.20.38.png\",\"width\":243,\"height\":206},{\"@type\":\"BreadcrumbList\",\"@id\":\"https:\\\/\\\/www.hellaberent.de\\\/blog\\\/hella-berent-2014-das-sonnenschwert\\\/#breadcrumb\",\"itemListElement\":[{\"@type\":\"ListItem\",\"position\":1,\"name\":\"Startseite\",\"item\":\"https:\\\/\\\/www.hellaberent.de\\\/blog\\\/\"},{\"@type\":\"ListItem\",\"position\":2,\"name\":\"Berlin &#8211; Das Sonnenschwert &#8211; Lykien &#8211; Ton Meeresrauschen &#8211; Video 7,31\u2019 Loop (2017)\"}]},{\"@type\":\"WebSite\",\"@id\":\"https:\\\/\\\/www.hellaberent.de\\\/blog\\\/#website\",\"url\":\"https:\\\/\\\/www.hellaberent.de\\\/blog\\\/\",\"name\":\"Hella Berent\",\"description\":\"Extended Drawing = Sculpture = Space\",\"alternateName\":\"Hella Berent \u2013 Extended Drawing = Sculpture = Space\",\"potentialAction\":[{\"@type\":\"SearchAction\",\"target\":{\"@type\":\"EntryPoint\",\"urlTemplate\":\"https:\\\/\\\/www.hellaberent.de\\\/blog\\\/?s={search_term_string}\"},\"query-input\":{\"@type\":\"PropertyValueSpecification\",\"valueRequired\":true,\"valueName\":\"search_term_string\"}}],\"inLanguage\":\"de\"}]}<\/script>\n<!-- \/ Yoast SEO plugin. -->","yoast_head_json":{"title":"Berlin - Das Sonnenschwert - Lykien - Ton Meeresrauschen - Video 7,31\u2019 Loop (2017) - HELLA BERENT","robots":{"index":"index","follow":"follow","max-snippet":"max-snippet:-1","max-image-preview":"max-image-preview:large","max-video-preview":"max-video-preview:-1"},"canonical":"https:\/\/www.hellaberent.de\/blog\/hella-berent-2014-das-sonnenschwert\/","og_locale":"de_DE","og_type":"article","og_title":"Berlin - Das Sonnenschwert - Lykien - Ton Meeresrauschen - Video 7,31\u2019 Loop (2017) - HELLA BERENT","og_description":"HELLA BERENT 2014 &#8211; DAS SONNENSCHWERT &#8211; Lykien &#8211; Ton Meeresrauschen &#8211; Video 7,31\u2019 Loop HEIMAT ? Projektraum Deutscher K\u00fcnstlerbund 16.06. &#8211; 25.08.2017 Concept and Idea Annebarbe Kau Jochem Ahmann | Anna Anders | Matthias Beckmann | D\u00f6rte Behn | Hella Berent | Christine Biehler | Pedro Boese | Martin Brand | Ulrike Brand | [&hellip;]","og_url":"https:\/\/www.hellaberent.de\/blog\/hella-berent-2014-das-sonnenschwert\/","og_site_name":"HELLA BERENT","article_modified_time":"2022-11-14T19:30:30+00:00","og_image":[{"url":"http:\/\/www.hellaberent.de\/blog\/wp-content\/uploads\/2018\/08\/Bildschirmfoto-2018-07-20-um-18.20.38.png","type":"","width":"","height":""}],"twitter_card":"summary_large_image","twitter_misc":{"Gesch\u00e4tzte Lesezeit":"2\u00a0Minuten"},"schema":{"@context":"https:\/\/schema.org","@graph":[{"@type":"WebPage","@id":"https:\/\/www.hellaberent.de\/blog\/hella-berent-2014-das-sonnenschwert\/","url":"https:\/\/www.hellaberent.de\/blog\/hella-berent-2014-das-sonnenschwert\/","name":"Berlin - Das Sonnenschwert - Lykien - Ton Meeresrauschen - Video 7,31\u2019 Loop (2017) - HELLA BERENT","isPartOf":{"@id":"https:\/\/www.hellaberent.de\/blog\/#website"},"primaryImageOfPage":{"@id":"https:\/\/www.hellaberent.de\/blog\/hella-berent-2014-das-sonnenschwert\/#primaryimage"},"image":{"@id":"https:\/\/www.hellaberent.de\/blog\/hella-berent-2014-das-sonnenschwert\/#primaryimage"},"thumbnailUrl":"http:\/\/www.hellaberent.de\/blog\/wp-content\/uploads\/2018\/08\/Bildschirmfoto-2018-07-20-um-18.20.38.png","datePublished":"2018-08-14T10:02:17+00:00","dateModified":"2022-11-14T19:30:30+00:00","breadcrumb":{"@id":"https:\/\/www.hellaberent.de\/blog\/hella-berent-2014-das-sonnenschwert\/#breadcrumb"},"inLanguage":"de","potentialAction":[{"@type":"ReadAction","target":["https:\/\/www.hellaberent.de\/blog\/hella-berent-2014-das-sonnenschwert\/"]}]},{"@type":"ImageObject","inLanguage":"de","@id":"https:\/\/www.hellaberent.de\/blog\/hella-berent-2014-das-sonnenschwert\/#primaryimage","url":"https:\/\/www.hellaberent.de\/blog\/wp-content\/uploads\/2018\/08\/Bildschirmfoto-2018-07-20-um-18.20.38.png","contentUrl":"https:\/\/www.hellaberent.de\/blog\/wp-content\/uploads\/2018\/08\/Bildschirmfoto-2018-07-20-um-18.20.38.png","width":243,"height":206},{"@type":"BreadcrumbList","@id":"https:\/\/www.hellaberent.de\/blog\/hella-berent-2014-das-sonnenschwert\/#breadcrumb","itemListElement":[{"@type":"ListItem","position":1,"name":"Startseite","item":"https:\/\/www.hellaberent.de\/blog\/"},{"@type":"ListItem","position":2,"name":"Berlin &#8211; Das Sonnenschwert &#8211; Lykien &#8211; Ton Meeresrauschen &#8211; Video 7,31\u2019 Loop (2017)"}]},{"@type":"WebSite","@id":"https:\/\/www.hellaberent.de\/blog\/#website","url":"https:\/\/www.hellaberent.de\/blog\/","name":"Hella Berent","description":"Extended Drawing = Sculpture = Space","alternateName":"Hella Berent \u2013 Extended Drawing = Sculpture = Space","potentialAction":[{"@type":"SearchAction","target":{"@type":"EntryPoint","urlTemplate":"https:\/\/www.hellaberent.de\/blog\/?s={search_term_string}"},"query-input":{"@type":"PropertyValueSpecification","valueRequired":true,"valueName":"search_term_string"}}],"inLanguage":"de"}]}},"_links":{"self":[{"href":"https:\/\/www.hellaberent.de\/blog\/wp-json\/wp\/v2\/pages\/1603","targetHints":{"allow":["GET"]}}],"collection":[{"href":"https:\/\/www.hellaberent.de\/blog\/wp-json\/wp\/v2\/pages"}],"about":[{"href":"https:\/\/www.hellaberent.de\/blog\/wp-json\/wp\/v2\/types\/page"}],"author":[{"embeddable":true,"href":"https:\/\/www.hellaberent.de\/blog\/wp-json\/wp\/v2\/users\/3"}],"replies":[{"embeddable":true,"href":"https:\/\/www.hellaberent.de\/blog\/wp-json\/wp\/v2\/comments?post=1603"}],"version-history":[{"count":7,"href":"https:\/\/www.hellaberent.de\/blog\/wp-json\/wp\/v2\/pages\/1603\/revisions"}],"predecessor-version":[{"id":2903,"href":"https:\/\/www.hellaberent.de\/blog\/wp-json\/wp\/v2\/pages\/1603\/revisions\/2903"}],"wp:attachment":[{"href":"https:\/\/www.hellaberent.de\/blog\/wp-json\/wp\/v2\/media?parent=1603"}],"curies":[{"name":"wp","href":"https:\/\/api.w.org\/{rel}","templated":true}]}}