{"id":1783,"date":"2018-09-24T15:55:56","date_gmt":"2018-09-24T13:55:56","guid":{"rendered":"https:\/\/www.hellaberent.de\/blog\/?page_id=1783"},"modified":"2018-09-24T16:03:39","modified_gmt":"2018-09-24T14:03:39","slug":"cologne-artistz-pub-international-no-7-unter-krahnenbaeumen-2018","status":"publish","type":"page","link":"https:\/\/www.hellaberent.de\/blog\/cologne-artistz-pub-international-no-7-unter-krahnenbaeumen-2018\/","title":{"rendered":"Cologne &#8211; ARTIST\u00b4z Pub International! (No. 7): \u201eUNTER KRAHNENB\u00c4UMEN\u201c 2018"},"content":{"rendered":"<p><img decoding=\"async\" class=\"size-large wp-image-1784 alignnone lazyload\" data-src=\"https:\/\/www.hellaberent.de\/blog\/wp-content\/uploads\/2018\/09\/UNTERRAHNENBAUMEN-689x1024.jpg\" alt=\"1\/4  KWAHSTAN - beyondthemountains -  H.B. 2007 Isfahan, Iran - Photograph 30 x 21 cm, 0,5 cm border\" title=\"1\/4  KWAHSTAN - beyondthemountains -  H.B. 2007 Isfahan, Iran - Photograph 30 x 21 cm, 0,5 cm border\" width=\"689\" height=\"1024\" data-srcset=\"https:\/\/www.hellaberent.de\/blog\/wp-content\/uploads\/2018\/09\/UNTERRAHNENBAUMEN-689x1024.jpg 689w, https:\/\/www.hellaberent.de\/blog\/wp-content\/uploads\/2018\/09\/UNTERRAHNENBAUMEN-202x300.jpg 202w, https:\/\/www.hellaberent.de\/blog\/wp-content\/uploads\/2018\/09\/UNTERRAHNENBAUMEN-768x1141.jpg 768w, https:\/\/www.hellaberent.de\/blog\/wp-content\/uploads\/2018\/09\/UNTERRAHNENBAUMEN-608x904.jpg 608w\" data-sizes=\"(max-width: 689px) 100vw, 689px\" src=\"data:image\/svg+xml;base64,PHN2ZyB3aWR0aD0iMSIgaGVpZ2h0PSIxIiB4bWxucz0iaHR0cDovL3d3dy53My5vcmcvMjAwMC9zdmciPjwvc3ZnPg==\" style=\"--smush-placeholder-width: 689px; --smush-placeholder-aspect-ratio: 689\/1024;\" \/><\/p>\n<p><strong><em>&gt;ARTIST\u00b4z Pub International! (No. 7): \u201eUNTER KRAHNENB\u00c4UMEN\u201c&lt; 2018<\/em><\/strong><br \/>\nCurated by Ralph Bageritz, Cologne, <a href=\"https:\/\/bageritz.com\/\" target=\"_blank\" rel=\"noopener\">www.bageritz.com <\/a><\/p>\n<p>The exhibition\/installation is dedicated to a particular spirit of &gt;K\u00dcNSTLER-BAR&lt;, a moment of remembrance, interacting with the aestetical &#8211; statements of about 30 artists.<\/p>\n<p>Boris Becker, <strong>Hella Berent<\/strong>, Joseph Beuys, Oliver Blum, Heiner Blumenthal, Rudolf Bonvie, Berit B\u00f6hm, Michael Buthe, Lisa Cieslik, Carl-Victor Dahmen, Frank Diersch, Piotr Dluzniewski, Georg Dokoupil, Achim Duchow, endart, Lutz Fritsch, General Idea, Tobias Gerber, Gibbs, Reinhold Gottwald, Blalla W. Hallmann, Al Hansen, Frank Herzog, Franz-Josef Heumannsk\u00e4mper, Volker Hildebrandt, Leiko Ikemura, Henrik Jacob, Gregor Kaluza, Benjamin Katz, Martin Kippenberger, J\u00fcrgen Klauke, Andreas Kopp, Joseph Kosuth, Volker Krein, Jenny L\u00f6bert, Yvette Mattern, Nora Lina Merten, Peter Moennig, Katrin Nalop, Henning Oppermann, Haralampi G. Oroschakoff, C.O. Paeffgen, Georg Polke, Sigmar Polke, Achim Riechers, Carli-b-Ritz, Andr\u00e9 Smits &amp; Monika Dahlberg, Andrea Stappert, Jo Schultheis, Wolfgang Schulz (John Chikago), Rusudan Tkemeladze, G\u00fcnter Tuzina, Timm Ulrichs, Kristiane Vajda, Cornel Wachter, Ai Weiwei, Miron Zownir<\/p>\n<p>Die Ausstellung wird stattfinden an einem kunsthistorisch wohl einmaligen Ort, fast im ehemaligen Atelier des \u201eStilpluralisten\u201c Sigmar Polke, im einstigen photographischen Umfeld des \u201eQuerdenkers\u201c Chargesheimer, unweit vom \u201eGasthaus L.Fritz\u201c Gruber, dem Photokina-Mitbegr\u00fcnder.<\/p>\n<p>Photoszene-Festival 21. &#8211; 30.9.2018 &#8211; Internationale Photoszene K\u00f6ln<\/p>\n<p>&nbsp;<\/p>\n","protected":false},"excerpt":{"rendered":"<p>&gt;ARTIST\u00b4z Pub International! (No. 7): \u201eUNTER KRAHNENB\u00c4UMEN\u201c&lt; 2018 Curated by Ralph Bageritz, Cologne, www.bageritz.com The exhibition\/installation is dedicated to a particular spirit of &gt;K\u00dcNSTLER-BAR&lt;, a moment of remembrance, interacting with the aestetical &#8211; statements of about 30 artists. Boris Becker, Hella Berent, Joseph Beuys, Oliver Blum, Heiner Blumenthal, Rudolf Bonvie, Berit B\u00f6hm, Michael Buthe, Lisa [&hellip;]<\/p>\n","protected":false},"author":3,"featured_media":0,"parent":0,"menu_order":0,"comment_status":"closed","ping_status":"closed","template":"","meta":{"footnotes":""},"class_list":["post-1783","page","type-page","status-publish","hentry"],"yoast_head":"<!-- This site is optimized with the Yoast SEO plugin v27.4 - https:\/\/yoast.com\/product\/yoast-seo-wordpress\/ -->\n<title>Cologne - ARTIST\u00b4z Pub International! (No. 7): \u201eUNTER KRAHNENB\u00c4UMEN\u201c 2018 - HELLA BERENT<\/title>\n<meta name=\"robots\" content=\"index, follow, max-snippet:-1, max-image-preview:large, max-video-preview:-1\" \/>\n<link rel=\"canonical\" href=\"https:\/\/www.hellaberent.de\/blog\/cologne-artistz-pub-international-no-7-unter-krahnenbaeumen-2018\/\" \/>\n<meta property=\"og:locale\" content=\"de_DE\" \/>\n<meta property=\"og:type\" content=\"article\" \/>\n<meta property=\"og:title\" content=\"Cologne - ARTIST\u00b4z Pub International! (No. 7): \u201eUNTER KRAHNENB\u00c4UMEN\u201c 2018 - HELLA BERENT\" \/>\n<meta property=\"og:description\" content=\"&gt;ARTIST\u00b4z Pub International! (No. 7): \u201eUNTER KRAHNENB\u00c4UMEN\u201c&lt; 2018 Curated by Ralph Bageritz, Cologne, www.bageritz.com The exhibition\/installation is dedicated to a particular spirit of &gt;K\u00dcNSTLER-BAR&lt;, a moment of remembrance, interacting with the aestetical &#8211; statements of about 30 artists. Boris Becker, Hella Berent, Joseph Beuys, Oliver Blum, Heiner Blumenthal, Rudolf Bonvie, Berit B\u00f6hm, Michael Buthe, Lisa [&hellip;]\" \/>\n<meta property=\"og:url\" content=\"https:\/\/www.hellaberent.de\/blog\/cologne-artistz-pub-international-no-7-unter-krahnenbaeumen-2018\/\" \/>\n<meta property=\"og:site_name\" content=\"HELLA BERENT\" \/>\n<meta property=\"article:modified_time\" content=\"2018-09-24T14:03:39+00:00\" \/>\n<meta property=\"og:image\" content=\"https:\/\/www.hellaberent.de\/blog\/wp-content\/uploads\/2018\/09\/UNTERRAHNENBAUMEN-689x1024.jpg\" \/>\n<meta name=\"twitter:card\" content=\"summary_large_image\" \/>\n<meta name=\"twitter:label1\" content=\"Gesch\u00e4tzte Lesezeit\" \/>\n\t<meta name=\"twitter:data1\" content=\"1\u00a0Minute\" \/>\n<script type=\"application\/ld+json\" class=\"yoast-schema-graph\">{\"@context\":\"https:\\\/\\\/schema.org\",\"@graph\":[{\"@type\":\"WebPage\",\"@id\":\"https:\\\/\\\/www.hellaberent.de\\\/blog\\\/cologne-artistz-pub-international-no-7-unter-krahnenbaeumen-2018\\\/\",\"url\":\"https:\\\/\\\/www.hellaberent.de\\\/blog\\\/cologne-artistz-pub-international-no-7-unter-krahnenbaeumen-2018\\\/\",\"name\":\"Cologne - ARTIST\u00b4z Pub International! (No. 7): \u201eUNTER KRAHNENB\u00c4UMEN\u201c 2018 - HELLA BERENT\",\"isPartOf\":{\"@id\":\"https:\\\/\\\/www.hellaberent.de\\\/blog\\\/#website\"},\"primaryImageOfPage\":{\"@id\":\"https:\\\/\\\/www.hellaberent.de\\\/blog\\\/cologne-artistz-pub-international-no-7-unter-krahnenbaeumen-2018\\\/#primaryimage\"},\"image\":{\"@id\":\"https:\\\/\\\/www.hellaberent.de\\\/blog\\\/cologne-artistz-pub-international-no-7-unter-krahnenbaeumen-2018\\\/#primaryimage\"},\"thumbnailUrl\":\"https:\\\/\\\/www.hellaberent.de\\\/blog\\\/wp-content\\\/uploads\\\/2018\\\/09\\\/UNTERRAHNENBAUMEN-689x1024.jpg\",\"datePublished\":\"2018-09-24T13:55:56+00:00\",\"dateModified\":\"2018-09-24T14:03:39+00:00\",\"breadcrumb\":{\"@id\":\"https:\\\/\\\/www.hellaberent.de\\\/blog\\\/cologne-artistz-pub-international-no-7-unter-krahnenbaeumen-2018\\\/#breadcrumb\"},\"inLanguage\":\"de\",\"potentialAction\":[{\"@type\":\"ReadAction\",\"target\":[\"https:\\\/\\\/www.hellaberent.de\\\/blog\\\/cologne-artistz-pub-international-no-7-unter-krahnenbaeumen-2018\\\/\"]}]},{\"@type\":\"ImageObject\",\"inLanguage\":\"de\",\"@id\":\"https:\\\/\\\/www.hellaberent.de\\\/blog\\\/cologne-artistz-pub-international-no-7-unter-krahnenbaeumen-2018\\\/#primaryimage\",\"url\":\"https:\\\/\\\/www.hellaberent.de\\\/blog\\\/wp-content\\\/uploads\\\/2018\\\/09\\\/UNTERRAHNENBAUMEN.jpg\",\"contentUrl\":\"https:\\\/\\\/www.hellaberent.de\\\/blog\\\/wp-content\\\/uploads\\\/2018\\\/09\\\/UNTERRAHNENBAUMEN.jpg\",\"width\":2338,\"height\":3475},{\"@type\":\"BreadcrumbList\",\"@id\":\"https:\\\/\\\/www.hellaberent.de\\\/blog\\\/cologne-artistz-pub-international-no-7-unter-krahnenbaeumen-2018\\\/#breadcrumb\",\"itemListElement\":[{\"@type\":\"ListItem\",\"position\":1,\"name\":\"Startseite\",\"item\":\"https:\\\/\\\/www.hellaberent.de\\\/blog\\\/\"},{\"@type\":\"ListItem\",\"position\":2,\"name\":\"Cologne &#8211; ARTIST\u00b4z Pub International! (No. 7): \u201eUNTER KRAHNENB\u00c4UMEN\u201c 2018\"}]},{\"@type\":\"WebSite\",\"@id\":\"https:\\\/\\\/www.hellaberent.de\\\/blog\\\/#website\",\"url\":\"https:\\\/\\\/www.hellaberent.de\\\/blog\\\/\",\"name\":\"Hella Berent\",\"description\":\"Extended Drawing = Sculpture = Space\",\"alternateName\":\"Hella Berent \u2013 Extended Drawing = Sculpture = Space\",\"potentialAction\":[{\"@type\":\"SearchAction\",\"target\":{\"@type\":\"EntryPoint\",\"urlTemplate\":\"https:\\\/\\\/www.hellaberent.de\\\/blog\\\/?s={search_term_string}\"},\"query-input\":{\"@type\":\"PropertyValueSpecification\",\"valueRequired\":true,\"valueName\":\"search_term_string\"}}],\"inLanguage\":\"de\"}]}<\/script>\n<!-- \/ Yoast SEO plugin. -->","yoast_head_json":{"title":"Cologne - ARTIST\u00b4z Pub International! (No. 7): \u201eUNTER KRAHNENB\u00c4UMEN\u201c 2018 - HELLA BERENT","robots":{"index":"index","follow":"follow","max-snippet":"max-snippet:-1","max-image-preview":"max-image-preview:large","max-video-preview":"max-video-preview:-1"},"canonical":"https:\/\/www.hellaberent.de\/blog\/cologne-artistz-pub-international-no-7-unter-krahnenbaeumen-2018\/","og_locale":"de_DE","og_type":"article","og_title":"Cologne - ARTIST\u00b4z Pub International! (No. 7): \u201eUNTER KRAHNENB\u00c4UMEN\u201c 2018 - HELLA BERENT","og_description":"&gt;ARTIST\u00b4z Pub International! (No. 7): \u201eUNTER KRAHNENB\u00c4UMEN\u201c&lt; 2018 Curated by Ralph Bageritz, Cologne, www.bageritz.com The exhibition\/installation is dedicated to a particular spirit of &gt;K\u00dcNSTLER-BAR&lt;, a moment of remembrance, interacting with the aestetical &#8211; statements of about 30 artists. Boris Becker, Hella Berent, Joseph Beuys, Oliver Blum, Heiner Blumenthal, Rudolf Bonvie, Berit B\u00f6hm, Michael Buthe, Lisa [&hellip;]","og_url":"https:\/\/www.hellaberent.de\/blog\/cologne-artistz-pub-international-no-7-unter-krahnenbaeumen-2018\/","og_site_name":"HELLA BERENT","article_modified_time":"2018-09-24T14:03:39+00:00","og_image":[{"url":"https:\/\/www.hellaberent.de\/blog\/wp-content\/uploads\/2018\/09\/UNTERRAHNENBAUMEN-689x1024.jpg","type":"","width":"","height":""}],"twitter_card":"summary_large_image","twitter_misc":{"Gesch\u00e4tzte Lesezeit":"1\u00a0Minute"},"schema":{"@context":"https:\/\/schema.org","@graph":[{"@type":"WebPage","@id":"https:\/\/www.hellaberent.de\/blog\/cologne-artistz-pub-international-no-7-unter-krahnenbaeumen-2018\/","url":"https:\/\/www.hellaberent.de\/blog\/cologne-artistz-pub-international-no-7-unter-krahnenbaeumen-2018\/","name":"Cologne - ARTIST\u00b4z Pub International! (No. 7): \u201eUNTER KRAHNENB\u00c4UMEN\u201c 2018 - HELLA BERENT","isPartOf":{"@id":"https:\/\/www.hellaberent.de\/blog\/#website"},"primaryImageOfPage":{"@id":"https:\/\/www.hellaberent.de\/blog\/cologne-artistz-pub-international-no-7-unter-krahnenbaeumen-2018\/#primaryimage"},"image":{"@id":"https:\/\/www.hellaberent.de\/blog\/cologne-artistz-pub-international-no-7-unter-krahnenbaeumen-2018\/#primaryimage"},"thumbnailUrl":"https:\/\/www.hellaberent.de\/blog\/wp-content\/uploads\/2018\/09\/UNTERRAHNENBAUMEN-689x1024.jpg","datePublished":"2018-09-24T13:55:56+00:00","dateModified":"2018-09-24T14:03:39+00:00","breadcrumb":{"@id":"https:\/\/www.hellaberent.de\/blog\/cologne-artistz-pub-international-no-7-unter-krahnenbaeumen-2018\/#breadcrumb"},"inLanguage":"de","potentialAction":[{"@type":"ReadAction","target":["https:\/\/www.hellaberent.de\/blog\/cologne-artistz-pub-international-no-7-unter-krahnenbaeumen-2018\/"]}]},{"@type":"ImageObject","inLanguage":"de","@id":"https:\/\/www.hellaberent.de\/blog\/cologne-artistz-pub-international-no-7-unter-krahnenbaeumen-2018\/#primaryimage","url":"https:\/\/www.hellaberent.de\/blog\/wp-content\/uploads\/2018\/09\/UNTERRAHNENBAUMEN.jpg","contentUrl":"https:\/\/www.hellaberent.de\/blog\/wp-content\/uploads\/2018\/09\/UNTERRAHNENBAUMEN.jpg","width":2338,"height":3475},{"@type":"BreadcrumbList","@id":"https:\/\/www.hellaberent.de\/blog\/cologne-artistz-pub-international-no-7-unter-krahnenbaeumen-2018\/#breadcrumb","itemListElement":[{"@type":"ListItem","position":1,"name":"Startseite","item":"https:\/\/www.hellaberent.de\/blog\/"},{"@type":"ListItem","position":2,"name":"Cologne &#8211; ARTIST\u00b4z Pub International! (No. 7): \u201eUNTER KRAHNENB\u00c4UMEN\u201c 2018"}]},{"@type":"WebSite","@id":"https:\/\/www.hellaberent.de\/blog\/#website","url":"https:\/\/www.hellaberent.de\/blog\/","name":"Hella Berent","description":"Extended Drawing = Sculpture = Space","alternateName":"Hella Berent \u2013 Extended Drawing = Sculpture = Space","potentialAction":[{"@type":"SearchAction","target":{"@type":"EntryPoint","urlTemplate":"https:\/\/www.hellaberent.de\/blog\/?s={search_term_string}"},"query-input":{"@type":"PropertyValueSpecification","valueRequired":true,"valueName":"search_term_string"}}],"inLanguage":"de"}]}},"_links":{"self":[{"href":"https:\/\/www.hellaberent.de\/blog\/wp-json\/wp\/v2\/pages\/1783","targetHints":{"allow":["GET"]}}],"collection":[{"href":"https:\/\/www.hellaberent.de\/blog\/wp-json\/wp\/v2\/pages"}],"about":[{"href":"https:\/\/www.hellaberent.de\/blog\/wp-json\/wp\/v2\/types\/page"}],"author":[{"embeddable":true,"href":"https:\/\/www.hellaberent.de\/blog\/wp-json\/wp\/v2\/users\/3"}],"replies":[{"embeddable":true,"href":"https:\/\/www.hellaberent.de\/blog\/wp-json\/wp\/v2\/comments?post=1783"}],"version-history":[{"count":4,"href":"https:\/\/www.hellaberent.de\/blog\/wp-json\/wp\/v2\/pages\/1783\/revisions"}],"predecessor-version":[{"id":1789,"href":"https:\/\/www.hellaberent.de\/blog\/wp-json\/wp\/v2\/pages\/1783\/revisions\/1789"}],"wp:attachment":[{"href":"https:\/\/www.hellaberent.de\/blog\/wp-json\/wp\/v2\/media?parent=1783"}],"curies":[{"name":"wp","href":"https:\/\/api.w.org\/{rel}","templated":true}]}}