{"id":1927,"date":"2019-08-01T04:43:26","date_gmt":"2019-08-01T02:43:26","guid":{"rendered":"https:\/\/www.hellaberent.de\/blog\/?page_id=1927"},"modified":"2025-05-14T11:41:18","modified_gmt":"2025-05-14T09:41:18","slug":"video-clips","status":"publish","type":"page","link":"https:\/\/www.hellaberent.de\/blog\/videos\/video-clips\/","title":{"rendered":"Video-Clips"},"content":{"rendered":"<h3>Videos<\/h3>\n<div data-mode=\"normal\" data-oembed=\"1\" data-provider=\"youtubelist\" id=\"arve-youtubelist-plfuhh9libukovq4mtmvfcyo5k8_j8ghfk\" style=\"max-width:900px;\" class=\"arve\">\n<div class=\"arve-inner\">\n<div style=\"aspect-ratio:500\/281\" class=\"arve-embed arve-embed--has-aspect-ratio\">\n<div class=\"arve-ar\" style=\"padding-top:56.200000%\"><\/div>\n<p>\t\t\t<iframe allow=\"accelerometer &#039;none&#039;;autoplay &#039;none&#039;;bluetooth &#039;none&#039;;browsing-topics &#039;none&#039;;camera &#039;none&#039;;clipboard-read &#039;none&#039;;clipboard-write;display-capture &#039;none&#039;;encrypted-media &#039;none&#039;;gamepad &#039;none&#039;;geolocation &#039;none&#039;;gyroscope &#039;none&#039;;hid &#039;none&#039;;identity-credentials-get &#039;none&#039;;idle-detection &#039;none&#039;;keyboard-map &#039;none&#039;;local-fonts;magnetometer &#039;none&#039;;microphone &#039;none&#039;;midi &#039;none&#039;;otp-credentials &#039;none&#039;;payment &#039;none&#039;;picture-in-picture;publickey-credentials-create &#039;none&#039;;publickey-credentials-get &#039;none&#039;;screen-wake-lock &#039;none&#039;;serial &#039;none&#039;;summarizer &#039;none&#039;;sync-xhr;usb &#039;none&#039;;web-share;window-management &#039;none&#039;;xr-spatial-tracking &#039;none&#039;;\" allowfullscreen=\"\" class=\"arve-iframe fitvidsignore lazyload\" credentialless data-arve=\"arve-youtubelist-plfuhh9libukovq4mtmvfcyo5k8_j8ghfk\" data-lenis-prevent=\"\" data-src-no-ap=\"https:\/\/www.youtube.com\/embed\/videoseries?list=PLFUhh9lIBuKovQ4MTMvfCYo5k8_j8gHfk&amp;iv_load_policy=3&amp;modestbranding=1&amp;rel=0&amp;autohide=1&amp;playsinline=0&amp;autoplay=0\" frameborder=\"0\" height=\"505.8\" name=\"\" referrerpolicy=\"strict-origin-when-cross-origin\" sandbox=\"allow-scripts allow-same-origin allow-presentation allow-popups allow-popups-to-escape-sandbox\" scrolling=\"no\" data-src=\"https:\/\/www.youtube.com\/embed\/videoseries?list=PLFUhh9lIBuKovQ4MTMvfCYo5k8_j8gHfk&#038;iv_load_policy=3&#038;modestbranding=1&#038;rel=0&#038;autohide=1&#038;playsinline=0&#038;autoplay=0\" title=\"\" width=\"900\" src=\"data:image\/svg+xml;base64,PHN2ZyB3aWR0aD0iMSIgaGVpZ2h0PSIxIiB4bWxucz0iaHR0cDovL3d3dy53My5vcmcvMjAwMC9zdmciPjwvc3ZnPg==\" data-load-mode=\"1\"><\/iframe><\/p><\/div>\n<\/p><\/div>\n<p>\t<script type=\"application\/ld+json\">{\"@context\":\"http:\\\/\\\/schema.org\\\/\",\"@id\":\"https:\\\/\\\/www.hellaberent.de\\\/blog\\\/videos\\\/video-clips\\\/#arve-youtubelist-plfuhh9libukovq4mtmvfcyo5k8_j8ghfk\",\"type\":\"VideoObject\",\"embedURL\":\"https:\\\/\\\/www.youtube.com\\\/embed\\\/videoseries?list=PLFUhh9lIBuKovQ4MTMvfCYo5k8_j8gHfk&iv_load_policy=3&modestbranding=1&rel=0&autohide=1&playsinline=0&autoplay=0\"}<\/script><\/p>\n<\/div>\n<p>&nbsp;<\/p>\n<p>&nbsp;<\/p>\n<p><strong>Der Sturm der Alpha Nacht<\/strong><\/p>\n<p>Dunkel ist es. Die Umgebung des Hauses liegt im Dunkeln. Die<br \/>\nUmgebung materialisiert sich schlagartig in der Nacht durch den<br \/>\nSturm, der seine Gegenwart entlang dem Abgrund in den Vordergrund<br \/>\ndr\u00e4ngt. Was nicht felsenfest ist, beginnt sich zu regen, sich zu drehen<br \/>\nund zu fliegen, ergie\u00dft sich schlagend singend in die Tr\u00e4nen schwarzer<br \/>\nMilch. Buchst\u00e4blich verk\u00f6rpert im Widerstand ger\u00e4t alles in eine zerzauste ger\u00e4uschvolle Reibung.<br \/>\nDie Abwesenheit von Ruhe zerrei\u00dft jeglichen Gedanken,<br \/>\nder K\u00f6rper f\u00fchlt sich geregelt in alle Winde.<br \/>\n<em>HB 2017<\/em><\/p>\n<p>2020 WIND WOMAN STONE I+II Books SouthKorea<br \/>\n6,51\u2019 Color<\/p>\n<p>2020 TIME UNDER INFLUENCE 1 \u2013 Allarme Metafisico<br \/>\n0,7\u2019 Color<\/p>\n<p>2019 LIGHT ON WATER East Sea, SouthKorea<br \/>\n0,21\u2019 Loop Color<\/p>\n<p>2019 LINING CLOUDS<br \/>\n0,23\u2019 Loop Color<\/p>\n<p>2019 Das Blut der Stadt \/ La citt\u00e0 dei sangui<br \/>\n2,06\u2019 Color<\/p>\n<p>2018 FORYEARS poser une question, Collage<br \/>\n7 \u2019 Color<\/p>\n<p>2018 FORYEARS DENTRO &#8211; poser une question, Collage.mp4<br \/>\n7,44&#8242; b\/w Color<\/p>\n<p>2017 L\u2019ALFA BETO EFFI MERO Greece.mp4<br \/>\n2,45\u2019 Color<\/p>\n<p>2016 Poetry Of Time I+II Books J.-L.Nancy<br \/>\n12,06\u2019 Color<br \/>\nDez. 2013 \u2013 Febr. 2016 Bangkok Myanmar T\u00fcrkei K\u00f6ln T\u00fcrkei<\/p>\n<p>2014 Das Sonnenschwert, Lycia T\u00fcrkei.mp4<br \/>\n7,32\u2019 Color<\/p>\n<p>2014 trailer BuchFilme<br \/>\n3.58&#8242; Color<\/p>\n<p>2014 FAR VIEW collected time<br \/>\n25,09\u2019 Color<\/p>\n<p>2012 FAR SIGHTEDNESS<br \/>\n9,48\u2019 Color<\/p>\n<p>2009 Disappearance and Comeback Teheran1 0,40\u2019<\/p>\n<p>2009 Disappearance Teheran2 0,38\u2019<\/p>\n<p>2007 SURFACE II Deconstucted T\u00fcrkei Iran.mp4<br \/>\n18,46&#8242; b\/w Color<\/p>\n<p>2005 39 Minuten Nordmeer<br \/>\n39\u2019 Color 1991 Paradox II K\u00f6ln.mp4<br \/>\n7\u2019 Color<\/p>\n<p>1984-1990 Mazara del Vallo Sizilien.mp4<br \/>\n9.33\u2019 b\/w Color 270,4\u2019 MB<\/p>\n<p>1982 &#8218;am Grad der Seele entlang\u2019 NYC<br \/>\n2nd Ave between 1st and 2nd<br \/>\nHella Berent, Wolfgang Woessner<br \/>\nAt the new hot spot, Red Bar, run by owner Ralf Mann<br \/>\nLost<\/p>\n<p>1978 Documentation<br \/>\nPerformance \u2018Selbsterhebung&#8216; Fried Rosenstock, Villa Romana, Florenz<br \/>\nCamera Hella Berent<br \/>\n15\u2019 Color, Super8 + Digital Copy<\/p>\n<p><img decoding=\"async\" class=\"alignnone wp-image-1737 lazyload\" data-src=\"https:\/\/www.hellaberent.de\/blog\/wp-content\/uploads\/2018\/08\/2005_39Nordmeer.jpg\" alt=\"\" width=\"545\" height=\"411\" data-srcset=\"https:\/\/www.hellaberent.de\/blog\/wp-content\/uploads\/2018\/08\/2005_39Nordmeer.jpg 1000w, https:\/\/www.hellaberent.de\/blog\/wp-content\/uploads\/2018\/08\/2005_39Nordmeer-300x227.jpg 300w, https:\/\/www.hellaberent.de\/blog\/wp-content\/uploads\/2018\/08\/2005_39Nordmeer-768x580.jpg 768w, https:\/\/www.hellaberent.de\/blog\/wp-content\/uploads\/2018\/08\/2005_39Nordmeer-904x683.jpg 904w\" data-sizes=\"(max-width: 545px) 100vw, 545px\" src=\"data:image\/svg+xml;base64,PHN2ZyB3aWR0aD0iMSIgaGVpZ2h0PSIxIiB4bWxucz0iaHR0cDovL3d3dy53My5vcmcvMjAwMC9zdmciPjwvc3ZnPg==\" style=\"--smush-placeholder-width: 545px; --smush-placeholder-aspect-ratio: 545\/411;\" \/><\/p>\n<p>&nbsp;<\/p>\n<hr>\n<h3>Super8 Film selection <\/h3>\n<p>SPULE #2 <strong>Florenz <\/strong>1979<br \/>\nFirenze, Via Senese, Fiume Arno<br \/>\nSound Grillenzirpen, Giardini di Boboli<br \/>\nCamera Hella Berent, Wolfgang Woessner, Cologne Vienna<br \/>\nSuper 8 1979 15\u2019<br \/>\nCut Behzad Beheshtipour, Hella Berent Cologne<br \/>\nSuper 8 1999 8\u2019<\/p>\n<p>SPULE #3 <strong>Gehen Wasser Eis<\/strong> 1979\/1980<br \/>\nRom, NorthGermany<br \/>\nCamera Hella Berent, Wolfgang Woessner, Cologne Vienna<br \/>\nSuper 8 14\u2019 b\/w, color<\/p>\n<p>SPULE #4 <strong>Das Schwarze Haus Black Body<\/strong> 1981<br \/>\nBroadway N.Y.C.<br \/>\nCamera Hella Berent<br \/>\nText Hella Berent 1981\/2005<br \/>\nCut Behzad Beheshtipour, Hella Berent Cologne<br \/>\nSuper 8 6\u2019<\/p>\n<p>SPULE #5 <strong>Caf\u00e9 Neion<\/strong> 1981\/1983<br \/>\nAthena, Angistrion<br \/>\nCamera Hella Berent<br \/>\nText 1983\/2005<br \/>\nCut Behzad Beheshtipour, Hella Berent Cologne<br \/>\nSuper 8 14\u2019 b\/w<\/p>\n<p>SPULE #6 <strong>Mein Vater<\/strong> 1979<br \/>\nSwitzerland, Cairo, Olevano Romano, River Nile, New England<br \/>\nSound Om Kalthoum \u2013 es\u2019 al rouhak<br \/>\nCamera Hella Berent, Wolfgang Woessner, Cologne Vienna<br \/>\nText 1979\/2005<br \/>\nCut Behzad Beheshtipour, Hella Berent Cologne<br \/>\nSuper 8 18\u2019 b\/w, color<\/p>\n<p>SPULE #8 <strong>I listen to you<\/strong> 1982<br \/>\nWorld Trade Center, N.Y.C.<br \/>\nCut Behzad Beheshtipour, Hella Berent Cologne<br \/>\nCamera Hella Berent<br \/>\nSound Wolfgang Woessner<br \/>\nCut Behzad Beheshtipour, Hella Berent Cologne<br \/>\nSuper8 15\u2019 b\/w<\/p>\n","protected":false},"excerpt":{"rendered":"<p>Videos &nbsp; &nbsp; Der Sturm der Alpha Nacht Dunkel ist es. Die Umgebung des Hauses liegt im Dunkeln. Die Umgebung materialisiert sich schlagartig in der Nacht durch den Sturm, der seine Gegenwart entlang dem Abgrund in den Vordergrund dr\u00e4ngt. Was nicht felsenfest ist, beginnt sich zu regen, sich zu drehen und zu fliegen, ergie\u00dft sich [&hellip;]<\/p>\n","protected":false},"author":3,"featured_media":0,"parent":1550,"menu_order":0,"comment_status":"closed","ping_status":"closed","template":"","meta":{"footnotes":""},"class_list":["post-1927","page","type-page","status-publish","hentry"],"yoast_head":"<!-- This site is optimized with the Yoast SEO plugin v27.4 - https:\/\/yoast.com\/product\/yoast-seo-wordpress\/ -->\n<title>Video-Clips - HELLA BERENT<\/title>\n<meta name=\"robots\" content=\"index, follow, max-snippet:-1, max-image-preview:large, max-video-preview:-1\" \/>\n<link rel=\"canonical\" href=\"https:\/\/www.hellaberent.de\/blog\/videos\/video-clips\/\" \/>\n<meta property=\"og:locale\" content=\"de_DE\" \/>\n<meta property=\"og:type\" content=\"article\" \/>\n<meta property=\"og:title\" content=\"Video-Clips - HELLA BERENT\" \/>\n<meta property=\"og:description\" content=\"Videos &nbsp; &nbsp; Der Sturm der Alpha Nacht Dunkel ist es. Die Umgebung des Hauses liegt im Dunkeln. Die Umgebung materialisiert sich schlagartig in der Nacht durch den Sturm, der seine Gegenwart entlang dem Abgrund in den Vordergrund dr\u00e4ngt. Was nicht felsenfest ist, beginnt sich zu regen, sich zu drehen und zu fliegen, ergie\u00dft sich [&hellip;]\" \/>\n<meta property=\"og:url\" content=\"https:\/\/www.hellaberent.de\/blog\/videos\/video-clips\/\" \/>\n<meta property=\"og:site_name\" content=\"HELLA BERENT\" \/>\n<meta property=\"article:modified_time\" content=\"2025-05-14T09:41:18+00:00\" \/>\n<meta property=\"og:image\" content=\"https:\/\/www.hellaberent.de\/blog\/wp-content\/uploads\/2018\/08\/2005_39Nordmeer.jpg\" \/>\n\t<meta property=\"og:image:width\" content=\"1000\" \/>\n\t<meta property=\"og:image:height\" content=\"755\" \/>\n\t<meta property=\"og:image:type\" content=\"image\/jpeg\" \/>\n<meta name=\"twitter:card\" content=\"summary_large_image\" \/>\n<meta name=\"twitter:label1\" content=\"Gesch\u00e4tzte Lesezeit\" \/>\n\t<meta name=\"twitter:data1\" content=\"3\u00a0Minuten\" \/>\n<script type=\"application\/ld+json\" class=\"yoast-schema-graph\">{\"@context\":\"https:\\\/\\\/schema.org\",\"@graph\":[{\"@type\":\"WebPage\",\"@id\":\"https:\\\/\\\/www.hellaberent.de\\\/blog\\\/videos\\\/video-clips\\\/\",\"url\":\"https:\\\/\\\/www.hellaberent.de\\\/blog\\\/videos\\\/video-clips\\\/\",\"name\":\"Video-Clips - HELLA BERENT\",\"isPartOf\":{\"@id\":\"https:\\\/\\\/www.hellaberent.de\\\/blog\\\/#website\"},\"primaryImageOfPage\":{\"@id\":\"https:\\\/\\\/www.hellaberent.de\\\/blog\\\/videos\\\/video-clips\\\/#primaryimage\"},\"image\":{\"@id\":\"https:\\\/\\\/www.hellaberent.de\\\/blog\\\/videos\\\/video-clips\\\/#primaryimage\"},\"thumbnailUrl\":\"https:\\\/\\\/www.hellaberent.de\\\/blog\\\/wp-content\\\/uploads\\\/2018\\\/08\\\/2005_39Nordmeer.jpg\",\"datePublished\":\"2019-08-01T02:43:26+00:00\",\"dateModified\":\"2025-05-14T09:41:18+00:00\",\"breadcrumb\":{\"@id\":\"https:\\\/\\\/www.hellaberent.de\\\/blog\\\/videos\\\/video-clips\\\/#breadcrumb\"},\"inLanguage\":\"de\",\"potentialAction\":[{\"@type\":\"ReadAction\",\"target\":[\"https:\\\/\\\/www.hellaberent.de\\\/blog\\\/videos\\\/video-clips\\\/\"]}]},{\"@type\":\"ImageObject\",\"inLanguage\":\"de\",\"@id\":\"https:\\\/\\\/www.hellaberent.de\\\/blog\\\/videos\\\/video-clips\\\/#primaryimage\",\"url\":\"https:\\\/\\\/www.hellaberent.de\\\/blog\\\/wp-content\\\/uploads\\\/2018\\\/08\\\/2005_39Nordmeer.jpg\",\"contentUrl\":\"https:\\\/\\\/www.hellaberent.de\\\/blog\\\/wp-content\\\/uploads\\\/2018\\\/08\\\/2005_39Nordmeer.jpg\",\"width\":1000,\"height\":755},{\"@type\":\"BreadcrumbList\",\"@id\":\"https:\\\/\\\/www.hellaberent.de\\\/blog\\\/videos\\\/video-clips\\\/#breadcrumb\",\"itemListElement\":[{\"@type\":\"ListItem\",\"position\":1,\"name\":\"Startseite\",\"item\":\"https:\\\/\\\/www.hellaberent.de\\\/blog\\\/\"},{\"@type\":\"ListItem\",\"position\":2,\"name\":\"Videos\",\"item\":\"https:\\\/\\\/www.hellaberent.de\\\/blog\\\/videos\\\/\"},{\"@type\":\"ListItem\",\"position\":3,\"name\":\"Video-Clips\"}]},{\"@type\":\"WebSite\",\"@id\":\"https:\\\/\\\/www.hellaberent.de\\\/blog\\\/#website\",\"url\":\"https:\\\/\\\/www.hellaberent.de\\\/blog\\\/\",\"name\":\"Hella Berent\",\"description\":\"Extended Drawing = Sculpture = Space\",\"alternateName\":\"Hella Berent \u2013 Extended Drawing = Sculpture = Space\",\"potentialAction\":[{\"@type\":\"SearchAction\",\"target\":{\"@type\":\"EntryPoint\",\"urlTemplate\":\"https:\\\/\\\/www.hellaberent.de\\\/blog\\\/?s={search_term_string}\"},\"query-input\":{\"@type\":\"PropertyValueSpecification\",\"valueRequired\":true,\"valueName\":\"search_term_string\"}}],\"inLanguage\":\"de\"}]}<\/script>\n<!-- \/ Yoast SEO plugin. -->","yoast_head_json":{"title":"Video-Clips - HELLA BERENT","robots":{"index":"index","follow":"follow","max-snippet":"max-snippet:-1","max-image-preview":"max-image-preview:large","max-video-preview":"max-video-preview:-1"},"canonical":"https:\/\/www.hellaberent.de\/blog\/videos\/video-clips\/","og_locale":"de_DE","og_type":"article","og_title":"Video-Clips - HELLA BERENT","og_description":"Videos &nbsp; &nbsp; Der Sturm der Alpha Nacht Dunkel ist es. Die Umgebung des Hauses liegt im Dunkeln. Die Umgebung materialisiert sich schlagartig in der Nacht durch den Sturm, der seine Gegenwart entlang dem Abgrund in den Vordergrund dr\u00e4ngt. Was nicht felsenfest ist, beginnt sich zu regen, sich zu drehen und zu fliegen, ergie\u00dft sich [&hellip;]","og_url":"https:\/\/www.hellaberent.de\/blog\/videos\/video-clips\/","og_site_name":"HELLA BERENT","article_modified_time":"2025-05-14T09:41:18+00:00","og_image":[{"width":1000,"height":755,"url":"https:\/\/www.hellaberent.de\/blog\/wp-content\/uploads\/2018\/08\/2005_39Nordmeer.jpg","type":"image\/jpeg"}],"twitter_card":"summary_large_image","twitter_misc":{"Gesch\u00e4tzte Lesezeit":"3\u00a0Minuten"},"schema":{"@context":"https:\/\/schema.org","@graph":[{"@type":"WebPage","@id":"https:\/\/www.hellaberent.de\/blog\/videos\/video-clips\/","url":"https:\/\/www.hellaberent.de\/blog\/videos\/video-clips\/","name":"Video-Clips - HELLA BERENT","isPartOf":{"@id":"https:\/\/www.hellaberent.de\/blog\/#website"},"primaryImageOfPage":{"@id":"https:\/\/www.hellaberent.de\/blog\/videos\/video-clips\/#primaryimage"},"image":{"@id":"https:\/\/www.hellaberent.de\/blog\/videos\/video-clips\/#primaryimage"},"thumbnailUrl":"https:\/\/www.hellaberent.de\/blog\/wp-content\/uploads\/2018\/08\/2005_39Nordmeer.jpg","datePublished":"2019-08-01T02:43:26+00:00","dateModified":"2025-05-14T09:41:18+00:00","breadcrumb":{"@id":"https:\/\/www.hellaberent.de\/blog\/videos\/video-clips\/#breadcrumb"},"inLanguage":"de","potentialAction":[{"@type":"ReadAction","target":["https:\/\/www.hellaberent.de\/blog\/videos\/video-clips\/"]}]},{"@type":"ImageObject","inLanguage":"de","@id":"https:\/\/www.hellaberent.de\/blog\/videos\/video-clips\/#primaryimage","url":"https:\/\/www.hellaberent.de\/blog\/wp-content\/uploads\/2018\/08\/2005_39Nordmeer.jpg","contentUrl":"https:\/\/www.hellaberent.de\/blog\/wp-content\/uploads\/2018\/08\/2005_39Nordmeer.jpg","width":1000,"height":755},{"@type":"BreadcrumbList","@id":"https:\/\/www.hellaberent.de\/blog\/videos\/video-clips\/#breadcrumb","itemListElement":[{"@type":"ListItem","position":1,"name":"Startseite","item":"https:\/\/www.hellaberent.de\/blog\/"},{"@type":"ListItem","position":2,"name":"Videos","item":"https:\/\/www.hellaberent.de\/blog\/videos\/"},{"@type":"ListItem","position":3,"name":"Video-Clips"}]},{"@type":"WebSite","@id":"https:\/\/www.hellaberent.de\/blog\/#website","url":"https:\/\/www.hellaberent.de\/blog\/","name":"Hella Berent","description":"Extended Drawing = Sculpture = Space","alternateName":"Hella Berent \u2013 Extended Drawing = Sculpture = Space","potentialAction":[{"@type":"SearchAction","target":{"@type":"EntryPoint","urlTemplate":"https:\/\/www.hellaberent.de\/blog\/?s={search_term_string}"},"query-input":{"@type":"PropertyValueSpecification","valueRequired":true,"valueName":"search_term_string"}}],"inLanguage":"de"}]}},"_links":{"self":[{"href":"https:\/\/www.hellaberent.de\/blog\/wp-json\/wp\/v2\/pages\/1927","targetHints":{"allow":["GET"]}}],"collection":[{"href":"https:\/\/www.hellaberent.de\/blog\/wp-json\/wp\/v2\/pages"}],"about":[{"href":"https:\/\/www.hellaberent.de\/blog\/wp-json\/wp\/v2\/types\/page"}],"author":[{"embeddable":true,"href":"https:\/\/www.hellaberent.de\/blog\/wp-json\/wp\/v2\/users\/3"}],"replies":[{"embeddable":true,"href":"https:\/\/www.hellaberent.de\/blog\/wp-json\/wp\/v2\/comments?post=1927"}],"version-history":[{"count":17,"href":"https:\/\/www.hellaberent.de\/blog\/wp-json\/wp\/v2\/pages\/1927\/revisions"}],"predecessor-version":[{"id":3213,"href":"https:\/\/www.hellaberent.de\/blog\/wp-json\/wp\/v2\/pages\/1927\/revisions\/3213"}],"up":[{"embeddable":true,"href":"https:\/\/www.hellaberent.de\/blog\/wp-json\/wp\/v2\/pages\/1550"}],"wp:attachment":[{"href":"https:\/\/www.hellaberent.de\/blog\/wp-json\/wp\/v2\/media?parent=1927"}],"curies":[{"name":"wp","href":"https:\/\/api.w.org\/{rel}","templated":true}]}}