{"id":2038,"date":"2020-03-05T10:48:38","date_gmt":"2020-03-05T08:48:38","guid":{"rendered":"https:\/\/www.hellaberent.de\/blog\/?page_id=2038"},"modified":"2020-12-22T15:07:49","modified_gmt":"2020-12-22T13:07:49","slug":"text-8-hella-berent-running-liquid-gedanken-ueber-die-linie","status":"publish","type":"page","link":"https:\/\/www.hellaberent.de\/blog\/texts\/text-8-hella-berent-running-liquid-gedanken-ueber-die-linie\/","title":{"rendered":"Text 8: HELLA BERENT \u2013 Running Liquid &#8211; Gedanken \u00fcber die Linie"},"content":{"rendered":"<p><img decoding=\"async\" class=\"aligncenter wp-image-2039 size-large lazyload\" data-src=\"https:\/\/www.hellaberent.de\/blog\/wp-content\/uploads\/2020\/03\/HB_1999_525_2Rote_23x332cm-790x1024.jpg\" alt=\"\" width=\"790\" height=\"1024\" data-srcset=\"https:\/\/www.hellaberent.de\/blog\/wp-content\/uploads\/2020\/03\/HB_1999_525_2Rote_23x332cm-790x1024.jpg 790w, https:\/\/www.hellaberent.de\/blog\/wp-content\/uploads\/2020\/03\/HB_1999_525_2Rote_23x332cm-231x300.jpg 231w, https:\/\/www.hellaberent.de\/blog\/wp-content\/uploads\/2020\/03\/HB_1999_525_2Rote_23x332cm-768x996.jpg 768w, https:\/\/www.hellaberent.de\/blog\/wp-content\/uploads\/2020\/03\/HB_1999_525_2Rote_23x332cm-697x904.jpg 697w, https:\/\/www.hellaberent.de\/blog\/wp-content\/uploads\/2020\/03\/HB_1999_525_2Rote_23x332cm.jpg 819w\" data-sizes=\"(max-width: 790px) 100vw, 790px\" src=\"data:image\/svg+xml;base64,PHN2ZyB3aWR0aD0iMSIgaGVpZ2h0PSIxIiB4bWxucz0iaHR0cDovL3d3dy53My5vcmcvMjAwMC9zdmciPjwvc3ZnPg==\" style=\"--smush-placeholder-width: 790px; --smush-placeholder-aspect-ratio: 790\/1024;\" \/><\/p>\n<p>&nbsp;<\/p>\n<p style=\"text-align: center;\"><strong>Running Liquid &#8211;\u00a0Gedanken \u00fcber die Linie<\/strong><\/p>\n<p style=\"text-align: center;\">Zu den Zeichnungen von Hella Berent<\/p>\n<p style=\"text-align: center;\">Ein Gespr\u00e4ch<\/p>\n<p style=\"text-align: center;\">Hella Berent und Ulrike Jagla-Blankenburg<\/p>\n<p>&nbsp;<\/p>\n<p>UJB:\u00a0\u00a0\u00a0 Liebe Hella, ist das Zeichnen eine manische Veranlagung?<\/p>\n<p>HB:\u00a0\u00a0\u00a0\u00a0 Ein Spieltrieb! Ich bin ein Spiel-Kalb und pure Neugierde treibt mich dabei an.<\/p>\n<p>UJB:\u00a0\u00a0\u00a0 Wir wollen \u00fcber deine neueren Arbeiten heute sprechen. Wenn man sich hier in deinem Atelier umschaut, gibt es ausschlie\u00dflich Zeichnungen, Skulpturen und nat\u00fcrlich deine B\u00fccher zu sehen.<\/p>\n<p>HB:\u00a0\u00a0\u00a0\u00a0 Ja, auf Leinwand arbeite ich selten. Das liegt wohl an meiner Liebe zum Papier. Ich habe fr\u00fcher auch eine zeitlang mit Papier auf Leinwand gearbeitet, so, wie ich aber auch gro\u00dfr\u00e4umige Installationen nur mit Zeichnungen aufgebaut habe <sup>1<\/sup>. Alles geht bei mir von der Zeichnung aus. Sie ist von je her mein Zentrum, oder sagen wir besser mein Anfang und mein Resultat \u2013 und dabei geschieht eben alles \u00fcber die Linie. Eine Linie zu ziehen, das ist ja ein existentieller Akt und f\u00fcr mich bedeutet es auch, sich man\u00f6vrierf\u00e4hig zu machen. Ich meine, eine Grenze zu markieren und sie damit gleichzeitig schon \u00fcberschritten zu haben. <em>Running Liquid<\/em> ist eine Grenze der nat\u00fcrlichen Bewegung, welche die Linie beherrscht.<\/p>\n<p>UJB:\u00a0\u00a0\u00a0 Du sagst <em>markieren<\/em> und <em>\u00fcberschreiten<\/em> &#8211; wann ist f\u00fcr dich eine Zeichnung pr\u00e4zise oder fertig gestellt?<\/p>\n<p>HB:\u00a0\u00a0\u00a0\u00a0 Das Wort <em>pr\u00e4zise<\/em> benutze ich selten. In der Kunst empfinde ich es eher als abwertend. Im Zustand des Sehens zeichne ich Linien, die sich bei mir nicht mehr vom Denken oder vom erkennenden Sehen her ableiten. Anschlie\u00dfend stellt sich dann eine Mischung aus Selbstbewusstheit und Wahrnehmungspr\u00e4zision beim Anschauen der Linien ein, wo sich im besten Falle ein Gef\u00fcge des <em>Nicht &#8211; Wiedererkennens<\/em> er\u00f6ffnet. Darin liegt vielleicht so etwas wie die Idee eines Ergebnisses, um auf deine Frage zu antworten. Ich schaue die gezogenen Linien immer wieder an, und wenn sie <em>neu<\/em> sind, wenn ich Elemente entdecke, die ich noch nicht kenne, die mir unbekannt erscheinen, wenn also diese Qualit\u00e4t vorliegt, dann bin ich einen Schritt weiter gekommen. Es ist das mir Unbekannte als Ergebnis in einer Arbeit, woran ich im n\u00e4chsten Blatt anschlie\u00dfen kann. Diese Wahrnehmungsebene, die ich immer wieder versuche anzustreben, steht f\u00fcr <em>Freisetzung <\/em>\u2013 Freisetzung zu etwas Neuem. Wenn also schon Pr\u00e4zision, dann im Sinne dieser frei gesetzten Offenheit, die mir die Freiheit garantiert, oder besser er\u00f6ffnet, weiter zu arbeiten.<\/p>\n<p>UJB:\u00a0\u00a0\u00a0 Warum lachst du jetzt?<\/p>\n<p>HB:\u00a0\u00a0\u00a0\u00a0 Ja, weil es f\u00fcr mich so ist, wie ich es gerade beschrieben habe &#8211; neues Blatt, neues Gl\u00fcck.<\/p>\n<p>UJB: Aber man hat diesen unleugbaren Hinterkopf, auch beim Zeichnen, beziehungsweise beim <em>Be<\/em> &#8211; Zeichnen der eigenen Anschauung.<\/p>\n<p>HB:\u00a0\u00a0\u00a0\u00a0 Ich denke, man muss auf jeden Fall sich selbst gegen\u00fcber ehrlich sein, denn jeder Strich stellt Wahrheit her. F\u00fcr mich bedeutet es, dass die Linie sich nicht direkt an Vorhandenes, beziehungsweise Gegenst\u00e4ndliches anbinden sollte. Anders gesagt: nicht Wissen, sondern Wahrheit sp\u00fcren.<\/p>\n<p>UJB:\u00a0\u00a0\u00a0 Die Entstehung einer Linie als absichtslose Idee?<\/p>\n<p>HB:\u00a0\u00a0\u00a0\u00a0 Ja, absolut.<\/p>\n<p>UJB:\u00a0\u00a0\u00a0 Das hei\u00dft, die Linie in der Zeichnung entkernt nach deinem Verst\u00e4ndnis die angebundene Kontur und schafft neue, eigene Verh\u00e4ltnisse?<\/p>\n<p>HB:\u00a0\u00a0\u00a0\u00a0 Ja, es geht um Schauen und Anschauung als ein sich st\u00e4ndig neu entwickelnder Fluss von Ursache und Wirkung, was einen steten Wandel und eine Ungebundenheit in sich birgt. Doch man gewinnt ja Freiheit nicht einfach so, f\u00fcr mich ist sie t\u00e4glich neu zu definieren, t\u00e4glich neu zu finden.<\/p>\n<p>UJB:\u00a0\u00a0\u00a0 Du sprichst von Wahrheit. Bereits seit D\u00fcrers Naturstudien wird die Linie in Bezug auf Wahrhaftigkeit beachtet &#8211; und bis heute bedeutet sie jedem K\u00fcnstler dann doch noch einmal etwas Spezielleres, etwas, das bis dahin vielleicht noch unausgesprochen blieb. Entspricht die gezogene Linie nicht auch der eigenen Spannung, im Sinne eines subjektiven und intimen Raum &#8211; Zeit &#8211; Gef\u00fcges ?<\/p>\n<p>HB:<em>\u00a0\u00a0\u00a0\u00a0 <\/em>Linie und Raum stehen wohl immer in gegenseitiger Abh\u00e4ngigkeit zueinander. Der Raum wird durch die Linie geschaffen \u2013 aber die Linie steht nat\u00fcrlich auch f\u00fcr sich allein. Nach meinem Verst\u00e4ndnis sehe ich sie vor allem in ihrer Bedeutung der F\u00fclle, und ich meine hiermit die F\u00fclle der Leere &#8211; dann haftet nichts mehr an, wie zum Beispiel geparkte Vorstellungen des Gehirns, alles ist erloschen, dann kann F\u00fclle unzerstreut, gesammelt, stabilisiert, wie eine geistige Energie, da sein. Es geht mir um das gegens\u00e4tzliche Prinzip von Dichte und Transparenz. Wenn sanfte Leichtigkeit und Dichte in einer Arbeit zusammen kommen, mag ich das sehr gern &#8211; wenn es dann aber im Prozess des Entstehens zu hermetisch wird, werfe ich es sofort weg. Weiterhin betrachte ich die Linie als <em>Zeit fassend<\/em>\u00a0 in abstrakter Ausdehnung. Und vor allem soll sie auch Atem sein \u2013 das ist mir wichtig. Das klingt seltsam, spricht aber nur das Unaussprechliche an.<\/p>\n<p><strong>\u00a0<\/strong>UJB:\u00a0\u00a0\u00a0 Wir sprechen hier also schon \u00fcber die Abstraktion in der Zeichnung?<\/p>\n<p>HB:\u00a0\u00a0\u00a0\u00a0 Es sind keine abstrakten Zeichnungen \u2013 meine Arbeiten sind zwar in ihrer Darstellung gegenstandslos, aber zugleich ist in ihnen Raum existent. Ich lasse das Perspektivische ganz fallen, obwohl man Perspektive dabei sehr wohl assoziieren kann \u2013 man kommt gar nicht umhin. In diesem oben schon angesprochenen Verh\u00e4ltnis von Dichte und Leere lagern sich unweigerlich Raumfolien ein, die ich selber auch erst sp\u00e4ter wahrnehme, und in dieser R\u00e4umlichkeit ertastet sozusagen die eigene r\u00e4umliche Erinnerung dann eine wie auch immer geartete Perspektive. Das sind sicherlich \u00dcbertragungen von Erfahrungen.<\/p>\n<p>UJB: Meinst du damit Raum &#8211; Erfahrungen?<\/p>\n<p>HB: Ja, damit meine ich aber auch eine Wahrnehmung von Raum, die nicht im euklidischen Sinne steht. Gemeint ist n\u00e4mlich ein Raum, der sich von den Wahrnehmungen der Sinne her visuell ableitet, aufbaut, auch vom eigenen K\u00f6rper &#8211; ein Empfindungsraum, der immer wieder zu mir selbst f\u00fchren kann. Ich denke, jeder erf\u00e4hrt von Zeit zu Zeit und vielleicht auch in \u00fcberraschenden Momenten existentieller Raum &#8211; Empfindungen. Bei mir geschah das zum Beispiel fr\u00fcher einmal in Indien sehr intensiv oder auch noch vor wenigen Jahren, 2009 in Isfahan im Iran, eben wenn ich in der Fremde bin. Ich stehe zum Beispiel in einer sandigen Stra\u00dfe, in unmittelbarer N\u00e4he zum Meer, vor einer Mauer, und \u00fcber die H\u00f6he dieser Mauer ragen die Zweige eines Baumes von der anderen Seite zu mir her\u00fcber, ich meine zu mir, als die, die sich in dem Moment als drau\u00dfen stehend betrachtet und empfindet \u2013 eine eindeutige Wahrnehmung. Ich gehe sodann in den Garten, werde eingeladen herein zu kommen, und nehme dort innen dieselbe Mauer als Wand, als Abgrenzung des Inneren wahr. Die Wechselwirkung der Wahrnehmung von Innen und Au\u00dfen fasziniert mich. Das, was au\u00dfen ist, ist als Au\u00dfen innen. Dazu habe ich in meinen Aufzeichnungen, die ich vor vielen Jahren in Indien abgefasst habe folgendes beschrieben:<\/p>\n<p style=\"padding-left: 40px;\">es ist das ewige Au\u00dfen das innen ist<br \/>\nder Innenraum ohne Dach<br \/>\nes sind nicht nur die B\u00e4ume<br \/>\nes ist der Himmel und die Zeit als wechselndes Licht<br \/>\njede Stimmung sammelt sich in ihnen<br \/>\nund sie geben Auskunft \u00fcber das was ist<br \/>\nsie sind das Ged\u00e4chtnis des Platzes<br \/>\nsie wandeln sich nicht und doch ist alles was war in ihnen<\/p>\n<p>Wenn ich das heute lese, ber\u00fchrt es mich noch immer, denn ebenso\u00a0 verh\u00e4lt es sich\u00a0 mit der Linie in meinen Zeichnungen. Zuvor f\u00fchrte ich eben genau das an, nur mit anderen Worten. Auf dem lebendigen Boden der Relativit\u00e4t die Bedeutungen ver\u00e4ndert sehen zu k\u00f6nnen \u2013 wenn dieser Sprung in der Linie sich mitteilt, dann ist Pause angesagt.<\/p>\n<p>UJB:\u00a0\u00a0\u00a0 In diesem Sinne bedanke ich mich jetzt sehr f\u00fcr das Gespr\u00e4ch.<\/p>\n<p>HB:\u00a0\u00a0\u00a0\u00a0 Ja, gerne.<\/p>\n<p><a href=\"https:\/\/www.hellaberent.de\/2013_InterviewRUNNING-LIQUID_UJB+HB.pdf\">PDF Download<\/a><\/p>\n<p>&nbsp;<\/p>\n<p><span style=\"font-size: 8pt;\">M\u00e4rz 2013, erschienen im Katalog <strong><em>Hella Berent<\/em><\/strong> <strong><em>Zeichnungen 2010 &#8211; 2013 <\/em><\/strong><\/span><br \/>\n<span style=\"font-size: 8pt;\">(Mit einem Text von Jean-Luc Nancy sowie einem Dialog zwischen Hella Berent und Ulrike Jagla-Blankenburg), Verlag Dietmar F\u00f6lbach, Koblenz<\/span><br \/>\n<span style=\"font-size: 8pt;\">(1) zum Beispiel: Rauminstallation \u201eupside down \u2013 Gef\u00fchlsst\u00fcrze oder die Grube des Wunderbaren\u201c 1983, Kunstforum Maximilianstrasse, St\u00e4dtische Galerie im Lenbachhaus, M\u00fcnchen;<\/span><br \/>\n<span style=\"font-size: 8pt;\">siehe Katalog: Hella Berent upside down \u2013 Gef\u00fchlsst\u00fcrze, New York City 22.11.1981 bis 28.11.1982<\/span><\/p>\n<p>&nbsp;<\/p>\n","protected":false},"excerpt":{"rendered":"<p>&nbsp; Running Liquid &#8211;\u00a0Gedanken \u00fcber die Linie Zu den Zeichnungen von Hella Berent Ein Gespr\u00e4ch Hella Berent und Ulrike Jagla-Blankenburg &nbsp; UJB:\u00a0\u00a0\u00a0 Liebe Hella, ist das Zeichnen eine manische Veranlagung? HB:\u00a0\u00a0\u00a0\u00a0 Ein Spieltrieb! Ich bin ein Spiel-Kalb und pure Neugierde treibt mich dabei an. UJB:\u00a0\u00a0\u00a0 Wir wollen \u00fcber deine neueren Arbeiten heute sprechen. Wenn man [&hellip;]<\/p>\n","protected":false},"author":3,"featured_media":0,"parent":1546,"menu_order":0,"comment_status":"closed","ping_status":"closed","template":"","meta":{"footnotes":""},"class_list":["post-2038","page","type-page","status-publish","hentry"],"yoast_head":"<!-- This site is optimized with the Yoast SEO plugin v27.4 - https:\/\/yoast.com\/product\/yoast-seo-wordpress\/ -->\n<title>Text 8: HELLA BERENT \u2013 Running Liquid - Gedanken \u00fcber die Linie - HELLA BERENT<\/title>\n<meta name=\"robots\" content=\"index, follow, max-snippet:-1, max-image-preview:large, max-video-preview:-1\" \/>\n<link rel=\"canonical\" href=\"https:\/\/www.hellaberent.de\/blog\/texts\/text-8-hella-berent-running-liquid-gedanken-ueber-die-linie\/\" \/>\n<meta property=\"og:locale\" content=\"de_DE\" \/>\n<meta property=\"og:type\" content=\"article\" \/>\n<meta property=\"og:title\" content=\"Text 8: HELLA BERENT \u2013 Running Liquid - Gedanken \u00fcber die Linie - HELLA BERENT\" \/>\n<meta property=\"og:description\" content=\"&nbsp; Running Liquid &#8211;\u00a0Gedanken \u00fcber die Linie Zu den Zeichnungen von Hella Berent Ein Gespr\u00e4ch Hella Berent und Ulrike Jagla-Blankenburg &nbsp; UJB:\u00a0\u00a0\u00a0 Liebe Hella, ist das Zeichnen eine manische Veranlagung? HB:\u00a0\u00a0\u00a0\u00a0 Ein Spieltrieb! Ich bin ein Spiel-Kalb und pure Neugierde treibt mich dabei an. UJB:\u00a0\u00a0\u00a0 Wir wollen \u00fcber deine neueren Arbeiten heute sprechen. Wenn man [&hellip;]\" \/>\n<meta property=\"og:url\" content=\"https:\/\/www.hellaberent.de\/blog\/texts\/text-8-hella-berent-running-liquid-gedanken-ueber-die-linie\/\" \/>\n<meta property=\"og:site_name\" content=\"HELLA BERENT\" \/>\n<meta property=\"article:modified_time\" content=\"2020-12-22T13:07:49+00:00\" \/>\n<meta property=\"og:image\" content=\"https:\/\/www.hellaberent.de\/blog\/wp-content\/uploads\/2020\/03\/HB_1999_525_2Rote_23x332cm-790x1024.jpg\" \/>\n<meta name=\"twitter:card\" content=\"summary_large_image\" \/>\n<meta name=\"twitter:label1\" content=\"Gesch\u00e4tzte Lesezeit\" \/>\n\t<meta name=\"twitter:data1\" content=\"7\u00a0Minuten\" \/>\n<script type=\"application\/ld+json\" class=\"yoast-schema-graph\">{\"@context\":\"https:\\\/\\\/schema.org\",\"@graph\":[{\"@type\":\"WebPage\",\"@id\":\"https:\\\/\\\/www.hellaberent.de\\\/blog\\\/texts\\\/text-8-hella-berent-running-liquid-gedanken-ueber-die-linie\\\/\",\"url\":\"https:\\\/\\\/www.hellaberent.de\\\/blog\\\/texts\\\/text-8-hella-berent-running-liquid-gedanken-ueber-die-linie\\\/\",\"name\":\"Text 8: HELLA BERENT \u2013 Running Liquid - Gedanken \u00fcber die Linie - HELLA BERENT\",\"isPartOf\":{\"@id\":\"https:\\\/\\\/www.hellaberent.de\\\/blog\\\/#website\"},\"primaryImageOfPage\":{\"@id\":\"https:\\\/\\\/www.hellaberent.de\\\/blog\\\/texts\\\/text-8-hella-berent-running-liquid-gedanken-ueber-die-linie\\\/#primaryimage\"},\"image\":{\"@id\":\"https:\\\/\\\/www.hellaberent.de\\\/blog\\\/texts\\\/text-8-hella-berent-running-liquid-gedanken-ueber-die-linie\\\/#primaryimage\"},\"thumbnailUrl\":\"https:\\\/\\\/www.hellaberent.de\\\/blog\\\/wp-content\\\/uploads\\\/2020\\\/03\\\/HB_1999_525_2Rote_23x332cm-790x1024.jpg\",\"datePublished\":\"2020-03-05T08:48:38+00:00\",\"dateModified\":\"2020-12-22T13:07:49+00:00\",\"breadcrumb\":{\"@id\":\"https:\\\/\\\/www.hellaberent.de\\\/blog\\\/texts\\\/text-8-hella-berent-running-liquid-gedanken-ueber-die-linie\\\/#breadcrumb\"},\"inLanguage\":\"de\",\"potentialAction\":[{\"@type\":\"ReadAction\",\"target\":[\"https:\\\/\\\/www.hellaberent.de\\\/blog\\\/texts\\\/text-8-hella-berent-running-liquid-gedanken-ueber-die-linie\\\/\"]}]},{\"@type\":\"ImageObject\",\"inLanguage\":\"de\",\"@id\":\"https:\\\/\\\/www.hellaberent.de\\\/blog\\\/texts\\\/text-8-hella-berent-running-liquid-gedanken-ueber-die-linie\\\/#primaryimage\",\"url\":\"https:\\\/\\\/www.hellaberent.de\\\/blog\\\/wp-content\\\/uploads\\\/2020\\\/03\\\/HB_1999_525_2Rote_23x332cm.jpg\",\"contentUrl\":\"https:\\\/\\\/www.hellaberent.de\\\/blog\\\/wp-content\\\/uploads\\\/2020\\\/03\\\/HB_1999_525_2Rote_23x332cm.jpg\",\"width\":819,\"height\":1062},{\"@type\":\"BreadcrumbList\",\"@id\":\"https:\\\/\\\/www.hellaberent.de\\\/blog\\\/texts\\\/text-8-hella-berent-running-liquid-gedanken-ueber-die-linie\\\/#breadcrumb\",\"itemListElement\":[{\"@type\":\"ListItem\",\"position\":1,\"name\":\"Startseite\",\"item\":\"https:\\\/\\\/www.hellaberent.de\\\/blog\\\/\"},{\"@type\":\"ListItem\",\"position\":2,\"name\":\"Texts (Bibliography)\",\"item\":\"https:\\\/\\\/www.hellaberent.de\\\/blog\\\/texts\\\/\"},{\"@type\":\"ListItem\",\"position\":3,\"name\":\"Text 8: HELLA BERENT \u2013 Running Liquid &#8211; Gedanken \u00fcber die Linie\"}]},{\"@type\":\"WebSite\",\"@id\":\"https:\\\/\\\/www.hellaberent.de\\\/blog\\\/#website\",\"url\":\"https:\\\/\\\/www.hellaberent.de\\\/blog\\\/\",\"name\":\"Hella Berent\",\"description\":\"Extended Drawing = Sculpture = Space\",\"alternateName\":\"Hella Berent \u2013 Extended Drawing = Sculpture = Space\",\"potentialAction\":[{\"@type\":\"SearchAction\",\"target\":{\"@type\":\"EntryPoint\",\"urlTemplate\":\"https:\\\/\\\/www.hellaberent.de\\\/blog\\\/?s={search_term_string}\"},\"query-input\":{\"@type\":\"PropertyValueSpecification\",\"valueRequired\":true,\"valueName\":\"search_term_string\"}}],\"inLanguage\":\"de\"}]}<\/script>\n<!-- \/ Yoast SEO plugin. -->","yoast_head_json":{"title":"Text 8: HELLA BERENT \u2013 Running Liquid - Gedanken \u00fcber die Linie - HELLA BERENT","robots":{"index":"index","follow":"follow","max-snippet":"max-snippet:-1","max-image-preview":"max-image-preview:large","max-video-preview":"max-video-preview:-1"},"canonical":"https:\/\/www.hellaberent.de\/blog\/texts\/text-8-hella-berent-running-liquid-gedanken-ueber-die-linie\/","og_locale":"de_DE","og_type":"article","og_title":"Text 8: HELLA BERENT \u2013 Running Liquid - Gedanken \u00fcber die Linie - HELLA BERENT","og_description":"&nbsp; Running Liquid &#8211;\u00a0Gedanken \u00fcber die Linie Zu den Zeichnungen von Hella Berent Ein Gespr\u00e4ch Hella Berent und Ulrike Jagla-Blankenburg &nbsp; UJB:\u00a0\u00a0\u00a0 Liebe Hella, ist das Zeichnen eine manische Veranlagung? HB:\u00a0\u00a0\u00a0\u00a0 Ein Spieltrieb! Ich bin ein Spiel-Kalb und pure Neugierde treibt mich dabei an. UJB:\u00a0\u00a0\u00a0 Wir wollen \u00fcber deine neueren Arbeiten heute sprechen. Wenn man [&hellip;]","og_url":"https:\/\/www.hellaberent.de\/blog\/texts\/text-8-hella-berent-running-liquid-gedanken-ueber-die-linie\/","og_site_name":"HELLA BERENT","article_modified_time":"2020-12-22T13:07:49+00:00","og_image":[{"url":"https:\/\/www.hellaberent.de\/blog\/wp-content\/uploads\/2020\/03\/HB_1999_525_2Rote_23x332cm-790x1024.jpg","type":"","width":"","height":""}],"twitter_card":"summary_large_image","twitter_misc":{"Gesch\u00e4tzte Lesezeit":"7\u00a0Minuten"},"schema":{"@context":"https:\/\/schema.org","@graph":[{"@type":"WebPage","@id":"https:\/\/www.hellaberent.de\/blog\/texts\/text-8-hella-berent-running-liquid-gedanken-ueber-die-linie\/","url":"https:\/\/www.hellaberent.de\/blog\/texts\/text-8-hella-berent-running-liquid-gedanken-ueber-die-linie\/","name":"Text 8: HELLA BERENT \u2013 Running Liquid - Gedanken \u00fcber die Linie - HELLA BERENT","isPartOf":{"@id":"https:\/\/www.hellaberent.de\/blog\/#website"},"primaryImageOfPage":{"@id":"https:\/\/www.hellaberent.de\/blog\/texts\/text-8-hella-berent-running-liquid-gedanken-ueber-die-linie\/#primaryimage"},"image":{"@id":"https:\/\/www.hellaberent.de\/blog\/texts\/text-8-hella-berent-running-liquid-gedanken-ueber-die-linie\/#primaryimage"},"thumbnailUrl":"https:\/\/www.hellaberent.de\/blog\/wp-content\/uploads\/2020\/03\/HB_1999_525_2Rote_23x332cm-790x1024.jpg","datePublished":"2020-03-05T08:48:38+00:00","dateModified":"2020-12-22T13:07:49+00:00","breadcrumb":{"@id":"https:\/\/www.hellaberent.de\/blog\/texts\/text-8-hella-berent-running-liquid-gedanken-ueber-die-linie\/#breadcrumb"},"inLanguage":"de","potentialAction":[{"@type":"ReadAction","target":["https:\/\/www.hellaberent.de\/blog\/texts\/text-8-hella-berent-running-liquid-gedanken-ueber-die-linie\/"]}]},{"@type":"ImageObject","inLanguage":"de","@id":"https:\/\/www.hellaberent.de\/blog\/texts\/text-8-hella-berent-running-liquid-gedanken-ueber-die-linie\/#primaryimage","url":"https:\/\/www.hellaberent.de\/blog\/wp-content\/uploads\/2020\/03\/HB_1999_525_2Rote_23x332cm.jpg","contentUrl":"https:\/\/www.hellaberent.de\/blog\/wp-content\/uploads\/2020\/03\/HB_1999_525_2Rote_23x332cm.jpg","width":819,"height":1062},{"@type":"BreadcrumbList","@id":"https:\/\/www.hellaberent.de\/blog\/texts\/text-8-hella-berent-running-liquid-gedanken-ueber-die-linie\/#breadcrumb","itemListElement":[{"@type":"ListItem","position":1,"name":"Startseite","item":"https:\/\/www.hellaberent.de\/blog\/"},{"@type":"ListItem","position":2,"name":"Texts (Bibliography)","item":"https:\/\/www.hellaberent.de\/blog\/texts\/"},{"@type":"ListItem","position":3,"name":"Text 8: HELLA BERENT \u2013 Running Liquid &#8211; Gedanken \u00fcber die Linie"}]},{"@type":"WebSite","@id":"https:\/\/www.hellaberent.de\/blog\/#website","url":"https:\/\/www.hellaberent.de\/blog\/","name":"Hella Berent","description":"Extended Drawing = Sculpture = Space","alternateName":"Hella Berent \u2013 Extended Drawing = Sculpture = Space","potentialAction":[{"@type":"SearchAction","target":{"@type":"EntryPoint","urlTemplate":"https:\/\/www.hellaberent.de\/blog\/?s={search_term_string}"},"query-input":{"@type":"PropertyValueSpecification","valueRequired":true,"valueName":"search_term_string"}}],"inLanguage":"de"}]}},"_links":{"self":[{"href":"https:\/\/www.hellaberent.de\/blog\/wp-json\/wp\/v2\/pages\/2038","targetHints":{"allow":["GET"]}}],"collection":[{"href":"https:\/\/www.hellaberent.de\/blog\/wp-json\/wp\/v2\/pages"}],"about":[{"href":"https:\/\/www.hellaberent.de\/blog\/wp-json\/wp\/v2\/types\/page"}],"author":[{"embeddable":true,"href":"https:\/\/www.hellaberent.de\/blog\/wp-json\/wp\/v2\/users\/3"}],"replies":[{"embeddable":true,"href":"https:\/\/www.hellaberent.de\/blog\/wp-json\/wp\/v2\/comments?post=2038"}],"version-history":[{"count":8,"href":"https:\/\/www.hellaberent.de\/blog\/wp-json\/wp\/v2\/pages\/2038\/revisions"}],"predecessor-version":[{"id":2247,"href":"https:\/\/www.hellaberent.de\/blog\/wp-json\/wp\/v2\/pages\/2038\/revisions\/2247"}],"up":[{"embeddable":true,"href":"https:\/\/www.hellaberent.de\/blog\/wp-json\/wp\/v2\/pages\/1546"}],"wp:attachment":[{"href":"https:\/\/www.hellaberent.de\/blog\/wp-json\/wp\/v2\/media?parent=2038"}],"curies":[{"name":"wp","href":"https:\/\/api.w.org\/{rel}","templated":true}]}}