{"id":458,"date":"2013-06-03T12:57:13","date_gmt":"2013-06-03T10:57:13","guid":{"rendered":"http:\/\/www.hellaberent.de\/blog\/?page_id=458"},"modified":"2018-07-25T18:06:23","modified_gmt":"2018-07-25T16:06:23","slug":"cologne-jagla","status":"publish","type":"page","link":"https:\/\/www.hellaberent.de\/blog\/archiv\/cologne-jagla\/","title":{"rendered":"Cologne &#8211; Animalisch &#038; Vegetativ (2013)"},"content":{"rendered":"<p><img decoding=\"async\" class=\"wp-image-656 alignnone lazyload\" title=\"KreuzWeise 2013 - Watercolor, gouache on hand-made paper, 30 x 43 cm\" data-src=\"http:\/\/www.hellaberent.de\/blog\/wp-content\/uploads\/2013\/06\/KreuzWeise-2013.jpg\" alt=\"\" width=\"520\" height=\"383\" data-srcset=\"https:\/\/www.hellaberent.de\/blog\/wp-content\/uploads\/2013\/06\/KreuzWeise-2013.jpg 524w, https:\/\/www.hellaberent.de\/blog\/wp-content\/uploads\/2013\/06\/KreuzWeise-2013-300x220.jpg 300w\" data-sizes=\"(max-width: 520px) 100vw, 520px\" src=\"data:image\/svg+xml;base64,PHN2ZyB3aWR0aD0iMSIgaGVpZ2h0PSIxIiB4bWxucz0iaHR0cDovL3d3dy53My5vcmcvMjAwMC9zdmciPjwvc3ZnPg==\" style=\"--smush-placeholder-width: 520px; --smush-placeholder-aspect-ratio: 520\/383;\" \/><\/p>\n<p><img decoding=\"async\" class=\"wp-image-460 alignnone lazyload\" title=\"WaldHalle II 2013 Gouache on Paper 34,5 x 45,5 cm\" data-src=\"http:\/\/www.hellaberent.de\/blog\/wp-content\/uploads\/2013\/06\/cologne_1.jpg\" alt=\"WaldHalle II 2013 Gouache on Paper 34,5 x 45,5 cm\" width=\"520\" height=\"417\" data-srcset=\"https:\/\/www.hellaberent.de\/blog\/wp-content\/uploads\/2013\/06\/cologne_1.jpg 898w, https:\/\/www.hellaberent.de\/blog\/wp-content\/uploads\/2013\/06\/cologne_1-300x240.jpg 300w\" data-sizes=\"(max-width: 520px) 100vw, 520px\" src=\"data:image\/svg+xml;base64,PHN2ZyB3aWR0aD0iMSIgaGVpZ2h0PSIxIiB4bWxucz0iaHR0cDovL3d3dy53My5vcmcvMjAwMC9zdmciPjwvc3ZnPg==\" style=\"--smush-placeholder-width: 520px; --smush-placeholder-aspect-ratio: 520\/417;\" \/><\/p>\n<p><img decoding=\"async\" class=\"wp-image-655 alignnone lazyload\" title=\"SYRIA AT THE SHORELINE III 2013 - Watercolor, gouache on Fabriano paper, 207 x 101 cm \/ It is not, what you think 2012 - Watercolor, gouache on Fabriano paper, 200 x 152 cm \/ sie m\u00fcssen schon ein Feuer entz\u00fcnden um die Liebe zu sp\u00fcren 2002 - .ekwc NL, ceramic sculpture, clay, glase, h 124 cm, \u00f8 50 cm\" data-src=\"http:\/\/www.hellaberent.de\/blog\/wp-content\/uploads\/2013\/06\/jaglaroom_2014.jpg\" alt=\"\" width=\"520\" height=\"788\" data-srcset=\"https:\/\/www.hellaberent.de\/blog\/wp-content\/uploads\/2013\/06\/jaglaroom_2014.jpg 462w, https:\/\/www.hellaberent.de\/blog\/wp-content\/uploads\/2013\/06\/jaglaroom_2014-198x300.jpg 198w\" data-sizes=\"(max-width: 520px) 100vw, 520px\" src=\"data:image\/svg+xml;base64,PHN2ZyB3aWR0aD0iMSIgaGVpZ2h0PSIxIiB4bWxucz0iaHR0cDovL3d3dy53My5vcmcvMjAwMC9zdmciPjwvc3ZnPg==\" style=\"--smush-placeholder-width: 520px; --smush-placeholder-aspect-ratio: 520\/788;\" \/><\/p>\n<p style=\"font-size: 9px; margin-top: -13px; text-align: right; padding-right: 400px;\">photographs by Guido Schiefer<\/p>\n<p>&nbsp;<\/p>\n<p style=\"margin-top: -20px;\"><strong><em>&#8220; Animalisch &amp; Vegetativ &#8222;<\/em> solo<\/strong><br \/>\nHella Berent, Theresa Reusch<br \/>\nCurated by Ulrike Jagla-Blankenburg and Susanne Neuerburg<br \/>\nScreenprint Edition: Gibraltar Kiss &#8211; online, Din A4<br \/>\n4.5. &#8211; 15.6.2013 <a title=\"www.jagla-ausstellungsraum.de\" href=\"http:\/\/www.jagla-ausstellungsraum.de\/\" target=\"_blank\" rel=\"noopener\">Jagla Ausstellungsraum, Cologne, Germany<\/a><\/p>\n<p>&nbsp;<\/p>\n","protected":false},"excerpt":{"rendered":"<p>photographs by Guido Schiefer &nbsp; &#8220; Animalisch &amp; Vegetativ &#8222; solo Hella Berent, Theresa Reusch Curated by Ulrike Jagla-Blankenburg and Susanne Neuerburg Screenprint Edition: Gibraltar Kiss &#8211; online, Din A4 4.5. &#8211; 15.6.2013 Jagla Ausstellungsraum, Cologne, Germany &nbsp;<\/p>\n","protected":false},"author":3,"featured_media":0,"parent":507,"menu_order":15,"comment_status":"closed","ping_status":"open","template":"","meta":{"footnotes":""},"class_list":["post-458","page","type-page","status-publish","hentry"],"yoast_head":"<!-- This site is optimized with the Yoast SEO plugin v27.4 - https:\/\/yoast.com\/product\/yoast-seo-wordpress\/ -->\n<title>Cologne - Animalisch &amp; Vegetativ (2013) - HELLA BERENT<\/title>\n<meta name=\"robots\" content=\"index, follow, max-snippet:-1, max-image-preview:large, max-video-preview:-1\" \/>\n<link rel=\"canonical\" href=\"https:\/\/www.hellaberent.de\/blog\/archiv\/cologne-jagla\/\" \/>\n<meta property=\"og:locale\" content=\"de_DE\" \/>\n<meta property=\"og:type\" content=\"article\" \/>\n<meta property=\"og:title\" content=\"Cologne - Animalisch &amp; Vegetativ (2013) - HELLA BERENT\" \/>\n<meta property=\"og:description\" content=\"photographs by Guido Schiefer &nbsp; &#8220; Animalisch &amp; Vegetativ &#8222; solo Hella Berent, Theresa Reusch Curated by Ulrike Jagla-Blankenburg and Susanne Neuerburg Screenprint Edition: Gibraltar Kiss &#8211; online, Din A4 4.5. &#8211; 15.6.2013 Jagla Ausstellungsraum, Cologne, Germany &nbsp;\" \/>\n<meta property=\"og:url\" content=\"https:\/\/www.hellaberent.de\/blog\/archiv\/cologne-jagla\/\" \/>\n<meta property=\"og:site_name\" content=\"HELLA BERENT\" \/>\n<meta property=\"article:modified_time\" content=\"2018-07-25T16:06:23+00:00\" \/>\n<meta property=\"og:image\" content=\"http:\/\/www.hellaberent.de\/blog\/wp-content\/uploads\/2013\/06\/KreuzWeise-2013.jpg\" \/>\n<meta name=\"twitter:card\" content=\"summary_large_image\" \/>\n<script type=\"application\/ld+json\" class=\"yoast-schema-graph\">{\"@context\":\"https:\\\/\\\/schema.org\",\"@graph\":[{\"@type\":\"WebPage\",\"@id\":\"https:\\\/\\\/www.hellaberent.de\\\/blog\\\/archiv\\\/cologne-jagla\\\/\",\"url\":\"https:\\\/\\\/www.hellaberent.de\\\/blog\\\/archiv\\\/cologne-jagla\\\/\",\"name\":\"Cologne - Animalisch & Vegetativ (2013) - HELLA BERENT\",\"isPartOf\":{\"@id\":\"https:\\\/\\\/www.hellaberent.de\\\/blog\\\/#website\"},\"primaryImageOfPage\":{\"@id\":\"https:\\\/\\\/www.hellaberent.de\\\/blog\\\/archiv\\\/cologne-jagla\\\/#primaryimage\"},\"image\":{\"@id\":\"https:\\\/\\\/www.hellaberent.de\\\/blog\\\/archiv\\\/cologne-jagla\\\/#primaryimage\"},\"thumbnailUrl\":\"http:\\\/\\\/www.hellaberent.de\\\/blog\\\/wp-content\\\/uploads\\\/2013\\\/06\\\/KreuzWeise-2013.jpg\",\"datePublished\":\"2013-06-03T10:57:13+00:00\",\"dateModified\":\"2018-07-25T16:06:23+00:00\",\"breadcrumb\":{\"@id\":\"https:\\\/\\\/www.hellaberent.de\\\/blog\\\/archiv\\\/cologne-jagla\\\/#breadcrumb\"},\"inLanguage\":\"de\",\"potentialAction\":[{\"@type\":\"ReadAction\",\"target\":[\"https:\\\/\\\/www.hellaberent.de\\\/blog\\\/archiv\\\/cologne-jagla\\\/\"]}]},{\"@type\":\"ImageObject\",\"inLanguage\":\"de\",\"@id\":\"https:\\\/\\\/www.hellaberent.de\\\/blog\\\/archiv\\\/cologne-jagla\\\/#primaryimage\",\"url\":\"https:\\\/\\\/www.hellaberent.de\\\/blog\\\/wp-content\\\/uploads\\\/2013\\\/06\\\/KreuzWeise-2013.jpg\",\"contentUrl\":\"https:\\\/\\\/www.hellaberent.de\\\/blog\\\/wp-content\\\/uploads\\\/2013\\\/06\\\/KreuzWeise-2013.jpg\",\"width\":\"524\",\"height\":\"386\"},{\"@type\":\"BreadcrumbList\",\"@id\":\"https:\\\/\\\/www.hellaberent.de\\\/blog\\\/archiv\\\/cologne-jagla\\\/#breadcrumb\",\"itemListElement\":[{\"@type\":\"ListItem\",\"position\":1,\"name\":\"Startseite\",\"item\":\"https:\\\/\\\/www.hellaberent.de\\\/blog\\\/\"},{\"@type\":\"ListItem\",\"position\":2,\"name\":\"Ausstellungsarchiv (\u00dcbersicht)\",\"item\":\"https:\\\/\\\/www.hellaberent.de\\\/blog\\\/archiv\\\/\"},{\"@type\":\"ListItem\",\"position\":3,\"name\":\"Cologne &#8211; Animalisch &#038; Vegetativ (2013)\"}]},{\"@type\":\"WebSite\",\"@id\":\"https:\\\/\\\/www.hellaberent.de\\\/blog\\\/#website\",\"url\":\"https:\\\/\\\/www.hellaberent.de\\\/blog\\\/\",\"name\":\"Hella Berent\",\"description\":\"Extended Drawing = Sculpture = Space\",\"alternateName\":\"Hella Berent \u2013 Extended Drawing = Sculpture = Space\",\"potentialAction\":[{\"@type\":\"SearchAction\",\"target\":{\"@type\":\"EntryPoint\",\"urlTemplate\":\"https:\\\/\\\/www.hellaberent.de\\\/blog\\\/?s={search_term_string}\"},\"query-input\":{\"@type\":\"PropertyValueSpecification\",\"valueRequired\":true,\"valueName\":\"search_term_string\"}}],\"inLanguage\":\"de\"}]}<\/script>\n<!-- \/ Yoast SEO plugin. -->","yoast_head_json":{"title":"Cologne - Animalisch & Vegetativ (2013) - HELLA BERENT","robots":{"index":"index","follow":"follow","max-snippet":"max-snippet:-1","max-image-preview":"max-image-preview:large","max-video-preview":"max-video-preview:-1"},"canonical":"https:\/\/www.hellaberent.de\/blog\/archiv\/cologne-jagla\/","og_locale":"de_DE","og_type":"article","og_title":"Cologne - Animalisch & Vegetativ (2013) - HELLA BERENT","og_description":"photographs by Guido Schiefer &nbsp; &#8220; Animalisch &amp; Vegetativ &#8222; solo Hella Berent, Theresa Reusch Curated by Ulrike Jagla-Blankenburg and Susanne Neuerburg Screenprint Edition: Gibraltar Kiss &#8211; online, Din A4 4.5. &#8211; 15.6.2013 Jagla Ausstellungsraum, Cologne, Germany &nbsp;","og_url":"https:\/\/www.hellaberent.de\/blog\/archiv\/cologne-jagla\/","og_site_name":"HELLA BERENT","article_modified_time":"2018-07-25T16:06:23+00:00","og_image":[{"url":"http:\/\/www.hellaberent.de\/blog\/wp-content\/uploads\/2013\/06\/KreuzWeise-2013.jpg","type":"","width":"","height":""}],"twitter_card":"summary_large_image","schema":{"@context":"https:\/\/schema.org","@graph":[{"@type":"WebPage","@id":"https:\/\/www.hellaberent.de\/blog\/archiv\/cologne-jagla\/","url":"https:\/\/www.hellaberent.de\/blog\/archiv\/cologne-jagla\/","name":"Cologne - Animalisch & Vegetativ (2013) - HELLA BERENT","isPartOf":{"@id":"https:\/\/www.hellaberent.de\/blog\/#website"},"primaryImageOfPage":{"@id":"https:\/\/www.hellaberent.de\/blog\/archiv\/cologne-jagla\/#primaryimage"},"image":{"@id":"https:\/\/www.hellaberent.de\/blog\/archiv\/cologne-jagla\/#primaryimage"},"thumbnailUrl":"http:\/\/www.hellaberent.de\/blog\/wp-content\/uploads\/2013\/06\/KreuzWeise-2013.jpg","datePublished":"2013-06-03T10:57:13+00:00","dateModified":"2018-07-25T16:06:23+00:00","breadcrumb":{"@id":"https:\/\/www.hellaberent.de\/blog\/archiv\/cologne-jagla\/#breadcrumb"},"inLanguage":"de","potentialAction":[{"@type":"ReadAction","target":["https:\/\/www.hellaberent.de\/blog\/archiv\/cologne-jagla\/"]}]},{"@type":"ImageObject","inLanguage":"de","@id":"https:\/\/www.hellaberent.de\/blog\/archiv\/cologne-jagla\/#primaryimage","url":"https:\/\/www.hellaberent.de\/blog\/wp-content\/uploads\/2013\/06\/KreuzWeise-2013.jpg","contentUrl":"https:\/\/www.hellaberent.de\/blog\/wp-content\/uploads\/2013\/06\/KreuzWeise-2013.jpg","width":"524","height":"386"},{"@type":"BreadcrumbList","@id":"https:\/\/www.hellaberent.de\/blog\/archiv\/cologne-jagla\/#breadcrumb","itemListElement":[{"@type":"ListItem","position":1,"name":"Startseite","item":"https:\/\/www.hellaberent.de\/blog\/"},{"@type":"ListItem","position":2,"name":"Ausstellungsarchiv (\u00dcbersicht)","item":"https:\/\/www.hellaberent.de\/blog\/archiv\/"},{"@type":"ListItem","position":3,"name":"Cologne &#8211; Animalisch &#038; Vegetativ (2013)"}]},{"@type":"WebSite","@id":"https:\/\/www.hellaberent.de\/blog\/#website","url":"https:\/\/www.hellaberent.de\/blog\/","name":"Hella Berent","description":"Extended Drawing = Sculpture = Space","alternateName":"Hella Berent \u2013 Extended Drawing = Sculpture = Space","potentialAction":[{"@type":"SearchAction","target":{"@type":"EntryPoint","urlTemplate":"https:\/\/www.hellaberent.de\/blog\/?s={search_term_string}"},"query-input":{"@type":"PropertyValueSpecification","valueRequired":true,"valueName":"search_term_string"}}],"inLanguage":"de"}]}},"_links":{"self":[{"href":"https:\/\/www.hellaberent.de\/blog\/wp-json\/wp\/v2\/pages\/458","targetHints":{"allow":["GET"]}}],"collection":[{"href":"https:\/\/www.hellaberent.de\/blog\/wp-json\/wp\/v2\/pages"}],"about":[{"href":"https:\/\/www.hellaberent.de\/blog\/wp-json\/wp\/v2\/types\/page"}],"author":[{"embeddable":true,"href":"https:\/\/www.hellaberent.de\/blog\/wp-json\/wp\/v2\/users\/3"}],"replies":[{"embeddable":true,"href":"https:\/\/www.hellaberent.de\/blog\/wp-json\/wp\/v2\/comments?post=458"}],"version-history":[{"count":35,"href":"https:\/\/www.hellaberent.de\/blog\/wp-json\/wp\/v2\/pages\/458\/revisions"}],"predecessor-version":[{"id":1505,"href":"https:\/\/www.hellaberent.de\/blog\/wp-json\/wp\/v2\/pages\/458\/revisions\/1505"}],"up":[{"embeddable":true,"href":"https:\/\/www.hellaberent.de\/blog\/wp-json\/wp\/v2\/pages\/507"}],"wp:attachment":[{"href":"https:\/\/www.hellaberent.de\/blog\/wp-json\/wp\/v2\/media?parent=458"}],"curies":[{"name":"wp","href":"https:\/\/api.w.org\/{rel}","templated":true}]}}