{"id":570,"date":"2014-09-06T18:36:51","date_gmt":"2014-09-06T16:36:51","guid":{"rendered":"http:\/\/www.hellaberent.de\/blog\/?page_id=570"},"modified":"2022-11-15T18:05:19","modified_gmt":"2022-11-15T16:05:19","slug":"potsdam","status":"publish","type":"page","link":"https:\/\/www.hellaberent.de\/blog\/archiv\/potsdam\/","title":{"rendered":"Potsdam &#8211; asleep with the devil (2014)"},"content":{"rendered":"<p><img decoding=\"async\" class=\"alignnone wp-image-957 lazyload\" data-src=\"http:\/\/www.hellaberent.de\/blog\/wp-content\/uploads\/2014\/09\/potsdam004.jpg\" alt=\"Asleep with the devil - BLUE COLOR CHART 2014 Installation, KunstHaus Kunstverein, Potsdam\" width=\"711\" height=\"476\" data-srcset=\"https:\/\/www.hellaberent.de\/blog\/wp-content\/uploads\/2014\/09\/potsdam004.jpg 923w, https:\/\/www.hellaberent.de\/blog\/wp-content\/uploads\/2014\/09\/potsdam004-300x201.jpg 300w, https:\/\/www.hellaberent.de\/blog\/wp-content\/uploads\/2014\/09\/potsdam004-768x513.jpg 768w, https:\/\/www.hellaberent.de\/blog\/wp-content\/uploads\/2014\/09\/potsdam004-904x604.jpg 904w\" data-sizes=\"(max-width: 711px) 100vw, 711px\" src=\"data:image\/svg+xml;base64,PHN2ZyB3aWR0aD0iMSIgaGVpZ2h0PSIxIiB4bWxucz0iaHR0cDovL3d3dy53My5vcmcvMjAwMC9zdmciPjwvc3ZnPg==\" style=\"--smush-placeholder-width: 711px; --smush-placeholder-aspect-ratio: 711\/476;\" \/><\/p>\n<p><img decoding=\"async\" class=\"size-medium wp-image-580 lazyload\" title=\"Miroir Platine 2014 #2 - 62 x 46 x 1,5 cm - Porcelaine moul\u00e9e, \u00e9maill\u00e9e\" data-src=\"http:\/\/www.hellaberent.de\/blog\/wp-content\/uploads\/2014\/09\/mirror2-224x300.jpg\" alt=\"\" width=\"224\" height=\"300\" data-srcset=\"https:\/\/www.hellaberent.de\/blog\/wp-content\/uploads\/2014\/09\/mirror2-224x300.jpg 224w, https:\/\/www.hellaberent.de\/blog\/wp-content\/uploads\/2014\/09\/mirror2.jpg 355w\" data-sizes=\"(max-width: 224px) 100vw, 224px\" src=\"data:image\/svg+xml;base64,PHN2ZyB3aWR0aD0iMSIgaGVpZ2h0PSIxIiB4bWxucz0iaHR0cDovL3d3dy53My5vcmcvMjAwMC9zdmciPjwvc3ZnPg==\" style=\"--smush-placeholder-width: 224px; --smush-placeholder-aspect-ratio: 224\/300;\" \/>\u00a0 \u00a0 \u00a0<img decoding=\"async\" class=\"size-medium wp-image-581 lazyload\" title=\"Miroir Platine 2014 #3 - 62 x 46 x 1,5 cm - Porcelaine moul\u00e9e, \u00e9maill\u00e9e\" data-src=\"http:\/\/www.hellaberent.de\/blog\/wp-content\/uploads\/2014\/09\/mirror3-224x300.jpg\" alt=\"\" width=\"224\" height=\"300\" data-srcset=\"https:\/\/www.hellaberent.de\/blog\/wp-content\/uploads\/2014\/09\/mirror3-224x300.jpg 224w, https:\/\/www.hellaberent.de\/blog\/wp-content\/uploads\/2014\/09\/mirror3.jpg 355w\" data-sizes=\"(max-width: 224px) 100vw, 224px\" src=\"data:image\/svg+xml;base64,PHN2ZyB3aWR0aD0iMSIgaGVpZ2h0PSIxIiB4bWxucz0iaHR0cDovL3d3dy53My5vcmcvMjAwMC9zdmciPjwvc3ZnPg==\" style=\"--smush-placeholder-width: 224px; --smush-placeholder-aspect-ratio: 224\/300;\" \/>\u00a0 \u00a0 \u00a0<img decoding=\"async\" class=\"size-medium wp-image-582 lazyload\" title=\"Miroir Platine 2014 #4 - 62 x 46 x 1,5 cm - Porcelaine moul\u00e9e, \u00e9maill\u00e9e\" data-src=\"http:\/\/www.hellaberent.de\/blog\/wp-content\/uploads\/2014\/09\/mirror4-224x300.jpg\" alt=\"\" width=\"224\" height=\"300\" data-srcset=\"https:\/\/www.hellaberent.de\/blog\/wp-content\/uploads\/2014\/09\/mirror4-224x300.jpg 224w, https:\/\/www.hellaberent.de\/blog\/wp-content\/uploads\/2014\/09\/mirror4.jpg 355w\" data-sizes=\"(max-width: 224px) 100vw, 224px\" src=\"data:image\/svg+xml;base64,PHN2ZyB3aWR0aD0iMSIgaGVpZ2h0PSIxIiB4bWxucz0iaHR0cDovL3d3dy53My5vcmcvMjAwMC9zdmciPjwvc3ZnPg==\" style=\"--smush-placeholder-width: 224px; --smush-placeholder-aspect-ratio: 224\/300;\" \/><\/p>\n<p style=\"font-size: 9px; margin-top: -13px; text-align: right; padding-right: 195px;\">Photo \u00a9 HEAD &#8211; Gen\u00e8ve \/ Baptiste Coulon<\/p>\n<p>&nbsp;<\/p>\n<p style=\"margin-top: -20px;\"><strong><em>HELLA BERENT &#8220; asleep with the devil &#8211; BLUE COLOR CHART &#8211; &#8222;<\/em> solo<\/strong><br \/>\nKunstverein KunstHaus Potsdam, Potsdam<br \/>\n07. 09. &#8211; 19. 10. 2014<br \/>\nProject organisation by Annette Jahnhorst<br \/>\nWelcome Speech Annette Jahnhorst<br \/>\nIntroduction by Pascual Jordan<br \/>\nMultimedia Installation<br \/>\n&#8218; deconstructing des devil&#8217;s sleep &#8218;<br \/>\n<a title=\"www.kunsthaus-potsdam.de\" href=\"http:\/\/www.kunsthaus-potsdam.de\" target=\"_blank\" rel=\"noopener\">www.kunsthaus-potsdam.de<\/a><\/p>\n<p>Download: <a title=\"Invitation.pdf\" href=\"http:\/\/hellaberent.de\/2014_asleep_with_the_devil_BLUE_COLOR_CHART.pdf\" target=\"_blank\" rel=\"noopener\">Photo Guide<\/a><br \/>\nDownload: <a title=\"Invitation.pdf\" href=\"http:\/\/hellaberent.de\/invitation_potsdam.pdf\" target=\"_blank\" rel=\"noopener\">Invitation<\/a><\/p>\n<p>&nbsp;<\/p>\n\n<div data-mode=\"normal\" data-oembed=\"1\" data-provider=\"youtube\" id=\"arve-youtube-lztoxm1r_74\" style=\"max-width:760px;\" class=\"arve aligncenter\">\n\t<div class=\"arve-inner\">\n\t\t<div style=\"aspect-ratio:500\/281\" class=\"arve-embed arve-embed--has-aspect-ratio\">\n\t\t\t<div class=\"arve-ar\" style=\"padding-top:56.200000%\"><\/div>\n\t\t\t<iframe allow=\"accelerometer &#039;none&#039;;autoplay &#039;none&#039;;bluetooth &#039;none&#039;;browsing-topics &#039;none&#039;;camera &#039;none&#039;;clipboard-read &#039;none&#039;;clipboard-write;display-capture &#039;none&#039;;encrypted-media &#039;none&#039;;gamepad &#039;none&#039;;geolocation &#039;none&#039;;gyroscope &#039;none&#039;;hid &#039;none&#039;;identity-credentials-get &#039;none&#039;;idle-detection &#039;none&#039;;keyboard-map &#039;none&#039;;local-fonts;magnetometer &#039;none&#039;;microphone &#039;none&#039;;midi &#039;none&#039;;otp-credentials &#039;none&#039;;payment &#039;none&#039;;picture-in-picture;publickey-credentials-create &#039;none&#039;;publickey-credentials-get &#039;none&#039;;screen-wake-lock &#039;none&#039;;serial &#039;none&#039;;summarizer &#039;none&#039;;sync-xhr;usb &#039;none&#039;;web-share;window-management &#039;none&#039;;xr-spatial-tracking &#039;none&#039;;\" allowfullscreen=\"\" class=\"arve-iframe fitvidsignore lazyload\" credentialless data-arve=\"arve-youtube-lztoxm1r_74\" data-lenis-prevent=\"\" data-src-no-ap=\"https:\/\/www.youtube-nocookie.com\/embed\/LzTOXM1r_74?feature=oembed&amp;iv_load_policy=3&amp;modestbranding=1&amp;rel=0&amp;autohide=1&amp;playsinline=0&amp;autoplay=0\" frameborder=\"0\" height=\"427.12\" name=\"\" referrerpolicy=\"strict-origin-when-cross-origin\" sandbox=\"allow-scripts allow-same-origin allow-presentation allow-popups allow-popups-to-escape-sandbox\" scrolling=\"no\" data-src=\"https:\/\/www.youtube-nocookie.com\/embed\/LzTOXM1r_74?feature=oembed&#038;iv_load_policy=3&#038;modestbranding=1&#038;rel=0&#038;autohide=1&#038;playsinline=0&#038;autoplay=0\" title=\"\" width=\"760\" src=\"data:image\/svg+xml;base64,PHN2ZyB3aWR0aD0iMSIgaGVpZ2h0PSIxIiB4bWxucz0iaHR0cDovL3d3dy53My5vcmcvMjAwMC9zdmciPjwvc3ZnPg==\" data-load-mode=\"1\"><\/iframe>\n\t\t\t\n\t\t<\/div>\n\t\t\n\t<\/div>\n\t\n\t\n\t<script type=\"application\/ld+json\">{\"@context\":\"http:\\\/\\\/schema.org\\\/\",\"@id\":\"https:\\\/\\\/www.hellaberent.de\\\/blog\\\/archiv\\\/potsdam\\\/#arve-youtube-lztoxm1r_74\",\"type\":\"VideoObject\",\"embedURL\":\"https:\\\/\\\/www.youtube-nocookie.com\\\/embed\\\/LzTOXM1r_74?feature=oembed&iv_load_policy=3&modestbranding=1&rel=0&autohide=1&playsinline=0&autoplay=0\"}<\/script>\n\t\n<\/div>\n<p>&nbsp;<\/p>\n\n<div data-mode=\"normal\" data-oembed=\"1\" data-provider=\"youtube\" id=\"arve-youtube-0zeajk7er7s\" style=\"max-width:760px;\" class=\"arve aligncenter\">\n\t<div class=\"arve-inner\">\n\t\t<div style=\"aspect-ratio:4\/3\" class=\"arve-embed arve-embed--has-aspect-ratio\">\n\t\t\t<div class=\"arve-ar\" style=\"padding-top:75.000000%\"><\/div>\n\t\t\t<iframe allow=\"accelerometer &#039;none&#039;;autoplay &#039;none&#039;;bluetooth &#039;none&#039;;browsing-topics &#039;none&#039;;camera &#039;none&#039;;clipboard-read &#039;none&#039;;clipboard-write;display-capture &#039;none&#039;;encrypted-media &#039;none&#039;;gamepad &#039;none&#039;;geolocation &#039;none&#039;;gyroscope &#039;none&#039;;hid &#039;none&#039;;identity-credentials-get &#039;none&#039;;idle-detection &#039;none&#039;;keyboard-map &#039;none&#039;;local-fonts;magnetometer &#039;none&#039;;microphone &#039;none&#039;;midi &#039;none&#039;;otp-credentials &#039;none&#039;;payment &#039;none&#039;;picture-in-picture;publickey-credentials-create &#039;none&#039;;publickey-credentials-get &#039;none&#039;;screen-wake-lock &#039;none&#039;;serial &#039;none&#039;;summarizer &#039;none&#039;;sync-xhr;usb &#039;none&#039;;web-share;window-management &#039;none&#039;;xr-spatial-tracking &#039;none&#039;;\" allowfullscreen=\"\" class=\"arve-iframe fitvidsignore lazyload\" credentialless data-arve=\"arve-youtube-0zeajk7er7s\" data-lenis-prevent=\"\" data-src-no-ap=\"https:\/\/www.youtube-nocookie.com\/embed\/0ZEajK7ER7s?feature=oembed&amp;iv_load_policy=3&amp;modestbranding=1&amp;rel=0&amp;autohide=1&amp;playsinline=0&amp;autoplay=0\" frameborder=\"0\" height=\"570\" name=\"\" referrerpolicy=\"strict-origin-when-cross-origin\" sandbox=\"allow-scripts allow-same-origin allow-presentation allow-popups allow-popups-to-escape-sandbox\" scrolling=\"no\" data-src=\"https:\/\/www.youtube-nocookie.com\/embed\/0ZEajK7ER7s?feature=oembed&#038;iv_load_policy=3&#038;modestbranding=1&#038;rel=0&#038;autohide=1&#038;playsinline=0&#038;autoplay=0\" title=\"\" width=\"760\" src=\"data:image\/svg+xml;base64,PHN2ZyB3aWR0aD0iMSIgaGVpZ2h0PSIxIiB4bWxucz0iaHR0cDovL3d3dy53My5vcmcvMjAwMC9zdmciPjwvc3ZnPg==\" data-load-mode=\"1\"><\/iframe>\n\t\t\t\n\t\t<\/div>\n\t\t\n\t<\/div>\n\t\n\t\n\t<script type=\"application\/ld+json\">{\"@context\":\"http:\\\/\\\/schema.org\\\/\",\"@id\":\"https:\\\/\\\/www.hellaberent.de\\\/blog\\\/archiv\\\/potsdam\\\/#arve-youtube-0zeajk7er7s\",\"type\":\"VideoObject\",\"embedURL\":\"https:\\\/\\\/www.youtube-nocookie.com\\\/embed\\\/0ZEajK7ER7s?feature=oembed&iv_load_policy=3&modestbranding=1&rel=0&autohide=1&playsinline=0&autoplay=0\"}<\/script>\n\t\n<\/div>\n<p>&nbsp;<\/p>\n<p><center><br \/>\n<img decoding=\"async\" data-src=\"http:\/\/hellaberent.de\/invitation_potsdam_small.jpg\" alt=\"\" src=\"data:image\/svg+xml;base64,PHN2ZyB3aWR0aD0iMSIgaGVpZ2h0PSIxIiB4bWxucz0iaHR0cDovL3d3dy53My5vcmcvMjAwMC9zdmciPjwvc3ZnPg==\" class=\"lazyload\" \/><\/center>&nbsp;<\/p>\n","protected":false},"excerpt":{"rendered":"<p>\u00a0 \u00a0 \u00a0\u00a0 \u00a0 \u00a0 Photo \u00a9 HEAD &#8211; Gen\u00e8ve \/ Baptiste Coulon &nbsp; HELLA BERENT &#8220; asleep with the devil &#8211; BLUE COLOR CHART &#8211; &#8222; solo Kunstverein KunstHaus Potsdam, Potsdam 07. 09. &#8211; 19. 10. 2014 Project organisation by Annette Jahnhorst Welcome Speech Annette Jahnhorst Introduction by Pascual Jordan Multimedia Installation &#8218; deconstructing [&hellip;]<\/p>\n","protected":false},"author":3,"featured_media":0,"parent":507,"menu_order":11,"comment_status":"closed","ping_status":"closed","template":"","meta":{"footnotes":""},"class_list":["post-570","page","type-page","status-publish","hentry"],"yoast_head":"<!-- This site is optimized with the Yoast SEO plugin v27.4 - https:\/\/yoast.com\/product\/yoast-seo-wordpress\/ -->\n<title>Potsdam - asleep with the devil (2014) - HELLA BERENT<\/title>\n<meta name=\"robots\" content=\"index, follow, max-snippet:-1, max-image-preview:large, max-video-preview:-1\" \/>\n<link rel=\"canonical\" href=\"https:\/\/www.hellaberent.de\/blog\/archiv\/potsdam\/\" \/>\n<meta property=\"og:locale\" content=\"de_DE\" \/>\n<meta property=\"og:type\" content=\"article\" \/>\n<meta property=\"og:title\" content=\"Potsdam - asleep with the devil (2014) - HELLA BERENT\" \/>\n<meta property=\"og:description\" content=\"\u00a0 \u00a0 \u00a0\u00a0 \u00a0 \u00a0 Photo \u00a9 HEAD &#8211; Gen\u00e8ve \/ Baptiste Coulon &nbsp; HELLA BERENT &#8220; asleep with the devil &#8211; BLUE COLOR CHART &#8211; &#8222; solo Kunstverein KunstHaus Potsdam, Potsdam 07. 09. &#8211; 19. 10. 2014 Project organisation by Annette Jahnhorst Welcome Speech Annette Jahnhorst Introduction by Pascual Jordan Multimedia Installation &#8218; deconstructing [&hellip;]\" \/>\n<meta property=\"og:url\" content=\"https:\/\/www.hellaberent.de\/blog\/archiv\/potsdam\/\" \/>\n<meta property=\"og:site_name\" content=\"HELLA BERENT\" \/>\n<meta property=\"article:modified_time\" content=\"2022-11-15T16:05:19+00:00\" \/>\n<meta property=\"og:image\" content=\"http:\/\/www.hellaberent.de\/blog\/wp-content\/uploads\/2014\/09\/potsdam004.jpg\" \/>\n<meta name=\"twitter:card\" content=\"summary_large_image\" \/>\n<meta name=\"twitter:label1\" content=\"Gesch\u00e4tzte Lesezeit\" \/>\n\t<meta name=\"twitter:data1\" content=\"2\u00a0Minuten\" \/>\n<script type=\"application\/ld+json\" class=\"yoast-schema-graph\">{\"@context\":\"https:\\\/\\\/schema.org\",\"@graph\":[{\"@type\":\"WebPage\",\"@id\":\"https:\\\/\\\/www.hellaberent.de\\\/blog\\\/archiv\\\/potsdam\\\/\",\"url\":\"https:\\\/\\\/www.hellaberent.de\\\/blog\\\/archiv\\\/potsdam\\\/\",\"name\":\"Potsdam - asleep with the devil (2014) - HELLA BERENT\",\"isPartOf\":{\"@id\":\"https:\\\/\\\/www.hellaberent.de\\\/blog\\\/#website\"},\"primaryImageOfPage\":{\"@id\":\"https:\\\/\\\/www.hellaberent.de\\\/blog\\\/archiv\\\/potsdam\\\/#primaryimage\"},\"image\":{\"@id\":\"https:\\\/\\\/www.hellaberent.de\\\/blog\\\/archiv\\\/potsdam\\\/#primaryimage\"},\"thumbnailUrl\":\"http:\\\/\\\/www.hellaberent.de\\\/blog\\\/wp-content\\\/uploads\\\/2014\\\/09\\\/potsdam004.jpg\",\"datePublished\":\"2014-09-06T16:36:51+00:00\",\"dateModified\":\"2022-11-15T16:05:19+00:00\",\"breadcrumb\":{\"@id\":\"https:\\\/\\\/www.hellaberent.de\\\/blog\\\/archiv\\\/potsdam\\\/#breadcrumb\"},\"inLanguage\":\"de\",\"potentialAction\":[{\"@type\":\"ReadAction\",\"target\":[\"https:\\\/\\\/www.hellaberent.de\\\/blog\\\/archiv\\\/potsdam\\\/\"]}]},{\"@type\":\"ImageObject\",\"inLanguage\":\"de\",\"@id\":\"https:\\\/\\\/www.hellaberent.de\\\/blog\\\/archiv\\\/potsdam\\\/#primaryimage\",\"url\":\"https:\\\/\\\/www.hellaberent.de\\\/blog\\\/wp-content\\\/uploads\\\/2014\\\/09\\\/potsdam004.jpg\",\"contentUrl\":\"https:\\\/\\\/www.hellaberent.de\\\/blog\\\/wp-content\\\/uploads\\\/2014\\\/09\\\/potsdam004.jpg\",\"width\":923,\"height\":617,\"caption\":\"Asleep with the devil - BLUE COLOR CHART 2014 Installation, KunstHaus Kunstverein, Potsdam\"},{\"@type\":\"BreadcrumbList\",\"@id\":\"https:\\\/\\\/www.hellaberent.de\\\/blog\\\/archiv\\\/potsdam\\\/#breadcrumb\",\"itemListElement\":[{\"@type\":\"ListItem\",\"position\":1,\"name\":\"Startseite\",\"item\":\"https:\\\/\\\/www.hellaberent.de\\\/blog\\\/\"},{\"@type\":\"ListItem\",\"position\":2,\"name\":\"Ausstellungsarchiv (\u00dcbersicht)\",\"item\":\"https:\\\/\\\/www.hellaberent.de\\\/blog\\\/archiv\\\/\"},{\"@type\":\"ListItem\",\"position\":3,\"name\":\"Potsdam &#8211; asleep with the devil (2014)\"}]},{\"@type\":\"WebSite\",\"@id\":\"https:\\\/\\\/www.hellaberent.de\\\/blog\\\/#website\",\"url\":\"https:\\\/\\\/www.hellaberent.de\\\/blog\\\/\",\"name\":\"Hella Berent\",\"description\":\"Extended Drawing = Sculpture = Space\",\"alternateName\":\"Hella Berent \u2013 Extended Drawing = Sculpture = Space\",\"potentialAction\":[{\"@type\":\"SearchAction\",\"target\":{\"@type\":\"EntryPoint\",\"urlTemplate\":\"https:\\\/\\\/www.hellaberent.de\\\/blog\\\/?s={search_term_string}\"},\"query-input\":{\"@type\":\"PropertyValueSpecification\",\"valueRequired\":true,\"valueName\":\"search_term_string\"}}],\"inLanguage\":\"de\"}]}<\/script>\n<!-- \/ Yoast SEO plugin. -->","yoast_head_json":{"title":"Potsdam - asleep with the devil (2014) - HELLA BERENT","robots":{"index":"index","follow":"follow","max-snippet":"max-snippet:-1","max-image-preview":"max-image-preview:large","max-video-preview":"max-video-preview:-1"},"canonical":"https:\/\/www.hellaberent.de\/blog\/archiv\/potsdam\/","og_locale":"de_DE","og_type":"article","og_title":"Potsdam - asleep with the devil (2014) - HELLA BERENT","og_description":"\u00a0 \u00a0 \u00a0\u00a0 \u00a0 \u00a0 Photo \u00a9 HEAD &#8211; Gen\u00e8ve \/ Baptiste Coulon &nbsp; HELLA BERENT &#8220; asleep with the devil &#8211; BLUE COLOR CHART &#8211; &#8222; solo Kunstverein KunstHaus Potsdam, Potsdam 07. 09. &#8211; 19. 10. 2014 Project organisation by Annette Jahnhorst Welcome Speech Annette Jahnhorst Introduction by Pascual Jordan Multimedia Installation &#8218; deconstructing [&hellip;]","og_url":"https:\/\/www.hellaberent.de\/blog\/archiv\/potsdam\/","og_site_name":"HELLA BERENT","article_modified_time":"2022-11-15T16:05:19+00:00","og_image":[{"url":"http:\/\/www.hellaberent.de\/blog\/wp-content\/uploads\/2014\/09\/potsdam004.jpg","type":"","width":"","height":""}],"twitter_card":"summary_large_image","twitter_misc":{"Gesch\u00e4tzte Lesezeit":"2\u00a0Minuten"},"schema":{"@context":"https:\/\/schema.org","@graph":[{"@type":"WebPage","@id":"https:\/\/www.hellaberent.de\/blog\/archiv\/potsdam\/","url":"https:\/\/www.hellaberent.de\/blog\/archiv\/potsdam\/","name":"Potsdam - asleep with the devil (2014) - HELLA BERENT","isPartOf":{"@id":"https:\/\/www.hellaberent.de\/blog\/#website"},"primaryImageOfPage":{"@id":"https:\/\/www.hellaberent.de\/blog\/archiv\/potsdam\/#primaryimage"},"image":{"@id":"https:\/\/www.hellaberent.de\/blog\/archiv\/potsdam\/#primaryimage"},"thumbnailUrl":"http:\/\/www.hellaberent.de\/blog\/wp-content\/uploads\/2014\/09\/potsdam004.jpg","datePublished":"2014-09-06T16:36:51+00:00","dateModified":"2022-11-15T16:05:19+00:00","breadcrumb":{"@id":"https:\/\/www.hellaberent.de\/blog\/archiv\/potsdam\/#breadcrumb"},"inLanguage":"de","potentialAction":[{"@type":"ReadAction","target":["https:\/\/www.hellaberent.de\/blog\/archiv\/potsdam\/"]}]},{"@type":"ImageObject","inLanguage":"de","@id":"https:\/\/www.hellaberent.de\/blog\/archiv\/potsdam\/#primaryimage","url":"https:\/\/www.hellaberent.de\/blog\/wp-content\/uploads\/2014\/09\/potsdam004.jpg","contentUrl":"https:\/\/www.hellaberent.de\/blog\/wp-content\/uploads\/2014\/09\/potsdam004.jpg","width":923,"height":617,"caption":"Asleep with the devil - BLUE COLOR CHART 2014 Installation, KunstHaus Kunstverein, Potsdam"},{"@type":"BreadcrumbList","@id":"https:\/\/www.hellaberent.de\/blog\/archiv\/potsdam\/#breadcrumb","itemListElement":[{"@type":"ListItem","position":1,"name":"Startseite","item":"https:\/\/www.hellaberent.de\/blog\/"},{"@type":"ListItem","position":2,"name":"Ausstellungsarchiv (\u00dcbersicht)","item":"https:\/\/www.hellaberent.de\/blog\/archiv\/"},{"@type":"ListItem","position":3,"name":"Potsdam &#8211; asleep with the devil (2014)"}]},{"@type":"WebSite","@id":"https:\/\/www.hellaberent.de\/blog\/#website","url":"https:\/\/www.hellaberent.de\/blog\/","name":"Hella Berent","description":"Extended Drawing = Sculpture = Space","alternateName":"Hella Berent \u2013 Extended Drawing = Sculpture = Space","potentialAction":[{"@type":"SearchAction","target":{"@type":"EntryPoint","urlTemplate":"https:\/\/www.hellaberent.de\/blog\/?s={search_term_string}"},"query-input":{"@type":"PropertyValueSpecification","valueRequired":true,"valueName":"search_term_string"}}],"inLanguage":"de"}]}},"_links":{"self":[{"href":"https:\/\/www.hellaberent.de\/blog\/wp-json\/wp\/v2\/pages\/570","targetHints":{"allow":["GET"]}}],"collection":[{"href":"https:\/\/www.hellaberent.de\/blog\/wp-json\/wp\/v2\/pages"}],"about":[{"href":"https:\/\/www.hellaberent.de\/blog\/wp-json\/wp\/v2\/types\/page"}],"author":[{"embeddable":true,"href":"https:\/\/www.hellaberent.de\/blog\/wp-json\/wp\/v2\/users\/3"}],"replies":[{"embeddable":true,"href":"https:\/\/www.hellaberent.de\/blog\/wp-json\/wp\/v2\/comments?post=570"}],"version-history":[{"count":30,"href":"https:\/\/www.hellaberent.de\/blog\/wp-json\/wp\/v2\/pages\/570\/revisions"}],"predecessor-version":[{"id":2965,"href":"https:\/\/www.hellaberent.de\/blog\/wp-json\/wp\/v2\/pages\/570\/revisions\/2965"}],"up":[{"embeddable":true,"href":"https:\/\/www.hellaberent.de\/blog\/wp-json\/wp\/v2\/pages\/507"}],"wp:attachment":[{"href":"https:\/\/www.hellaberent.de\/blog\/wp-json\/wp\/v2\/media?parent=570"}],"curies":[{"name":"wp","href":"https:\/\/api.w.org\/{rel}","templated":true}]}}