{"id":668,"date":"2015-05-27T13:16:12","date_gmt":"2015-05-27T11:16:12","guid":{"rendered":"http:\/\/www.hellaberent.de\/blog\/?page_id=668"},"modified":"2018-07-25T17:45:30","modified_gmt":"2018-07-25T15:45:30","slug":"cologne-st-agnes","status":"publish","type":"page","link":"https:\/\/www.hellaberent.de\/blog\/archiv\/cologne-st-agnes\/","title":{"rendered":"Cologne &#8211; Warum Kunst in der Kirche (2015)"},"content":{"rendered":"<p><img decoding=\"async\" class=\"wp-image-671 size-full aligncenter lazyload\" title=\"Fifteenth Station \u2013 Resurrection, 1993 \/ 94 - Watercolor, pastel crayon on papier coll\u00e9 on canvas, stretcher frame\" data-src=\"http:\/\/www.hellaberent.de\/blog\/wp-content\/uploads\/2015\/05\/3.jpg\" alt=\"\" width=\"720\" height=\"1000\" data-srcset=\"https:\/\/www.hellaberent.de\/blog\/wp-content\/uploads\/2015\/05\/3.jpg 720w, https:\/\/www.hellaberent.de\/blog\/wp-content\/uploads\/2015\/05\/3-216x300.jpg 216w, https:\/\/www.hellaberent.de\/blog\/wp-content\/uploads\/2015\/05\/3-651x904.jpg 651w\" data-sizes=\"(max-width: 720px) 100vw, 720px\" src=\"data:image\/svg+xml;base64,PHN2ZyB3aWR0aD0iMSIgaGVpZ2h0PSIxIiB4bWxucz0iaHR0cDovL3d3dy53My5vcmcvMjAwMC9zdmciPjwvc3ZnPg==\" style=\"--smush-placeholder-width: 720px; --smush-placeholder-aspect-ratio: 720\/1000;\" \/><br \/>\n<img decoding=\"async\" class=\"wp-image-670 size-full aligncenter lazyload\" title=\"Fifteenth Station \u2013 Resurrection, 1993 \/ 94 - Watercolor, pastel crayon on papier coll\u00e9 on canvas, stretcher frame\" data-src=\"http:\/\/www.hellaberent.de\/blog\/wp-content\/uploads\/2015\/05\/2.jpg\" alt=\"\" width=\"720\" height=\"1000\" data-srcset=\"https:\/\/www.hellaberent.de\/blog\/wp-content\/uploads\/2015\/05\/2.jpg 720w, https:\/\/www.hellaberent.de\/blog\/wp-content\/uploads\/2015\/05\/2-216x300.jpg 216w, https:\/\/www.hellaberent.de\/blog\/wp-content\/uploads\/2015\/05\/2-651x904.jpg 651w\" data-sizes=\"(max-width: 720px) 100vw, 720px\" src=\"data:image\/svg+xml;base64,PHN2ZyB3aWR0aD0iMSIgaGVpZ2h0PSIxIiB4bWxucz0iaHR0cDovL3d3dy53My5vcmcvMjAwMC9zdmciPjwvc3ZnPg==\" style=\"--smush-placeholder-width: 720px; --smush-placeholder-aspect-ratio: 720\/1000;\" \/><\/p>\n<p><img decoding=\"async\" class=\"wp-image-672 size-full aligncenter lazyload\" title=\"Fifteenth Station \u2013 Resurrection, 1993 \/ 94 - Watercolor, pastel crayon on papier coll\u00e9 on canvas, stretcher frame\" data-src=\"http:\/\/www.hellaberent.de\/blog\/wp-content\/uploads\/2015\/05\/1-2.jpg\" alt=\"\" width=\"426\" height=\"946\" data-srcset=\"https:\/\/www.hellaberent.de\/blog\/wp-content\/uploads\/2015\/05\/1-2.jpg 426w, https:\/\/www.hellaberent.de\/blog\/wp-content\/uploads\/2015\/05\/1-2-135x300.jpg 135w, https:\/\/www.hellaberent.de\/blog\/wp-content\/uploads\/2015\/05\/1-2-407x904.jpg 407w\" data-sizes=\"(max-width: 426px) 100vw, 426px\" src=\"data:image\/svg+xml;base64,PHN2ZyB3aWR0aD0iMSIgaGVpZ2h0PSIxIiB4bWxucz0iaHR0cDovL3d3dy53My5vcmcvMjAwMC9zdmciPjwvc3ZnPg==\" style=\"--smush-placeholder-width: 426px; --smush-placeholder-aspect-ratio: 426\/946;\" \/><\/p>\n<p><img decoding=\"async\" class=\"size-large wp-image-1421 aligncenter lazyload\" data-src=\"http:\/\/www.hellaberent.de\/blog\/wp-content\/uploads\/2018\/07\/agnes-discuss-1024x683.jpg\" alt=\"\" width=\"904\" height=\"603\" data-srcset=\"https:\/\/www.hellaberent.de\/blog\/wp-content\/uploads\/2018\/07\/agnes-discuss-1024x683.jpg 1024w, https:\/\/www.hellaberent.de\/blog\/wp-content\/uploads\/2018\/07\/agnes-discuss-300x200.jpg 300w, https:\/\/www.hellaberent.de\/blog\/wp-content\/uploads\/2018\/07\/agnes-discuss-768x512.jpg 768w, https:\/\/www.hellaberent.de\/blog\/wp-content\/uploads\/2018\/07\/agnes-discuss-904x603.jpg 904w\" data-sizes=\"(max-width: 904px) 100vw, 904px\" src=\"data:image\/svg+xml;base64,PHN2ZyB3aWR0aD0iMSIgaGVpZ2h0PSIxIiB4bWxucz0iaHR0cDovL3d3dy53My5vcmcvMjAwMC9zdmciPjwvc3ZnPg==\" style=\"--smush-placeholder-width: 904px; --smush-placeholder-aspect-ratio: 904\/603;\" \/><\/p>\n<p style=\"font-size: 9px; margin-top: -15px; text-align: right; padding-right: 20px;\">Permanent installation, St. Agnes Church, Baptism Chapel Photo &nbsp;&nbsp;&nbsp;\u00a9 Guido Schiefer<\/p>\n<p>&nbsp;<\/p>\n<p style=\"margin-top: -15px;\">PODIUMSDISKUSSION: &#8220; <em><strong>Warum Kunst in der Kirche ?<\/strong><\/em> &#8220;<br \/>\n10. September 2015, 19.30 Uhr<br \/>\nPfarrkirche St.Agnes, Neusser Platz 1, 50670 K\u00f6ln<\/p>\n<p>Hella Berent, K\u00fcnstlerin, K\u00f6ln<br \/>\nDr. Dominik Meiering, Theologe, Kunsthistoriker, Generalvikar, K\u00f6ln<br \/>\nDr. Johannes Rauchenberger, Kulturzentrum bei den Minoriten, Graz<br \/>\nModeration: Birgitt Schippers, Dom Radio K\u00f6ln<\/p>\n<p>Download: <a href=\"http:\/\/www.hellaberent.de\/blog\/wp-content\/uploads\/2015\/05\/VierzehnStationen.pdf\">artwork introduction (PDF)<\/a><\/p>\n<p>&nbsp;<\/p>\n","protected":false},"excerpt":{"rendered":"<p>Permanent installation, St. Agnes Church, Baptism Chapel Photo &nbsp;&nbsp;&nbsp;\u00a9 Guido Schiefer &nbsp; PODIUMSDISKUSSION: &#8220; Warum Kunst in der Kirche ? &#8220; 10. September 2015, 19.30 Uhr Pfarrkirche St.Agnes, Neusser Platz 1, 50670 K\u00f6ln Hella Berent, K\u00fcnstlerin, K\u00f6ln Dr. Dominik Meiering, Theologe, Kunsthistoriker, Generalvikar, K\u00f6ln Dr. Johannes Rauchenberger, Kulturzentrum bei den Minoriten, Graz Moderation: Birgitt Schippers, [&hellip;]<\/p>\n","protected":false},"author":3,"featured_media":0,"parent":507,"menu_order":7,"comment_status":"closed","ping_status":"closed","template":"","meta":{"footnotes":""},"class_list":["post-668","page","type-page","status-publish","hentry"],"yoast_head":"<!-- This site is optimized with the Yoast SEO plugin v27.4 - https:\/\/yoast.com\/product\/yoast-seo-wordpress\/ -->\n<title>Cologne - Warum Kunst in der Kirche (2015) - HELLA BERENT<\/title>\n<meta name=\"robots\" content=\"index, follow, max-snippet:-1, max-image-preview:large, max-video-preview:-1\" \/>\n<link rel=\"canonical\" href=\"https:\/\/www.hellaberent.de\/blog\/archiv\/cologne-st-agnes\/\" \/>\n<meta property=\"og:locale\" content=\"de_DE\" \/>\n<meta property=\"og:type\" content=\"article\" \/>\n<meta property=\"og:title\" content=\"Cologne - Warum Kunst in der Kirche (2015) - HELLA BERENT\" \/>\n<meta property=\"og:description\" content=\"Permanent installation, St. Agnes Church, Baptism Chapel Photo &nbsp;&nbsp;&nbsp;\u00a9 Guido Schiefer &nbsp; PODIUMSDISKUSSION: &#8220; Warum Kunst in der Kirche ? &#8220; 10. September 2015, 19.30 Uhr Pfarrkirche St.Agnes, Neusser Platz 1, 50670 K\u00f6ln Hella Berent, K\u00fcnstlerin, K\u00f6ln Dr. Dominik Meiering, Theologe, Kunsthistoriker, Generalvikar, K\u00f6ln Dr. Johannes Rauchenberger, Kulturzentrum bei den Minoriten, Graz Moderation: Birgitt Schippers, [&hellip;]\" \/>\n<meta property=\"og:url\" content=\"https:\/\/www.hellaberent.de\/blog\/archiv\/cologne-st-agnes\/\" \/>\n<meta property=\"og:site_name\" content=\"HELLA BERENT\" \/>\n<meta property=\"article:modified_time\" content=\"2018-07-25T15:45:30+00:00\" \/>\n<meta property=\"og:image\" content=\"http:\/\/www.hellaberent.de\/blog\/wp-content\/uploads\/2015\/05\/3.jpg\" \/>\n<meta name=\"twitter:card\" content=\"summary_large_image\" \/>\n<script type=\"application\/ld+json\" class=\"yoast-schema-graph\">{\"@context\":\"https:\\\/\\\/schema.org\",\"@graph\":[{\"@type\":\"WebPage\",\"@id\":\"https:\\\/\\\/www.hellaberent.de\\\/blog\\\/archiv\\\/cologne-st-agnes\\\/\",\"url\":\"https:\\\/\\\/www.hellaberent.de\\\/blog\\\/archiv\\\/cologne-st-agnes\\\/\",\"name\":\"Cologne - Warum Kunst in der Kirche (2015) - HELLA BERENT\",\"isPartOf\":{\"@id\":\"https:\\\/\\\/www.hellaberent.de\\\/blog\\\/#website\"},\"primaryImageOfPage\":{\"@id\":\"https:\\\/\\\/www.hellaberent.de\\\/blog\\\/archiv\\\/cologne-st-agnes\\\/#primaryimage\"},\"image\":{\"@id\":\"https:\\\/\\\/www.hellaberent.de\\\/blog\\\/archiv\\\/cologne-st-agnes\\\/#primaryimage\"},\"thumbnailUrl\":\"http:\\\/\\\/www.hellaberent.de\\\/blog\\\/wp-content\\\/uploads\\\/2015\\\/05\\\/3.jpg\",\"datePublished\":\"2015-05-27T11:16:12+00:00\",\"dateModified\":\"2018-07-25T15:45:30+00:00\",\"breadcrumb\":{\"@id\":\"https:\\\/\\\/www.hellaberent.de\\\/blog\\\/archiv\\\/cologne-st-agnes\\\/#breadcrumb\"},\"inLanguage\":\"de\",\"potentialAction\":[{\"@type\":\"ReadAction\",\"target\":[\"https:\\\/\\\/www.hellaberent.de\\\/blog\\\/archiv\\\/cologne-st-agnes\\\/\"]}]},{\"@type\":\"ImageObject\",\"inLanguage\":\"de\",\"@id\":\"https:\\\/\\\/www.hellaberent.de\\\/blog\\\/archiv\\\/cologne-st-agnes\\\/#primaryimage\",\"url\":\"https:\\\/\\\/www.hellaberent.de\\\/blog\\\/wp-content\\\/uploads\\\/2015\\\/05\\\/3.jpg\",\"contentUrl\":\"https:\\\/\\\/www.hellaberent.de\\\/blog\\\/wp-content\\\/uploads\\\/2015\\\/05\\\/3.jpg\",\"width\":720,\"height\":1000},{\"@type\":\"BreadcrumbList\",\"@id\":\"https:\\\/\\\/www.hellaberent.de\\\/blog\\\/archiv\\\/cologne-st-agnes\\\/#breadcrumb\",\"itemListElement\":[{\"@type\":\"ListItem\",\"position\":1,\"name\":\"Startseite\",\"item\":\"https:\\\/\\\/www.hellaberent.de\\\/blog\\\/\"},{\"@type\":\"ListItem\",\"position\":2,\"name\":\"Ausstellungsarchiv (\u00dcbersicht)\",\"item\":\"https:\\\/\\\/www.hellaberent.de\\\/blog\\\/archiv\\\/\"},{\"@type\":\"ListItem\",\"position\":3,\"name\":\"Cologne &#8211; Warum Kunst in der Kirche (2015)\"}]},{\"@type\":\"WebSite\",\"@id\":\"https:\\\/\\\/www.hellaberent.de\\\/blog\\\/#website\",\"url\":\"https:\\\/\\\/www.hellaberent.de\\\/blog\\\/\",\"name\":\"Hella Berent\",\"description\":\"Extended Drawing = Sculpture = Space\",\"alternateName\":\"Hella Berent \u2013 Extended Drawing = Sculpture = Space\",\"potentialAction\":[{\"@type\":\"SearchAction\",\"target\":{\"@type\":\"EntryPoint\",\"urlTemplate\":\"https:\\\/\\\/www.hellaberent.de\\\/blog\\\/?s={search_term_string}\"},\"query-input\":{\"@type\":\"PropertyValueSpecification\",\"valueRequired\":true,\"valueName\":\"search_term_string\"}}],\"inLanguage\":\"de\"}]}<\/script>\n<!-- \/ Yoast SEO plugin. -->","yoast_head_json":{"title":"Cologne - Warum Kunst in der Kirche (2015) - HELLA BERENT","robots":{"index":"index","follow":"follow","max-snippet":"max-snippet:-1","max-image-preview":"max-image-preview:large","max-video-preview":"max-video-preview:-1"},"canonical":"https:\/\/www.hellaberent.de\/blog\/archiv\/cologne-st-agnes\/","og_locale":"de_DE","og_type":"article","og_title":"Cologne - Warum Kunst in der Kirche (2015) - HELLA BERENT","og_description":"Permanent installation, St. Agnes Church, Baptism Chapel Photo &nbsp;&nbsp;&nbsp;\u00a9 Guido Schiefer &nbsp; PODIUMSDISKUSSION: &#8220; Warum Kunst in der Kirche ? &#8220; 10. September 2015, 19.30 Uhr Pfarrkirche St.Agnes, Neusser Platz 1, 50670 K\u00f6ln Hella Berent, K\u00fcnstlerin, K\u00f6ln Dr. Dominik Meiering, Theologe, Kunsthistoriker, Generalvikar, K\u00f6ln Dr. Johannes Rauchenberger, Kulturzentrum bei den Minoriten, Graz Moderation: Birgitt Schippers, [&hellip;]","og_url":"https:\/\/www.hellaberent.de\/blog\/archiv\/cologne-st-agnes\/","og_site_name":"HELLA BERENT","article_modified_time":"2018-07-25T15:45:30+00:00","og_image":[{"url":"http:\/\/www.hellaberent.de\/blog\/wp-content\/uploads\/2015\/05\/3.jpg","type":"","width":"","height":""}],"twitter_card":"summary_large_image","schema":{"@context":"https:\/\/schema.org","@graph":[{"@type":"WebPage","@id":"https:\/\/www.hellaberent.de\/blog\/archiv\/cologne-st-agnes\/","url":"https:\/\/www.hellaberent.de\/blog\/archiv\/cologne-st-agnes\/","name":"Cologne - Warum Kunst in der Kirche (2015) - HELLA BERENT","isPartOf":{"@id":"https:\/\/www.hellaberent.de\/blog\/#website"},"primaryImageOfPage":{"@id":"https:\/\/www.hellaberent.de\/blog\/archiv\/cologne-st-agnes\/#primaryimage"},"image":{"@id":"https:\/\/www.hellaberent.de\/blog\/archiv\/cologne-st-agnes\/#primaryimage"},"thumbnailUrl":"http:\/\/www.hellaberent.de\/blog\/wp-content\/uploads\/2015\/05\/3.jpg","datePublished":"2015-05-27T11:16:12+00:00","dateModified":"2018-07-25T15:45:30+00:00","breadcrumb":{"@id":"https:\/\/www.hellaberent.de\/blog\/archiv\/cologne-st-agnes\/#breadcrumb"},"inLanguage":"de","potentialAction":[{"@type":"ReadAction","target":["https:\/\/www.hellaberent.de\/blog\/archiv\/cologne-st-agnes\/"]}]},{"@type":"ImageObject","inLanguage":"de","@id":"https:\/\/www.hellaberent.de\/blog\/archiv\/cologne-st-agnes\/#primaryimage","url":"https:\/\/www.hellaberent.de\/blog\/wp-content\/uploads\/2015\/05\/3.jpg","contentUrl":"https:\/\/www.hellaberent.de\/blog\/wp-content\/uploads\/2015\/05\/3.jpg","width":720,"height":1000},{"@type":"BreadcrumbList","@id":"https:\/\/www.hellaberent.de\/blog\/archiv\/cologne-st-agnes\/#breadcrumb","itemListElement":[{"@type":"ListItem","position":1,"name":"Startseite","item":"https:\/\/www.hellaberent.de\/blog\/"},{"@type":"ListItem","position":2,"name":"Ausstellungsarchiv (\u00dcbersicht)","item":"https:\/\/www.hellaberent.de\/blog\/archiv\/"},{"@type":"ListItem","position":3,"name":"Cologne &#8211; Warum Kunst in der Kirche (2015)"}]},{"@type":"WebSite","@id":"https:\/\/www.hellaberent.de\/blog\/#website","url":"https:\/\/www.hellaberent.de\/blog\/","name":"Hella Berent","description":"Extended Drawing = Sculpture = Space","alternateName":"Hella Berent \u2013 Extended Drawing = Sculpture = Space","potentialAction":[{"@type":"SearchAction","target":{"@type":"EntryPoint","urlTemplate":"https:\/\/www.hellaberent.de\/blog\/?s={search_term_string}"},"query-input":{"@type":"PropertyValueSpecification","valueRequired":true,"valueName":"search_term_string"}}],"inLanguage":"de"}]}},"_links":{"self":[{"href":"https:\/\/www.hellaberent.de\/blog\/wp-json\/wp\/v2\/pages\/668","targetHints":{"allow":["GET"]}}],"collection":[{"href":"https:\/\/www.hellaberent.de\/blog\/wp-json\/wp\/v2\/pages"}],"about":[{"href":"https:\/\/www.hellaberent.de\/blog\/wp-json\/wp\/v2\/types\/page"}],"author":[{"embeddable":true,"href":"https:\/\/www.hellaberent.de\/blog\/wp-json\/wp\/v2\/users\/3"}],"replies":[{"embeddable":true,"href":"https:\/\/www.hellaberent.de\/blog\/wp-json\/wp\/v2\/comments?post=668"}],"version-history":[{"count":18,"href":"https:\/\/www.hellaberent.de\/blog\/wp-json\/wp\/v2\/pages\/668\/revisions"}],"predecessor-version":[{"id":1486,"href":"https:\/\/www.hellaberent.de\/blog\/wp-json\/wp\/v2\/pages\/668\/revisions\/1486"}],"up":[{"embeddable":true,"href":"https:\/\/www.hellaberent.de\/blog\/wp-json\/wp\/v2\/pages\/507"}],"wp:attachment":[{"href":"https:\/\/www.hellaberent.de\/blog\/wp-json\/wp\/v2\/media?parent=668"}],"curies":[{"name":"wp","href":"https:\/\/api.w.org\/{rel}","templated":true}]}}