{"id":698,"date":"2015-06-01T14:03:23","date_gmt":"2015-06-01T12:03:23","guid":{"rendered":"http:\/\/www.hellaberent.de\/blog\/?page_id=698"},"modified":"2018-07-25T17:46:28","modified_gmt":"2018-07-25T15:46:28","slug":"cologne-kunstgruppe","status":"publish","type":"page","link":"https:\/\/www.hellaberent.de\/blog\/archiv\/cologne-kunstgruppe\/","title":{"rendered":"Cologne &#8211; 20 Jahre Kunstgruppe (2015)"},"content":{"rendered":"<p><img decoding=\"async\" class=\"alignnone size-full wp-image-744 lazyload\" title=\"ColdWar II 2015 - Gouache auf B\u00fcttenpapier - 31 x 20,5 cm\" data-src=\"http:\/\/www.hellaberent.de\/blog\/wp-content\/uploads\/2015\/06\/cologne-group-small.jpg\" alt=\"ColdWar II 2015 - Gouache auf B\u00fcttenpapier - 31 x 20,5 cm\" width=\"329\" height=\"500\" data-srcset=\"https:\/\/www.hellaberent.de\/blog\/wp-content\/uploads\/2015\/06\/cologne-group-small.jpg 329w, https:\/\/www.hellaberent.de\/blog\/wp-content\/uploads\/2015\/06\/cologne-group-small-197x300.jpg 197w\" data-sizes=\"(max-width: 329px) 100vw, 329px\" src=\"data:image\/svg+xml;base64,PHN2ZyB3aWR0aD0iMSIgaGVpZ2h0PSIxIiB4bWxucz0iaHR0cDovL3d3dy53My5vcmcvMjAwMC9zdmciPjwvc3ZnPg==\" style=\"--smush-placeholder-width: 329px; --smush-placeholder-aspect-ratio: 329\/500;\" \/><img decoding=\"async\" class=\"alignnone size-full wp-image-700 lazyload\" title=\"ColdWar II 2015 - Gouache auf B\u00fcttenpapier - 31 x 20,5 cm\" data-src=\"http:\/\/www.hellaberent.de\/blog\/wp-content\/uploads\/2015\/06\/cologne-kunstgruppe1-2015-Cold-War-II-edit.jpg\" alt=\"ColdWar II 2015 - Gouache auf B\u00fcttenpapier - 31 x 20,5 cm\" width=\"336\" height=\"500\" data-srcset=\"https:\/\/www.hellaberent.de\/blog\/wp-content\/uploads\/2015\/06\/cologne-kunstgruppe1-2015-Cold-War-II-edit.jpg 336w, https:\/\/www.hellaberent.de\/blog\/wp-content\/uploads\/2015\/06\/cologne-kunstgruppe1-2015-Cold-War-II-edit-202x300.jpg 202w\" data-sizes=\"(max-width: 336px) 100vw, 336px\" src=\"data:image\/svg+xml;base64,PHN2ZyB3aWR0aD0iMSIgaGVpZ2h0PSIxIiB4bWxucz0iaHR0cDovL3d3dy53My5vcmcvMjAwMC9zdmciPjwvc3ZnPg==\" style=\"--smush-placeholder-width: 336px; --smush-placeholder-aspect-ratio: 336\/500;\" \/><\/p>\n<p style=\"font-size: 9px; margin-top: -13px; text-align: right; padding-right: 225px;\">Photo \u00a9 Hella Berent<\/p>\n<p>&nbsp;<\/p>\n<p style=\"margin-top: -20px;\"><strong><em>&#8220; 20 Jahre Kunstgruppe &#8222;<\/em><\/strong><br \/>\nBERND ACKFELD HANS-PETER ADAMSKI AKKE AIMAQ CURTIS ANDERSON SIEGFRIED ANZINGER ASTALI\/PEIRCE DRAGUTIN BANIC LOTTA BARTOSCHEWSKI BORIS BECKER <strong>HELLA BERENT<\/strong> HEINER BINDING LENA B\u00d6HM PETER B\u00d6MMELS GERD BONFERT ROBERT BRAMBORA LEONARD BULLOCK WOLFGANG BURAT LISA BUSCHE EUN JUNG CHOI WALTER DAHN CHRISTOS DASSIOS JO DICKREITER SOPHIA DOMAGALA BRITTA EBERMANN ROBERT ELFGEN PHILIP EMDE GUSTAV ERB ANDREAS ERDMANN ALDOUS EVELEIGH GINA LEE FELBER FEYYAZ MAITO FIRMINO MAX FRINTROP ALBRECHT FUCHS TOBIAS GERBER LUKAS GOERSMEYER NIKO GRATHWOHL ULI GROHS MICHAEL GROWE DANIEL GR\u00dcTTNER TOM GRUNDMANN ALEX GUNIA ANDREAS GURSKY MATHILDE TIJEN HANSEN NSCHOTSCHI HASLINGER JOHANNES HEIDENPETER FILIP HENIN GEORG HEROLD BEATRICE HEZINGER KARIN HOCHSTATTER KATHARINA VAN HOFFS TINE HOLTERHOFF LEIKO IKEMURA SARAH ILLENBERGER ALFRED JANSEN BELA JANSSEN CHRISTOF JOHN KALAMAN CLEMENS KALETSCH MELIKE KARA BENJAMIN KATZ KAYLA KAUFFMAN KH J\u00dcRGEN KLAUKE ASTRID KLEIN MAX MARION KOBER PAUL SIMON KR\u00dcGER OLIVER KUNKEL MARIE-LUISE LEBSCHIK MANUELA LEINHOSS STEFFEN LENK KALIN LINDENA RAIMUND VON LUCKWALD LUDWIG&amp;SCHWARZ SVEN L\u00dcTZENKIRCHEN TOBIAS MARING BERNHARD MARSCH CHRISTOF MASCHER OTTO MECKY MIKE MEIR\u00c9 B\u00c4RBEL MESSMANN LASZLO MILASOVSZKY BERNADETTE MITTRUP ULRICH MOSKOPP MOTJ\u00c8R&amp;SCHNEIDER HORST M\u00dcNCH HARTMUT NEUMANN GISELA NEVEN DU MONT NICOLAI NITSCH SARAH N\u00d6LLENHEIDT MARCEL ODENBACH FELIX VON DER OSTEN DAVID OSTROWSKI ALISTAIR OVERBRUCK LEA ASIA PAGENKEMPER ULRICH PESTER CLAUDIA R. PICHT CHRISTIAN PILZ PINO PIPOLI MICHAIL PIRGELIS STEFANIE POPP MARCELLO RAGONE TILO RIEDEL IVO RINGE LEA ROCHUS MARKUS SAILE \u00d6SLEM SAKALSIZ AKIKO SATO MIREILLE SCHELLHORN JULIA SCHER THOMAS SCHMIDT BERND SCHMITZ FRANCES SCHOLZ UTA SCHOTTEN ANDREAS SCHULZE RALPH SCHUSTER TINA SCHWARZ TIMOTHY SHEARER HEATHER SHEEHAN ULRIKE SIECAUP WOLFGANG SPANIER DEJAN SPASOVSKI ALICE STEPANEK RENE STESSL STEFAN STRUMBEL STEFAN STRUNDEN SARAH SZCZESNY VOLKER TANNERT J\u00dcRGEN TELLER BOSCHER THEODOR GERT&amp;UWE TOBIAS LEIF TRENKLER ROSEMARIE TROCKEL SARRA TURAN ANNA VIRNICH WINFRIED VIRNICH BERNHARD WALTER CLAUDIA WEGWORTH CHRISTOPHER WIERLING MATTHIAS JUN WILHELM HERBERT WILLEMS HENDRIK DE WIT J\u00dcRGEN WOLF BENEDIKT ZIEGLER THOMAS ZITZWITZ MARCO ZUMB\u00c9 U.A<\/p>\n<p>15.04. &#8211; 15.07.2015 <a title=\"www.kunstgruppe.de\" href=\"http:\/\/www.kunstgruppe.de\/\" target=\"_blank\">Kunstgruppe im Salon Schmitz, Aachenerstr. 28, 50674 Cologne, Germany<\/a><\/p>\n<p>&nbsp;<\/p>\n","protected":false},"excerpt":{"rendered":"<p>Photo \u00a9 Hella Berent &nbsp; &#8220; 20 Jahre Kunstgruppe &#8222; BERND ACKFELD HANS-PETER ADAMSKI AKKE AIMAQ CURTIS ANDERSON SIEGFRIED ANZINGER ASTALI\/PEIRCE DRAGUTIN BANIC LOTTA BARTOSCHEWSKI BORIS BECKER HELLA BERENT HEINER BINDING LENA B\u00d6HM PETER B\u00d6MMELS GERD BONFERT ROBERT BRAMBORA LEONARD BULLOCK WOLFGANG BURAT LISA BUSCHE EUN JUNG CHOI WALTER DAHN CHRISTOS DASSIOS JO DICKREITER SOPHIA [&hellip;]<\/p>\n","protected":false},"author":3,"featured_media":0,"parent":507,"menu_order":7,"comment_status":"closed","ping_status":"closed","template":"","meta":{"footnotes":""},"class_list":["post-698","page","type-page","status-publish","hentry"],"yoast_head":"<!-- This site is optimized with the Yoast SEO plugin v27.4 - https:\/\/yoast.com\/product\/yoast-seo-wordpress\/ -->\n<title>Cologne - 20 Jahre Kunstgruppe (2015) - HELLA BERENT<\/title>\n<meta name=\"robots\" content=\"index, follow, max-snippet:-1, max-image-preview:large, max-video-preview:-1\" \/>\n<link rel=\"canonical\" href=\"https:\/\/www.hellaberent.de\/blog\/archiv\/cologne-kunstgruppe\/\" \/>\n<meta property=\"og:locale\" content=\"de_DE\" \/>\n<meta property=\"og:type\" content=\"article\" \/>\n<meta property=\"og:title\" content=\"Cologne - 20 Jahre Kunstgruppe (2015) - HELLA BERENT\" \/>\n<meta property=\"og:description\" content=\"Photo \u00a9 Hella Berent &nbsp; &#8220; 20 Jahre Kunstgruppe &#8222; BERND ACKFELD HANS-PETER ADAMSKI AKKE AIMAQ CURTIS ANDERSON SIEGFRIED ANZINGER ASTALI\/PEIRCE DRAGUTIN BANIC LOTTA BARTOSCHEWSKI BORIS BECKER HELLA BERENT HEINER BINDING LENA B\u00d6HM PETER B\u00d6MMELS GERD BONFERT ROBERT BRAMBORA LEONARD BULLOCK WOLFGANG BURAT LISA BUSCHE EUN JUNG CHOI WALTER DAHN CHRISTOS DASSIOS JO DICKREITER SOPHIA [&hellip;]\" \/>\n<meta property=\"og:url\" content=\"https:\/\/www.hellaberent.de\/blog\/archiv\/cologne-kunstgruppe\/\" \/>\n<meta property=\"og:site_name\" content=\"HELLA BERENT\" \/>\n<meta property=\"article:modified_time\" content=\"2018-07-25T15:46:28+00:00\" \/>\n<meta property=\"og:image\" content=\"http:\/\/www.hellaberent.de\/blog\/wp-content\/uploads\/2015\/06\/cologne-group-small.jpg\" \/>\n<meta name=\"twitter:card\" content=\"summary_large_image\" \/>\n<meta name=\"twitter:label1\" content=\"Gesch\u00e4tzte Lesezeit\" \/>\n\t<meta name=\"twitter:data1\" content=\"2\u00a0Minuten\" \/>\n<script type=\"application\/ld+json\" class=\"yoast-schema-graph\">{\"@context\":\"https:\\\/\\\/schema.org\",\"@graph\":[{\"@type\":\"WebPage\",\"@id\":\"https:\\\/\\\/www.hellaberent.de\\\/blog\\\/archiv\\\/cologne-kunstgruppe\\\/\",\"url\":\"https:\\\/\\\/www.hellaberent.de\\\/blog\\\/archiv\\\/cologne-kunstgruppe\\\/\",\"name\":\"Cologne - 20 Jahre Kunstgruppe (2015) - HELLA BERENT\",\"isPartOf\":{\"@id\":\"https:\\\/\\\/www.hellaberent.de\\\/blog\\\/#website\"},\"primaryImageOfPage\":{\"@id\":\"https:\\\/\\\/www.hellaberent.de\\\/blog\\\/archiv\\\/cologne-kunstgruppe\\\/#primaryimage\"},\"image\":{\"@id\":\"https:\\\/\\\/www.hellaberent.de\\\/blog\\\/archiv\\\/cologne-kunstgruppe\\\/#primaryimage\"},\"thumbnailUrl\":\"http:\\\/\\\/www.hellaberent.de\\\/blog\\\/wp-content\\\/uploads\\\/2015\\\/06\\\/cologne-group-small.jpg\",\"datePublished\":\"2015-06-01T12:03:23+00:00\",\"dateModified\":\"2018-07-25T15:46:28+00:00\",\"breadcrumb\":{\"@id\":\"https:\\\/\\\/www.hellaberent.de\\\/blog\\\/archiv\\\/cologne-kunstgruppe\\\/#breadcrumb\"},\"inLanguage\":\"de\",\"potentialAction\":[{\"@type\":\"ReadAction\",\"target\":[\"https:\\\/\\\/www.hellaberent.de\\\/blog\\\/archiv\\\/cologne-kunstgruppe\\\/\"]}]},{\"@type\":\"ImageObject\",\"inLanguage\":\"de\",\"@id\":\"https:\\\/\\\/www.hellaberent.de\\\/blog\\\/archiv\\\/cologne-kunstgruppe\\\/#primaryimage\",\"url\":\"https:\\\/\\\/www.hellaberent.de\\\/blog\\\/wp-content\\\/uploads\\\/2015\\\/06\\\/cologne-group-small.jpg\",\"contentUrl\":\"https:\\\/\\\/www.hellaberent.de\\\/blog\\\/wp-content\\\/uploads\\\/2015\\\/06\\\/cologne-group-small.jpg\",\"width\":329,\"height\":500},{\"@type\":\"BreadcrumbList\",\"@id\":\"https:\\\/\\\/www.hellaberent.de\\\/blog\\\/archiv\\\/cologne-kunstgruppe\\\/#breadcrumb\",\"itemListElement\":[{\"@type\":\"ListItem\",\"position\":1,\"name\":\"Startseite\",\"item\":\"https:\\\/\\\/www.hellaberent.de\\\/blog\\\/\"},{\"@type\":\"ListItem\",\"position\":2,\"name\":\"Ausstellungsarchiv (\u00dcbersicht)\",\"item\":\"https:\\\/\\\/www.hellaberent.de\\\/blog\\\/archiv\\\/\"},{\"@type\":\"ListItem\",\"position\":3,\"name\":\"Cologne &#8211; 20 Jahre Kunstgruppe (2015)\"}]},{\"@type\":\"WebSite\",\"@id\":\"https:\\\/\\\/www.hellaberent.de\\\/blog\\\/#website\",\"url\":\"https:\\\/\\\/www.hellaberent.de\\\/blog\\\/\",\"name\":\"Hella Berent\",\"description\":\"Extended Drawing = Sculpture = Space\",\"alternateName\":\"Hella Berent \u2013 Extended Drawing = Sculpture = Space\",\"potentialAction\":[{\"@type\":\"SearchAction\",\"target\":{\"@type\":\"EntryPoint\",\"urlTemplate\":\"https:\\\/\\\/www.hellaberent.de\\\/blog\\\/?s={search_term_string}\"},\"query-input\":{\"@type\":\"PropertyValueSpecification\",\"valueRequired\":true,\"valueName\":\"search_term_string\"}}],\"inLanguage\":\"de\"}]}<\/script>\n<!-- \/ Yoast SEO plugin. -->","yoast_head_json":{"title":"Cologne - 20 Jahre Kunstgruppe (2015) - HELLA BERENT","robots":{"index":"index","follow":"follow","max-snippet":"max-snippet:-1","max-image-preview":"max-image-preview:large","max-video-preview":"max-video-preview:-1"},"canonical":"https:\/\/www.hellaberent.de\/blog\/archiv\/cologne-kunstgruppe\/","og_locale":"de_DE","og_type":"article","og_title":"Cologne - 20 Jahre Kunstgruppe (2015) - HELLA BERENT","og_description":"Photo \u00a9 Hella Berent &nbsp; &#8220; 20 Jahre Kunstgruppe &#8222; BERND ACKFELD HANS-PETER ADAMSKI AKKE AIMAQ CURTIS ANDERSON SIEGFRIED ANZINGER ASTALI\/PEIRCE DRAGUTIN BANIC LOTTA BARTOSCHEWSKI BORIS BECKER HELLA BERENT HEINER BINDING LENA B\u00d6HM PETER B\u00d6MMELS GERD BONFERT ROBERT BRAMBORA LEONARD BULLOCK WOLFGANG BURAT LISA BUSCHE EUN JUNG CHOI WALTER DAHN CHRISTOS DASSIOS JO DICKREITER SOPHIA [&hellip;]","og_url":"https:\/\/www.hellaberent.de\/blog\/archiv\/cologne-kunstgruppe\/","og_site_name":"HELLA BERENT","article_modified_time":"2018-07-25T15:46:28+00:00","og_image":[{"url":"http:\/\/www.hellaberent.de\/blog\/wp-content\/uploads\/2015\/06\/cologne-group-small.jpg","type":"","width":"","height":""}],"twitter_card":"summary_large_image","twitter_misc":{"Gesch\u00e4tzte Lesezeit":"2\u00a0Minuten"},"schema":{"@context":"https:\/\/schema.org","@graph":[{"@type":"WebPage","@id":"https:\/\/www.hellaberent.de\/blog\/archiv\/cologne-kunstgruppe\/","url":"https:\/\/www.hellaberent.de\/blog\/archiv\/cologne-kunstgruppe\/","name":"Cologne - 20 Jahre Kunstgruppe (2015) - HELLA BERENT","isPartOf":{"@id":"https:\/\/www.hellaberent.de\/blog\/#website"},"primaryImageOfPage":{"@id":"https:\/\/www.hellaberent.de\/blog\/archiv\/cologne-kunstgruppe\/#primaryimage"},"image":{"@id":"https:\/\/www.hellaberent.de\/blog\/archiv\/cologne-kunstgruppe\/#primaryimage"},"thumbnailUrl":"http:\/\/www.hellaberent.de\/blog\/wp-content\/uploads\/2015\/06\/cologne-group-small.jpg","datePublished":"2015-06-01T12:03:23+00:00","dateModified":"2018-07-25T15:46:28+00:00","breadcrumb":{"@id":"https:\/\/www.hellaberent.de\/blog\/archiv\/cologne-kunstgruppe\/#breadcrumb"},"inLanguage":"de","potentialAction":[{"@type":"ReadAction","target":["https:\/\/www.hellaberent.de\/blog\/archiv\/cologne-kunstgruppe\/"]}]},{"@type":"ImageObject","inLanguage":"de","@id":"https:\/\/www.hellaberent.de\/blog\/archiv\/cologne-kunstgruppe\/#primaryimage","url":"https:\/\/www.hellaberent.de\/blog\/wp-content\/uploads\/2015\/06\/cologne-group-small.jpg","contentUrl":"https:\/\/www.hellaberent.de\/blog\/wp-content\/uploads\/2015\/06\/cologne-group-small.jpg","width":329,"height":500},{"@type":"BreadcrumbList","@id":"https:\/\/www.hellaberent.de\/blog\/archiv\/cologne-kunstgruppe\/#breadcrumb","itemListElement":[{"@type":"ListItem","position":1,"name":"Startseite","item":"https:\/\/www.hellaberent.de\/blog\/"},{"@type":"ListItem","position":2,"name":"Ausstellungsarchiv (\u00dcbersicht)","item":"https:\/\/www.hellaberent.de\/blog\/archiv\/"},{"@type":"ListItem","position":3,"name":"Cologne &#8211; 20 Jahre Kunstgruppe (2015)"}]},{"@type":"WebSite","@id":"https:\/\/www.hellaberent.de\/blog\/#website","url":"https:\/\/www.hellaberent.de\/blog\/","name":"Hella Berent","description":"Extended Drawing = Sculpture = Space","alternateName":"Hella Berent \u2013 Extended Drawing = Sculpture = Space","potentialAction":[{"@type":"SearchAction","target":{"@type":"EntryPoint","urlTemplate":"https:\/\/www.hellaberent.de\/blog\/?s={search_term_string}"},"query-input":{"@type":"PropertyValueSpecification","valueRequired":true,"valueName":"search_term_string"}}],"inLanguage":"de"}]}},"_links":{"self":[{"href":"https:\/\/www.hellaberent.de\/blog\/wp-json\/wp\/v2\/pages\/698","targetHints":{"allow":["GET"]}}],"collection":[{"href":"https:\/\/www.hellaberent.de\/blog\/wp-json\/wp\/v2\/pages"}],"about":[{"href":"https:\/\/www.hellaberent.de\/blog\/wp-json\/wp\/v2\/types\/page"}],"author":[{"embeddable":true,"href":"https:\/\/www.hellaberent.de\/blog\/wp-json\/wp\/v2\/users\/3"}],"replies":[{"embeddable":true,"href":"https:\/\/www.hellaberent.de\/blog\/wp-json\/wp\/v2\/comments?post=698"}],"version-history":[{"count":16,"href":"https:\/\/www.hellaberent.de\/blog\/wp-json\/wp\/v2\/pages\/698\/revisions"}],"predecessor-version":[{"id":1487,"href":"https:\/\/www.hellaberent.de\/blog\/wp-json\/wp\/v2\/pages\/698\/revisions\/1487"}],"up":[{"embeddable":true,"href":"https:\/\/www.hellaberent.de\/blog\/wp-json\/wp\/v2\/pages\/507"}],"wp:attachment":[{"href":"https:\/\/www.hellaberent.de\/blog\/wp-json\/wp\/v2\/media?parent=698"}],"curies":[{"name":"wp","href":"https:\/\/api.w.org\/{rel}","templated":true}]}}