{"id":830,"date":"2016-03-09T16:33:11","date_gmt":"2016-03-09T14:33:11","guid":{"rendered":"http:\/\/www.hellaberent.de\/blog\/?page_id=830"},"modified":"2018-07-25T17:43:08","modified_gmt":"2018-07-25T15:43:08","slug":"oldenburg-2016-liquidtimes","status":"publish","type":"page","link":"https:\/\/www.hellaberent.de\/blog\/archiv\/oldenburg-2016-liquidtimes\/","title":{"rendered":"Oldenburg &#8211; LIQUIDTIMES (2016)"},"content":{"rendered":"<p><img decoding=\"async\" class=\"alignnone size-full wp-image-949 lazyload\" data-src=\"http:\/\/www.hellaberent.de\/blog\/wp-content\/uploads\/2016\/03\/oldenburg-liquid-001.jpg\" alt=\"oldenburg-liquid-001\" width=\"854\" height=\"570\" data-srcset=\"https:\/\/www.hellaberent.de\/blog\/wp-content\/uploads\/2016\/03\/oldenburg-liquid-001.jpg 854w, https:\/\/www.hellaberent.de\/blog\/wp-content\/uploads\/2016\/03\/oldenburg-liquid-001-300x200.jpg 300w, https:\/\/www.hellaberent.de\/blog\/wp-content\/uploads\/2016\/03\/oldenburg-liquid-001-768x513.jpg 768w\" data-sizes=\"(max-width: 854px) 100vw, 854px\" src=\"data:image\/svg+xml;base64,PHN2ZyB3aWR0aD0iMSIgaGVpZ2h0PSIxIiB4bWxucz0iaHR0cDovL3d3dy53My5vcmcvMjAwMC9zdmciPjwvc3ZnPg==\" style=\"--smush-placeholder-width: 854px; --smush-placeholder-aspect-ratio: 854\/570;\" \/><\/p>\n<p><img decoding=\"async\" class=\"alignnone size-full wp-image-950 lazyload\" data-src=\"http:\/\/www.hellaberent.de\/blog\/wp-content\/uploads\/2016\/03\/oldenburg-liquid-002.jpg\" alt=\"oldenburg-liquid-002\" width=\"854\" height=\"570\" data-srcset=\"https:\/\/www.hellaberent.de\/blog\/wp-content\/uploads\/2016\/03\/oldenburg-liquid-002.jpg 854w, https:\/\/www.hellaberent.de\/blog\/wp-content\/uploads\/2016\/03\/oldenburg-liquid-002-300x200.jpg 300w, https:\/\/www.hellaberent.de\/blog\/wp-content\/uploads\/2016\/03\/oldenburg-liquid-002-768x513.jpg 768w\" data-sizes=\"(max-width: 854px) 100vw, 854px\" src=\"data:image\/svg+xml;base64,PHN2ZyB3aWR0aD0iMSIgaGVpZ2h0PSIxIiB4bWxucz0iaHR0cDovL3d3dy53My5vcmcvMjAwMC9zdmciPjwvc3ZnPg==\" style=\"--smush-placeholder-width: 854px; --smush-placeholder-aspect-ratio: 854\/570;\" \/><\/p>\n<p><img decoding=\"async\" class=\"alignnone size-full wp-image-951 lazyload\" data-src=\"http:\/\/www.hellaberent.de\/blog\/wp-content\/uploads\/2016\/03\/oldenburg-liquid-003.jpg\" alt=\"oldenburg-liquid-003\" width=\"854\" height=\"570\" data-srcset=\"https:\/\/www.hellaberent.de\/blog\/wp-content\/uploads\/2016\/03\/oldenburg-liquid-003.jpg 854w, https:\/\/www.hellaberent.de\/blog\/wp-content\/uploads\/2016\/03\/oldenburg-liquid-003-300x200.jpg 300w, https:\/\/www.hellaberent.de\/blog\/wp-content\/uploads\/2016\/03\/oldenburg-liquid-003-768x513.jpg 768w\" data-sizes=\"(max-width: 854px) 100vw, 854px\" src=\"data:image\/svg+xml;base64,PHN2ZyB3aWR0aD0iMSIgaGVpZ2h0PSIxIiB4bWxucz0iaHR0cDovL3d3dy53My5vcmcvMjAwMC9zdmciPjwvc3ZnPg==\" style=\"--smush-placeholder-width: 854px; --smush-placeholder-aspect-ratio: 854\/570;\" \/><\/p>\n<p><img decoding=\"async\" class=\"alignnone size-full wp-image-952 lazyload\" data-src=\"http:\/\/www.hellaberent.de\/blog\/wp-content\/uploads\/2016\/03\/oldenburg-liquid-004.jpg\" alt=\"oldenburg-liquid-004\" width=\"854\" height=\"570\" data-srcset=\"https:\/\/www.hellaberent.de\/blog\/wp-content\/uploads\/2016\/03\/oldenburg-liquid-004.jpg 854w, https:\/\/www.hellaberent.de\/blog\/wp-content\/uploads\/2016\/03\/oldenburg-liquid-004-300x200.jpg 300w, https:\/\/www.hellaberent.de\/blog\/wp-content\/uploads\/2016\/03\/oldenburg-liquid-004-768x513.jpg 768w\" data-sizes=\"(max-width: 854px) 100vw, 854px\" src=\"data:image\/svg+xml;base64,PHN2ZyB3aWR0aD0iMSIgaGVpZ2h0PSIxIiB4bWxucz0iaHR0cDovL3d3dy53My5vcmcvMjAwMC9zdmciPjwvc3ZnPg==\" style=\"--smush-placeholder-width: 854px; --smush-placeholder-aspect-ratio: 854\/570;\" \/><\/p>\n<p><a href=\"https:\/\/www.youtube.com\/watch?v=GEHaRyeCpIc\">https:\/\/www.youtube.com\/watch?v=GEHaRyeCpIc<\/a><\/p>\n<p>&nbsp;<\/p>\n<table border=\"0\" width=\"850\" cellspacing=\"2\" cellpadding=\"0\">\n<tbody>\n<tr>\n<td style=\"padding-left: 30px;\" align=\"left\" valign=\"top\" width=\"50%\"><em>POETRY OF TIME &#8211; BOOK I<\/em><br \/>\n<strong>2016 SURFACE II <\/strong><br \/>\nMixed Media<br \/>\nDez.2013-2014-2015.-2016<br \/>\nBangkok &#8211; Myanmar &#8211; T\u00fcrkei &#8211; K\u00f6ln &#8211; T\u00fcrkei &#8211; K\u00f6ln<br \/>\nTime Under Influence<br \/>\nHELLA BERENT<br \/>\n64 Bl\u00e4tter<br \/>\n29,6 x 21,5 cm<br \/>\nHardcover<\/td>\n<td align=\"left\" valign=\"top\" width=\"50%\"><em>POETRY OF TIME &#8211; BOOK II<\/em><br \/>\n<strong>Hella Berent<\/strong><br \/>\nGenf 2014<br \/>\nMixed Media<br \/>\n26.2.2014 &#8211; Februar 2016<br \/>\nK\u00f6ln &#8211; Genf &#8211; T\u00fcrkei &#8211; K\u00f6ln &#8211; T\u00fcrkei &#8211; K\u00f6ln<br \/>\n75 Bl\u00e4tter<br \/>\n28 x 21,5 cm<br \/>\nHardcover<\/td>\n<\/tr>\n<\/tbody>\n<\/table>\n<p>&nbsp;<br \/>\n<strong>&#8220; <em>LIQUIDTIMES &#8211; HELLA BERENT<\/em> &#8220; solo <\/strong><br \/>\n04.03. \u2013 15.04.2016<br \/>\nUPSTAIRS GALLERY, Oldenburg, Germany<br \/>\nIntroduction: Dr. Monica Meyer-Bohlen<br \/>\n<a href=\"http:\/\/www.upstairs-gallery.de\" target=\"_blank\" rel=\"noopener\">www.upstairs-gallery.de<\/a><\/p>\n<p><a href=\"http:\/\/hellaberent.de\/LIQUIDTIMES-INVITE.pdf\">Invitation (PDF)<\/a><\/p>\n<p>&nbsp;<\/p>\n","protected":false},"excerpt":{"rendered":"<p>&nbsp; POETRY OF TIME &#8211; BOOK I 2016 SURFACE II Mixed Media Dez.2013-2014-2015.-2016 Bangkok &#8211; Myanmar &#8211; T\u00fcrkei &#8211; K\u00f6ln &#8211; T\u00fcrkei &#8211; K\u00f6ln Time Under Influence HELLA BERENT 64 Bl\u00e4tter 29,6 x 21,5 cm Hardcover POETRY OF TIME &#8211; BOOK II Hella Berent Genf 2014 Mixed Media 26.2.2014 &#8211; Februar 2016 K\u00f6ln &#8211; Genf [&hellip;]<\/p>\n","protected":false},"author":3,"featured_media":0,"parent":507,"menu_order":6,"comment_status":"closed","ping_status":"closed","template":"","meta":{"footnotes":""},"class_list":["post-830","page","type-page","status-publish","hentry"],"yoast_head":"<!-- This site is optimized with the Yoast SEO plugin v27.4 - https:\/\/yoast.com\/product\/yoast-seo-wordpress\/ -->\n<title>Oldenburg - LIQUIDTIMES (2016) - HELLA BERENT<\/title>\n<meta name=\"robots\" content=\"index, follow, max-snippet:-1, max-image-preview:large, max-video-preview:-1\" \/>\n<link rel=\"canonical\" href=\"https:\/\/www.hellaberent.de\/blog\/archiv\/oldenburg-2016-liquidtimes\/\" \/>\n<meta property=\"og:locale\" content=\"de_DE\" \/>\n<meta property=\"og:type\" content=\"article\" \/>\n<meta property=\"og:title\" content=\"Oldenburg - LIQUIDTIMES (2016) - HELLA BERENT\" \/>\n<meta property=\"og:description\" content=\"&nbsp; POETRY OF TIME &#8211; BOOK I 2016 SURFACE II Mixed Media Dez.2013-2014-2015.-2016 Bangkok &#8211; Myanmar &#8211; T\u00fcrkei &#8211; K\u00f6ln &#8211; T\u00fcrkei &#8211; K\u00f6ln Time Under Influence HELLA BERENT 64 Bl\u00e4tter 29,6 x 21,5 cm Hardcover POETRY OF TIME &#8211; BOOK II Hella Berent Genf 2014 Mixed Media 26.2.2014 &#8211; Februar 2016 K\u00f6ln &#8211; Genf [&hellip;]\" \/>\n<meta property=\"og:url\" content=\"https:\/\/www.hellaberent.de\/blog\/archiv\/oldenburg-2016-liquidtimes\/\" \/>\n<meta property=\"og:site_name\" content=\"HELLA BERENT\" \/>\n<meta property=\"article:modified_time\" content=\"2018-07-25T15:43:08+00:00\" \/>\n<meta property=\"og:image\" content=\"http:\/\/www.hellaberent.de\/blog\/wp-content\/uploads\/2016\/03\/oldenburg-liquid-001.jpg\" \/>\n<meta name=\"twitter:card\" content=\"summary_large_image\" \/>\n<meta name=\"twitter:label1\" content=\"Gesch\u00e4tzte Lesezeit\" \/>\n\t<meta name=\"twitter:data1\" content=\"1\u00a0Minute\" \/>\n<script type=\"application\/ld+json\" class=\"yoast-schema-graph\">{\"@context\":\"https:\\\/\\\/schema.org\",\"@graph\":[{\"@type\":\"WebPage\",\"@id\":\"https:\\\/\\\/www.hellaberent.de\\\/blog\\\/archiv\\\/oldenburg-2016-liquidtimes\\\/\",\"url\":\"https:\\\/\\\/www.hellaberent.de\\\/blog\\\/archiv\\\/oldenburg-2016-liquidtimes\\\/\",\"name\":\"Oldenburg - LIQUIDTIMES (2016) - HELLA BERENT\",\"isPartOf\":{\"@id\":\"https:\\\/\\\/www.hellaberent.de\\\/blog\\\/#website\"},\"primaryImageOfPage\":{\"@id\":\"https:\\\/\\\/www.hellaberent.de\\\/blog\\\/archiv\\\/oldenburg-2016-liquidtimes\\\/#primaryimage\"},\"image\":{\"@id\":\"https:\\\/\\\/www.hellaberent.de\\\/blog\\\/archiv\\\/oldenburg-2016-liquidtimes\\\/#primaryimage\"},\"thumbnailUrl\":\"http:\\\/\\\/www.hellaberent.de\\\/blog\\\/wp-content\\\/uploads\\\/2016\\\/03\\\/oldenburg-liquid-001.jpg\",\"datePublished\":\"2016-03-09T14:33:11+00:00\",\"dateModified\":\"2018-07-25T15:43:08+00:00\",\"breadcrumb\":{\"@id\":\"https:\\\/\\\/www.hellaberent.de\\\/blog\\\/archiv\\\/oldenburg-2016-liquidtimes\\\/#breadcrumb\"},\"inLanguage\":\"de\",\"potentialAction\":[{\"@type\":\"ReadAction\",\"target\":[\"https:\\\/\\\/www.hellaberent.de\\\/blog\\\/archiv\\\/oldenburg-2016-liquidtimes\\\/\"]}]},{\"@type\":\"ImageObject\",\"inLanguage\":\"de\",\"@id\":\"https:\\\/\\\/www.hellaberent.de\\\/blog\\\/archiv\\\/oldenburg-2016-liquidtimes\\\/#primaryimage\",\"url\":\"https:\\\/\\\/www.hellaberent.de\\\/blog\\\/wp-content\\\/uploads\\\/2016\\\/03\\\/oldenburg-liquid-001.jpg\",\"contentUrl\":\"https:\\\/\\\/www.hellaberent.de\\\/blog\\\/wp-content\\\/uploads\\\/2016\\\/03\\\/oldenburg-liquid-001.jpg\",\"width\":854,\"height\":570},{\"@type\":\"BreadcrumbList\",\"@id\":\"https:\\\/\\\/www.hellaberent.de\\\/blog\\\/archiv\\\/oldenburg-2016-liquidtimes\\\/#breadcrumb\",\"itemListElement\":[{\"@type\":\"ListItem\",\"position\":1,\"name\":\"Startseite\",\"item\":\"https:\\\/\\\/www.hellaberent.de\\\/blog\\\/\"},{\"@type\":\"ListItem\",\"position\":2,\"name\":\"Ausstellungsarchiv (\u00dcbersicht)\",\"item\":\"https:\\\/\\\/www.hellaberent.de\\\/blog\\\/archiv\\\/\"},{\"@type\":\"ListItem\",\"position\":3,\"name\":\"Oldenburg &#8211; LIQUIDTIMES (2016)\"}]},{\"@type\":\"WebSite\",\"@id\":\"https:\\\/\\\/www.hellaberent.de\\\/blog\\\/#website\",\"url\":\"https:\\\/\\\/www.hellaberent.de\\\/blog\\\/\",\"name\":\"Hella Berent\",\"description\":\"Extended Drawing = Sculpture = Space\",\"alternateName\":\"Hella Berent \u2013 Extended Drawing = Sculpture = Space\",\"potentialAction\":[{\"@type\":\"SearchAction\",\"target\":{\"@type\":\"EntryPoint\",\"urlTemplate\":\"https:\\\/\\\/www.hellaberent.de\\\/blog\\\/?s={search_term_string}\"},\"query-input\":{\"@type\":\"PropertyValueSpecification\",\"valueRequired\":true,\"valueName\":\"search_term_string\"}}],\"inLanguage\":\"de\"}]}<\/script>\n<!-- \/ Yoast SEO plugin. -->","yoast_head_json":{"title":"Oldenburg - LIQUIDTIMES (2016) - HELLA BERENT","robots":{"index":"index","follow":"follow","max-snippet":"max-snippet:-1","max-image-preview":"max-image-preview:large","max-video-preview":"max-video-preview:-1"},"canonical":"https:\/\/www.hellaberent.de\/blog\/archiv\/oldenburg-2016-liquidtimes\/","og_locale":"de_DE","og_type":"article","og_title":"Oldenburg - LIQUIDTIMES (2016) - HELLA BERENT","og_description":"&nbsp; POETRY OF TIME &#8211; BOOK I 2016 SURFACE II Mixed Media Dez.2013-2014-2015.-2016 Bangkok &#8211; Myanmar &#8211; T\u00fcrkei &#8211; K\u00f6ln &#8211; T\u00fcrkei &#8211; K\u00f6ln Time Under Influence HELLA BERENT 64 Bl\u00e4tter 29,6 x 21,5 cm Hardcover POETRY OF TIME &#8211; BOOK II Hella Berent Genf 2014 Mixed Media 26.2.2014 &#8211; Februar 2016 K\u00f6ln &#8211; Genf [&hellip;]","og_url":"https:\/\/www.hellaberent.de\/blog\/archiv\/oldenburg-2016-liquidtimes\/","og_site_name":"HELLA BERENT","article_modified_time":"2018-07-25T15:43:08+00:00","og_image":[{"url":"http:\/\/www.hellaberent.de\/blog\/wp-content\/uploads\/2016\/03\/oldenburg-liquid-001.jpg","type":"","width":"","height":""}],"twitter_card":"summary_large_image","twitter_misc":{"Gesch\u00e4tzte Lesezeit":"1\u00a0Minute"},"schema":{"@context":"https:\/\/schema.org","@graph":[{"@type":"WebPage","@id":"https:\/\/www.hellaberent.de\/blog\/archiv\/oldenburg-2016-liquidtimes\/","url":"https:\/\/www.hellaberent.de\/blog\/archiv\/oldenburg-2016-liquidtimes\/","name":"Oldenburg - LIQUIDTIMES (2016) - HELLA BERENT","isPartOf":{"@id":"https:\/\/www.hellaberent.de\/blog\/#website"},"primaryImageOfPage":{"@id":"https:\/\/www.hellaberent.de\/blog\/archiv\/oldenburg-2016-liquidtimes\/#primaryimage"},"image":{"@id":"https:\/\/www.hellaberent.de\/blog\/archiv\/oldenburg-2016-liquidtimes\/#primaryimage"},"thumbnailUrl":"http:\/\/www.hellaberent.de\/blog\/wp-content\/uploads\/2016\/03\/oldenburg-liquid-001.jpg","datePublished":"2016-03-09T14:33:11+00:00","dateModified":"2018-07-25T15:43:08+00:00","breadcrumb":{"@id":"https:\/\/www.hellaberent.de\/blog\/archiv\/oldenburg-2016-liquidtimes\/#breadcrumb"},"inLanguage":"de","potentialAction":[{"@type":"ReadAction","target":["https:\/\/www.hellaberent.de\/blog\/archiv\/oldenburg-2016-liquidtimes\/"]}]},{"@type":"ImageObject","inLanguage":"de","@id":"https:\/\/www.hellaberent.de\/blog\/archiv\/oldenburg-2016-liquidtimes\/#primaryimage","url":"https:\/\/www.hellaberent.de\/blog\/wp-content\/uploads\/2016\/03\/oldenburg-liquid-001.jpg","contentUrl":"https:\/\/www.hellaberent.de\/blog\/wp-content\/uploads\/2016\/03\/oldenburg-liquid-001.jpg","width":854,"height":570},{"@type":"BreadcrumbList","@id":"https:\/\/www.hellaberent.de\/blog\/archiv\/oldenburg-2016-liquidtimes\/#breadcrumb","itemListElement":[{"@type":"ListItem","position":1,"name":"Startseite","item":"https:\/\/www.hellaberent.de\/blog\/"},{"@type":"ListItem","position":2,"name":"Ausstellungsarchiv (\u00dcbersicht)","item":"https:\/\/www.hellaberent.de\/blog\/archiv\/"},{"@type":"ListItem","position":3,"name":"Oldenburg &#8211; LIQUIDTIMES (2016)"}]},{"@type":"WebSite","@id":"https:\/\/www.hellaberent.de\/blog\/#website","url":"https:\/\/www.hellaberent.de\/blog\/","name":"Hella Berent","description":"Extended Drawing = Sculpture = Space","alternateName":"Hella Berent \u2013 Extended Drawing = Sculpture = Space","potentialAction":[{"@type":"SearchAction","target":{"@type":"EntryPoint","urlTemplate":"https:\/\/www.hellaberent.de\/blog\/?s={search_term_string}"},"query-input":{"@type":"PropertyValueSpecification","valueRequired":true,"valueName":"search_term_string"}}],"inLanguage":"de"}]}},"_links":{"self":[{"href":"https:\/\/www.hellaberent.de\/blog\/wp-json\/wp\/v2\/pages\/830","targetHints":{"allow":["GET"]}}],"collection":[{"href":"https:\/\/www.hellaberent.de\/blog\/wp-json\/wp\/v2\/pages"}],"about":[{"href":"https:\/\/www.hellaberent.de\/blog\/wp-json\/wp\/v2\/types\/page"}],"author":[{"embeddable":true,"href":"https:\/\/www.hellaberent.de\/blog\/wp-json\/wp\/v2\/users\/3"}],"replies":[{"embeddable":true,"href":"https:\/\/www.hellaberent.de\/blog\/wp-json\/wp\/v2\/comments?post=830"}],"version-history":[{"count":20,"href":"https:\/\/www.hellaberent.de\/blog\/wp-json\/wp\/v2\/pages\/830\/revisions"}],"predecessor-version":[{"id":1484,"href":"https:\/\/www.hellaberent.de\/blog\/wp-json\/wp\/v2\/pages\/830\/revisions\/1484"}],"up":[{"embeddable":true,"href":"https:\/\/www.hellaberent.de\/blog\/wp-json\/wp\/v2\/pages\/507"}],"wp:attachment":[{"href":"https:\/\/www.hellaberent.de\/blog\/wp-json\/wp\/v2\/media?parent=830"}],"curies":[{"name":"wp","href":"https:\/\/api.w.org\/{rel}","templated":true}]}}