{"id":835,"date":"2016-03-11T14:43:42","date_gmt":"2016-03-11T12:43:42","guid":{"rendered":"http:\/\/www.hellaberent.de\/blog\/?page_id=835"},"modified":"2018-07-25T17:54:21","modified_gmt":"2018-07-25T15:54:21","slug":"heilbronn-offenen-auges-galerie-rieker","status":"publish","type":"page","link":"https:\/\/www.hellaberent.de\/blog\/archiv\/heilbronn-offenen-auges-galerie-rieker\/","title":{"rendered":"Heilbronn &#8211; Offenen Auges (2016)"},"content":{"rendered":"<p><img decoding=\"async\" class=\"alignnone size-full wp-image-838 lazyload\" title=\"Head # 25 Isfahan, Iran 2007 - Clay, Glase, 35 x 16 cm\" data-src=\"http:\/\/www.hellaberent.de\/blog\/wp-content\/uploads\/2016\/03\/Heilbronn1sm-1.jpg\" alt=\"Head # 25 Isfahan, Iran 2007 - Clay, Glase, 35 x 16 cm\" width=\"860\" height=\"516\" data-srcset=\"https:\/\/www.hellaberent.de\/blog\/wp-content\/uploads\/2016\/03\/Heilbronn1sm-1.jpg 860w, https:\/\/www.hellaberent.de\/blog\/wp-content\/uploads\/2016\/03\/Heilbronn1sm-1-300x180.jpg 300w, https:\/\/www.hellaberent.de\/blog\/wp-content\/uploads\/2016\/03\/Heilbronn1sm-1-768x461.jpg 768w\" data-sizes=\"(max-width: 860px) 100vw, 860px\" src=\"data:image\/svg+xml;base64,PHN2ZyB3aWR0aD0iMSIgaGVpZ2h0PSIxIiB4bWxucz0iaHR0cDovL3d3dy53My5vcmcvMjAwMC9zdmciPjwvc3ZnPg==\" style=\"--smush-placeholder-width: 860px; --smush-placeholder-aspect-ratio: 860\/516;\" \/>&nbsp;<img decoding=\"async\" class=\"alignnone size-full wp-image-837 lazyload\" title=\"Head # 25 Isfahan, Iran 2007 - Clay, Glase, 35 x 16 cm\" data-src=\"http:\/\/www.hellaberent.de\/blog\/wp-content\/uploads\/2016\/03\/Heilbronn2sm2.jpg\" alt=\"Head # 25 Isfahan, Iran 2007 - Clay, Glase, 35 x 16 cm\" width=\"860\" height=\"480\" data-srcset=\"https:\/\/www.hellaberent.de\/blog\/wp-content\/uploads\/2016\/03\/Heilbronn2sm2.jpg 860w, https:\/\/www.hellaberent.de\/blog\/wp-content\/uploads\/2016\/03\/Heilbronn2sm2-300x167.jpg 300w, https:\/\/www.hellaberent.de\/blog\/wp-content\/uploads\/2016\/03\/Heilbronn2sm2-768x429.jpg 768w\" data-sizes=\"(max-width: 860px) 100vw, 860px\" src=\"data:image\/svg+xml;base64,PHN2ZyB3aWR0aD0iMSIgaGVpZ2h0PSIxIiB4bWxucz0iaHR0cDovL3d3dy53My5vcmcvMjAwMC9zdmciPjwvc3ZnPg==\" style=\"--smush-placeholder-width: 860px; --smush-placeholder-aspect-ratio: 860\/480;\" \/><\/p>\n<p><strong>&#8220; <em>Offenen Auges<\/em> &#8220; Galerie Manfred Rieker 1981 &#8211; 2015<\/strong><br \/>\n19.2. &#8211; 20.3.2016<br \/>\nGalerie Manfred Rieker, Heilbronn, Germany<br \/>\nHIROMI AKIYAMA BARBARA ARMBRUSTER ENRIQUE ASENSI FRANZ BERNHARD HEINRICH BRUMMACK <strong>HELLA BERENT<\/strong> THOMAS GATZEMEIER PETER GILLES YVONNE GOULBIER ANDREAS GRUNERT EDGAR GUTBUB SEBASTIAN HEMPEL BERND HENNIG ERWIN HERBST ALBERT HIEN RENATE HOFFLEIT JUSTUS JAHN VOLLRAD KUTSCHER THOMAS LENK KOHO MORI-NEWTON GEORG M\u00dcHLECK JAN VAN MUNSTER JAUME RIBAS PETER RIEK ROBERT SCHAD HANS SCH\u00dcLE FRITZ SCHWEGLER ABI SHEK BERNHARD ST\u00dcBER LOTHAR QUINTE VOR\u00c9 SIBYLLE WAGNER BEN WILLIKENS<br \/>\nIntroduction: Harry Mergel, Oberb\u00fcrgermeister der Stadt Heilbronn<br \/>\n<a href=\"http:\/\/www.galerie-rieker.de\" target=\"_blank\">www.galerie-rieker.de<\/a><\/p>\n<p><a href=\"http:\/\/www.hellaberent.de\/heilbronn-rieker-2016-montage.pdf\" target=\"_blank\">Fotomontage Giuseppe Di Giandomenico<\/a> (PDF)<\/p>\n<p>&nbsp;<\/p>\n","protected":false},"excerpt":{"rendered":"<p>&nbsp; &#8220; Offenen Auges &#8220; Galerie Manfred Rieker 1981 &#8211; 2015 19.2. &#8211; 20.3.2016 Galerie Manfred Rieker, Heilbronn, Germany HIROMI AKIYAMA BARBARA ARMBRUSTER ENRIQUE ASENSI FRANZ BERNHARD HEINRICH BRUMMACK HELLA BERENT THOMAS GATZEMEIER PETER GILLES YVONNE GOULBIER ANDREAS GRUNERT EDGAR GUTBUB SEBASTIAN HEMPEL BERND HENNIG ERWIN HERBST ALBERT HIEN RENATE HOFFLEIT JUSTUS JAHN VOLLRAD KUTSCHER [&hellip;]<\/p>\n","protected":false},"author":3,"featured_media":0,"parent":507,"menu_order":9,"comment_status":"closed","ping_status":"closed","template":"","meta":{"footnotes":""},"class_list":["post-835","page","type-page","status-publish","hentry"],"yoast_head":"<!-- This site is optimized with the Yoast SEO plugin v27.4 - https:\/\/yoast.com\/product\/yoast-seo-wordpress\/ -->\n<title>Heilbronn - Offenen Auges (2016) - HELLA BERENT<\/title>\n<meta name=\"robots\" content=\"index, follow, max-snippet:-1, max-image-preview:large, max-video-preview:-1\" \/>\n<link rel=\"canonical\" href=\"https:\/\/www.hellaberent.de\/blog\/archiv\/heilbronn-offenen-auges-galerie-rieker\/\" \/>\n<meta property=\"og:locale\" content=\"de_DE\" \/>\n<meta property=\"og:type\" content=\"article\" \/>\n<meta property=\"og:title\" content=\"Heilbronn - Offenen Auges (2016) - HELLA BERENT\" \/>\n<meta property=\"og:description\" content=\"&nbsp; &#8220; Offenen Auges &#8220; Galerie Manfred Rieker 1981 &#8211; 2015 19.2. &#8211; 20.3.2016 Galerie Manfred Rieker, Heilbronn, Germany HIROMI AKIYAMA BARBARA ARMBRUSTER ENRIQUE ASENSI FRANZ BERNHARD HEINRICH BRUMMACK HELLA BERENT THOMAS GATZEMEIER PETER GILLES YVONNE GOULBIER ANDREAS GRUNERT EDGAR GUTBUB SEBASTIAN HEMPEL BERND HENNIG ERWIN HERBST ALBERT HIEN RENATE HOFFLEIT JUSTUS JAHN VOLLRAD KUTSCHER [&hellip;]\" \/>\n<meta property=\"og:url\" content=\"https:\/\/www.hellaberent.de\/blog\/archiv\/heilbronn-offenen-auges-galerie-rieker\/\" \/>\n<meta property=\"og:site_name\" content=\"HELLA BERENT\" \/>\n<meta property=\"article:modified_time\" content=\"2018-07-25T15:54:21+00:00\" \/>\n<meta property=\"og:image\" content=\"http:\/\/www.hellaberent.de\/blog\/wp-content\/uploads\/2016\/03\/Heilbronn1sm-1.jpg\" \/>\n<meta name=\"twitter:card\" content=\"summary_large_image\" \/>\n<script type=\"application\/ld+json\" class=\"yoast-schema-graph\">{\"@context\":\"https:\\\/\\\/schema.org\",\"@graph\":[{\"@type\":\"WebPage\",\"@id\":\"https:\\\/\\\/www.hellaberent.de\\\/blog\\\/archiv\\\/heilbronn-offenen-auges-galerie-rieker\\\/\",\"url\":\"https:\\\/\\\/www.hellaberent.de\\\/blog\\\/archiv\\\/heilbronn-offenen-auges-galerie-rieker\\\/\",\"name\":\"Heilbronn - Offenen Auges (2016) - HELLA BERENT\",\"isPartOf\":{\"@id\":\"https:\\\/\\\/www.hellaberent.de\\\/blog\\\/#website\"},\"primaryImageOfPage\":{\"@id\":\"https:\\\/\\\/www.hellaberent.de\\\/blog\\\/archiv\\\/heilbronn-offenen-auges-galerie-rieker\\\/#primaryimage\"},\"image\":{\"@id\":\"https:\\\/\\\/www.hellaberent.de\\\/blog\\\/archiv\\\/heilbronn-offenen-auges-galerie-rieker\\\/#primaryimage\"},\"thumbnailUrl\":\"http:\\\/\\\/www.hellaberent.de\\\/blog\\\/wp-content\\\/uploads\\\/2016\\\/03\\\/Heilbronn1sm-1.jpg\",\"datePublished\":\"2016-03-11T12:43:42+00:00\",\"dateModified\":\"2018-07-25T15:54:21+00:00\",\"breadcrumb\":{\"@id\":\"https:\\\/\\\/www.hellaberent.de\\\/blog\\\/archiv\\\/heilbronn-offenen-auges-galerie-rieker\\\/#breadcrumb\"},\"inLanguage\":\"de\",\"potentialAction\":[{\"@type\":\"ReadAction\",\"target\":[\"https:\\\/\\\/www.hellaberent.de\\\/blog\\\/archiv\\\/heilbronn-offenen-auges-galerie-rieker\\\/\"]}]},{\"@type\":\"ImageObject\",\"inLanguage\":\"de\",\"@id\":\"https:\\\/\\\/www.hellaberent.de\\\/blog\\\/archiv\\\/heilbronn-offenen-auges-galerie-rieker\\\/#primaryimage\",\"url\":\"https:\\\/\\\/www.hellaberent.de\\\/blog\\\/wp-content\\\/uploads\\\/2016\\\/03\\\/Heilbronn1sm-1.jpg\",\"contentUrl\":\"https:\\\/\\\/www.hellaberent.de\\\/blog\\\/wp-content\\\/uploads\\\/2016\\\/03\\\/Heilbronn1sm-1.jpg\",\"width\":860,\"height\":516},{\"@type\":\"BreadcrumbList\",\"@id\":\"https:\\\/\\\/www.hellaberent.de\\\/blog\\\/archiv\\\/heilbronn-offenen-auges-galerie-rieker\\\/#breadcrumb\",\"itemListElement\":[{\"@type\":\"ListItem\",\"position\":1,\"name\":\"Startseite\",\"item\":\"https:\\\/\\\/www.hellaberent.de\\\/blog\\\/\"},{\"@type\":\"ListItem\",\"position\":2,\"name\":\"Ausstellungsarchiv (\u00dcbersicht)\",\"item\":\"https:\\\/\\\/www.hellaberent.de\\\/blog\\\/archiv\\\/\"},{\"@type\":\"ListItem\",\"position\":3,\"name\":\"Heilbronn &#8211; Offenen Auges (2016)\"}]},{\"@type\":\"WebSite\",\"@id\":\"https:\\\/\\\/www.hellaberent.de\\\/blog\\\/#website\",\"url\":\"https:\\\/\\\/www.hellaberent.de\\\/blog\\\/\",\"name\":\"Hella Berent\",\"description\":\"Extended Drawing = Sculpture = Space\",\"alternateName\":\"Hella Berent \u2013 Extended Drawing = Sculpture = Space\",\"potentialAction\":[{\"@type\":\"SearchAction\",\"target\":{\"@type\":\"EntryPoint\",\"urlTemplate\":\"https:\\\/\\\/www.hellaberent.de\\\/blog\\\/?s={search_term_string}\"},\"query-input\":{\"@type\":\"PropertyValueSpecification\",\"valueRequired\":true,\"valueName\":\"search_term_string\"}}],\"inLanguage\":\"de\"}]}<\/script>\n<!-- \/ Yoast SEO plugin. -->","yoast_head_json":{"title":"Heilbronn - Offenen Auges (2016) - HELLA BERENT","robots":{"index":"index","follow":"follow","max-snippet":"max-snippet:-1","max-image-preview":"max-image-preview:large","max-video-preview":"max-video-preview:-1"},"canonical":"https:\/\/www.hellaberent.de\/blog\/archiv\/heilbronn-offenen-auges-galerie-rieker\/","og_locale":"de_DE","og_type":"article","og_title":"Heilbronn - Offenen Auges (2016) - HELLA BERENT","og_description":"&nbsp; &#8220; Offenen Auges &#8220; Galerie Manfred Rieker 1981 &#8211; 2015 19.2. &#8211; 20.3.2016 Galerie Manfred Rieker, Heilbronn, Germany HIROMI AKIYAMA BARBARA ARMBRUSTER ENRIQUE ASENSI FRANZ BERNHARD HEINRICH BRUMMACK HELLA BERENT THOMAS GATZEMEIER PETER GILLES YVONNE GOULBIER ANDREAS GRUNERT EDGAR GUTBUB SEBASTIAN HEMPEL BERND HENNIG ERWIN HERBST ALBERT HIEN RENATE HOFFLEIT JUSTUS JAHN VOLLRAD KUTSCHER [&hellip;]","og_url":"https:\/\/www.hellaberent.de\/blog\/archiv\/heilbronn-offenen-auges-galerie-rieker\/","og_site_name":"HELLA BERENT","article_modified_time":"2018-07-25T15:54:21+00:00","og_image":[{"url":"http:\/\/www.hellaberent.de\/blog\/wp-content\/uploads\/2016\/03\/Heilbronn1sm-1.jpg","type":"","width":"","height":""}],"twitter_card":"summary_large_image","schema":{"@context":"https:\/\/schema.org","@graph":[{"@type":"WebPage","@id":"https:\/\/www.hellaberent.de\/blog\/archiv\/heilbronn-offenen-auges-galerie-rieker\/","url":"https:\/\/www.hellaberent.de\/blog\/archiv\/heilbronn-offenen-auges-galerie-rieker\/","name":"Heilbronn - Offenen Auges (2016) - HELLA BERENT","isPartOf":{"@id":"https:\/\/www.hellaberent.de\/blog\/#website"},"primaryImageOfPage":{"@id":"https:\/\/www.hellaberent.de\/blog\/archiv\/heilbronn-offenen-auges-galerie-rieker\/#primaryimage"},"image":{"@id":"https:\/\/www.hellaberent.de\/blog\/archiv\/heilbronn-offenen-auges-galerie-rieker\/#primaryimage"},"thumbnailUrl":"http:\/\/www.hellaberent.de\/blog\/wp-content\/uploads\/2016\/03\/Heilbronn1sm-1.jpg","datePublished":"2016-03-11T12:43:42+00:00","dateModified":"2018-07-25T15:54:21+00:00","breadcrumb":{"@id":"https:\/\/www.hellaberent.de\/blog\/archiv\/heilbronn-offenen-auges-galerie-rieker\/#breadcrumb"},"inLanguage":"de","potentialAction":[{"@type":"ReadAction","target":["https:\/\/www.hellaberent.de\/blog\/archiv\/heilbronn-offenen-auges-galerie-rieker\/"]}]},{"@type":"ImageObject","inLanguage":"de","@id":"https:\/\/www.hellaberent.de\/blog\/archiv\/heilbronn-offenen-auges-galerie-rieker\/#primaryimage","url":"https:\/\/www.hellaberent.de\/blog\/wp-content\/uploads\/2016\/03\/Heilbronn1sm-1.jpg","contentUrl":"https:\/\/www.hellaberent.de\/blog\/wp-content\/uploads\/2016\/03\/Heilbronn1sm-1.jpg","width":860,"height":516},{"@type":"BreadcrumbList","@id":"https:\/\/www.hellaberent.de\/blog\/archiv\/heilbronn-offenen-auges-galerie-rieker\/#breadcrumb","itemListElement":[{"@type":"ListItem","position":1,"name":"Startseite","item":"https:\/\/www.hellaberent.de\/blog\/"},{"@type":"ListItem","position":2,"name":"Ausstellungsarchiv (\u00dcbersicht)","item":"https:\/\/www.hellaberent.de\/blog\/archiv\/"},{"@type":"ListItem","position":3,"name":"Heilbronn &#8211; Offenen Auges (2016)"}]},{"@type":"WebSite","@id":"https:\/\/www.hellaberent.de\/blog\/#website","url":"https:\/\/www.hellaberent.de\/blog\/","name":"Hella Berent","description":"Extended Drawing = Sculpture = Space","alternateName":"Hella Berent \u2013 Extended Drawing = Sculpture = Space","potentialAction":[{"@type":"SearchAction","target":{"@type":"EntryPoint","urlTemplate":"https:\/\/www.hellaberent.de\/blog\/?s={search_term_string}"},"query-input":{"@type":"PropertyValueSpecification","valueRequired":true,"valueName":"search_term_string"}}],"inLanguage":"de"}]}},"_links":{"self":[{"href":"https:\/\/www.hellaberent.de\/blog\/wp-json\/wp\/v2\/pages\/835","targetHints":{"allow":["GET"]}}],"collection":[{"href":"https:\/\/www.hellaberent.de\/blog\/wp-json\/wp\/v2\/pages"}],"about":[{"href":"https:\/\/www.hellaberent.de\/blog\/wp-json\/wp\/v2\/types\/page"}],"author":[{"embeddable":true,"href":"https:\/\/www.hellaberent.de\/blog\/wp-json\/wp\/v2\/users\/3"}],"replies":[{"embeddable":true,"href":"https:\/\/www.hellaberent.de\/blog\/wp-json\/wp\/v2\/comments?post=835"}],"version-history":[{"count":11,"href":"https:\/\/www.hellaberent.de\/blog\/wp-json\/wp\/v2\/pages\/835\/revisions"}],"predecessor-version":[{"id":846,"href":"https:\/\/www.hellaberent.de\/blog\/wp-json\/wp\/v2\/pages\/835\/revisions\/846"}],"up":[{"embeddable":true,"href":"https:\/\/www.hellaberent.de\/blog\/wp-json\/wp\/v2\/pages\/507"}],"wp:attachment":[{"href":"https:\/\/www.hellaberent.de\/blog\/wp-json\/wp\/v2\/media?parent=835"}],"curies":[{"name":"wp","href":"https:\/\/api.w.org\/{rel}","templated":true}]}}