{"id":914,"date":"2016-11-03T16:20:30","date_gmt":"2016-11-03T14:20:30","guid":{"rendered":"http:\/\/www.hellaberent.de\/blog\/?page_id=914"},"modified":"2018-07-25T17:39:03","modified_gmt":"2018-07-25T15:39:03","slug":"kunsthalle-hamburg-2016-zeichnungsraume","status":"publish","type":"page","link":"https:\/\/www.hellaberent.de\/blog\/kunsthalle-hamburg-2016-zeichnungsraume\/","title":{"rendered":"Hamburg &#8211; Zeichnungsr\u00e4ume (2016)"},"content":{"rendered":"<p><img decoding=\"async\" class=\"alignnone wp-image-915 lazyload\" data-src=\"http:\/\/www.hellaberent.de\/blog\/wp-content\/uploads\/2016\/11\/hamburg-00.jpg\" alt=\"Zeichnungsr\u00e4ume, Kunsthalle Hamburg 2016\" width=\"500\" height=\"500\" data-srcset=\"https:\/\/www.hellaberent.de\/blog\/wp-content\/uploads\/2016\/11\/hamburg-00.jpg 800w, https:\/\/www.hellaberent.de\/blog\/wp-content\/uploads\/2016\/11\/hamburg-00-150x150.jpg 150w, https:\/\/www.hellaberent.de\/blog\/wp-content\/uploads\/2016\/11\/hamburg-00-300x300.jpg 300w, https:\/\/www.hellaberent.de\/blog\/wp-content\/uploads\/2016\/11\/hamburg-00-768x768.jpg 768w\" data-sizes=\"(max-width: 500px) 100vw, 500px\" src=\"data:image\/svg+xml;base64,PHN2ZyB3aWR0aD0iMSIgaGVpZ2h0PSIxIiB4bWxucz0iaHR0cDovL3d3dy53My5vcmcvMjAwMC9zdmciPjwvc3ZnPg==\" style=\"--smush-placeholder-width: 500px; --smush-placeholder-aspect-ratio: 500\/500;\" \/><\/p>\n<p><img decoding=\"async\" class=\"wp-image-917 lazyload\" data-src=\"http:\/\/www.hellaberent.de\/blog\/wp-content\/uploads\/2016\/11\/hamburg-01-706x1024.jpg\" alt=\"Zeichnungsr\u00e4ume, Kunsthalle Hamburg 2016\" width=\"400\" height=\"580\" data-srcset=\"https:\/\/www.hellaberent.de\/blog\/wp-content\/uploads\/2016\/11\/hamburg-01-706x1024.jpg 706w, https:\/\/www.hellaberent.de\/blog\/wp-content\/uploads\/2016\/11\/hamburg-01-207x300.jpg 207w, https:\/\/www.hellaberent.de\/blog\/wp-content\/uploads\/2016\/11\/hamburg-01-768x1114.jpg 768w, https:\/\/www.hellaberent.de\/blog\/wp-content\/uploads\/2016\/11\/hamburg-01-623x904.jpg 623w, https:\/\/www.hellaberent.de\/blog\/wp-content\/uploads\/2016\/11\/hamburg-01.jpg 922w\" data-sizes=\"(max-width: 400px) 100vw, 400px\" src=\"data:image\/svg+xml;base64,PHN2ZyB3aWR0aD0iMSIgaGVpZ2h0PSIxIiB4bWxucz0iaHR0cDovL3d3dy53My5vcmcvMjAwMC9zdmciPjwvc3ZnPg==\" style=\"--smush-placeholder-width: 400px; --smush-placeholder-aspect-ratio: 400\/580;\" \/>&nbsp; &nbsp; &nbsp; &nbsp;<img decoding=\"async\" class=\"wp-image-916 lazyload\" data-src=\"http:\/\/www.hellaberent.de\/blog\/wp-content\/uploads\/2016\/11\/hamburg-02-698x1024.jpg\" alt=\"Zeichnungsr\u00e4ume, Kunsthalle Hamburg 2016\" width=\"395\" height=\"580\" data-srcset=\"https:\/\/www.hellaberent.de\/blog\/wp-content\/uploads\/2016\/11\/hamburg-02-698x1024.jpg 698w, https:\/\/www.hellaberent.de\/blog\/wp-content\/uploads\/2016\/11\/hamburg-02-204x300.jpg 204w, https:\/\/www.hellaberent.de\/blog\/wp-content\/uploads\/2016\/11\/hamburg-02-768x1127.jpg 768w, https:\/\/www.hellaberent.de\/blog\/wp-content\/uploads\/2016\/11\/hamburg-02-616x904.jpg 616w, https:\/\/www.hellaberent.de\/blog\/wp-content\/uploads\/2016\/11\/hamburg-02.jpg 922w\" data-sizes=\"(max-width: 395px) 100vw, 395px\" src=\"data:image\/svg+xml;base64,PHN2ZyB3aWR0aD0iMSIgaGVpZ2h0PSIxIiB4bWxucz0iaHR0cDovL3d3dy53My5vcmcvMjAwMC9zdmciPjwvc3ZnPg==\" style=\"--smush-placeholder-width: 395px; --smush-placeholder-aspect-ratio: 395\/580;\" \/><\/p>\n<p><strong>&#8220; <em>Zeichnungsr\u00e4ume<\/em> &#8222;<\/strong><br \/>\nEditor Kunsthalle Hamburg 2016 Hamburg, Germany<br \/>\nBook Release<\/p>\n<p>Positionen zeitgen\u00f6ssischer Graphik<br \/>\nDas Medium der Zeichnung ist so aktuell wie nie. Besonders junge K\u00fcnstler widmen sich wieder ausschlie\u00dflich der Zeichnung und setzen selbstbewusst neue Akzente. Das Spektrum reicht von der pr\u00e4zisen, kleinformatigen Bleistiftstudie \u00fcber Diagramme, Reportagen, Partituren bis hin zu gro\u00dfen, tempor\u00e4ren Rauminstallationen. Diese neuen Tendenzen in der Zeichnung stehen im Mittelpunkt des Bandes \u201eZeichnungsr\u00e4ume\u201c.<br \/>\nDer Katalog zur Ausstellung anl\u00e4sslich der Neuer\u00f6ffnung der Hamburger Kunsthalle bietet einen umfassenden \u00dcberblick \u00fcber 50 Jahre Zeichnung und damit einen Einblick in ein Medium, das heute zu den \u201eoffensten und unmittelbarsten Gattungen der Gegenwart\u201c geh\u00f6rt.<\/p>\n<p>K\u00fcnstler:<br \/>\nMartin Assig, Silvia B\u00e4chli, Jill Baroff, Georg Baselitz, Lucie Beppler, <strong>Hella Berent<\/strong>, Detlef Birgfeld, Bernhard Johannes Blume, Sandra Boeschenstein, KP Brehmer, Karoline Br\u00f6ckel, John Cage, Hanne Darboven, Jim Dine, Felix Droese, Marcel van Eeden, Friedrich Einhoff, Bea Emsbach, Nadine Fecht, Lili Fischer, Karl Otto G\u00f6tz, Lothar G\u00f6tz, Katharina Hinsberg, Candida H\u00f6fer, Rebecca Horn, Olav Christopher Jenssen, Carolin J\u00f6rg \/ Michael Fragstein, Margrit Kahl, K\u00e1roly Keser\u00fc, Hubert Kiecol, Konrad Klapheck, J\u00fcrgen Klauke, Astrid K\u00f6ppe, Norbert Kricke, Sol LeWitt, Philip Loersch, Olaf Metzel, Nanne Meyer, Mariella Mosler, Thomas M\u00fcller, Bettina Munk, Danica Phelps, Gudrun Piper, Sigmar Polke, Arnulf Rainer, Gerhard Richter, James Rosenquist, Dieter Roth, Ulrich R\u00fcckriem, Sebastian Rug, Fred Sandback, Nora Schattauer, Bernard Schultze, Thomas Sch\u00fctte, K. R. H. Sonderborg, Malte Spohr, German Stegmaier, Gabi Steinhauser, Kai Sudeck, Rosemarie Trockel, Barbara Camilla Tucholski, Jorinde Voigt, Clivia Vorrath, Franz Erhard Walther<\/p>\n<p><a href=\"https:\/\/www.kerberverlag.com\/de\/zeichnungsraume.html\">https:\/\/www.kerberverlag.com\/de\/zeichnungsraume.html<\/a><\/p>\n<p>&nbsp;<\/p>\n","protected":false},"excerpt":{"rendered":"<p>&nbsp; &nbsp; &nbsp; &nbsp; &#8220; Zeichnungsr\u00e4ume &#8222; Editor Kunsthalle Hamburg 2016 Hamburg, Germany Book Release Positionen zeitgen\u00f6ssischer Graphik Das Medium der Zeichnung ist so aktuell wie nie. Besonders junge K\u00fcnstler widmen sich wieder ausschlie\u00dflich der Zeichnung und setzen selbstbewusst neue Akzente. Das Spektrum reicht von der pr\u00e4zisen, kleinformatigen Bleistiftstudie \u00fcber Diagramme, Reportagen, Partituren bis hin [&hellip;]<\/p>\n","protected":false},"author":3,"featured_media":0,"parent":0,"menu_order":4,"comment_status":"closed","ping_status":"closed","template":"","meta":{"footnotes":""},"class_list":["post-914","page","type-page","status-publish","hentry"],"yoast_head":"<!-- This site is optimized with the Yoast SEO plugin v27.4 - https:\/\/yoast.com\/product\/yoast-seo-wordpress\/ -->\n<title>Hamburg - Zeichnungsr\u00e4ume (2016) - HELLA BERENT<\/title>\n<meta name=\"robots\" content=\"index, follow, max-snippet:-1, max-image-preview:large, max-video-preview:-1\" \/>\n<link rel=\"canonical\" href=\"https:\/\/www.hellaberent.de\/blog\/kunsthalle-hamburg-2016-zeichnungsraume\/\" \/>\n<meta property=\"og:locale\" content=\"de_DE\" \/>\n<meta property=\"og:type\" content=\"article\" \/>\n<meta property=\"og:title\" content=\"Hamburg - Zeichnungsr\u00e4ume (2016) - HELLA BERENT\" \/>\n<meta property=\"og:description\" content=\"&nbsp; &nbsp; &nbsp; &nbsp; &#8220; Zeichnungsr\u00e4ume &#8222; Editor Kunsthalle Hamburg 2016 Hamburg, Germany Book Release Positionen zeitgen\u00f6ssischer Graphik Das Medium der Zeichnung ist so aktuell wie nie. Besonders junge K\u00fcnstler widmen sich wieder ausschlie\u00dflich der Zeichnung und setzen selbstbewusst neue Akzente. Das Spektrum reicht von der pr\u00e4zisen, kleinformatigen Bleistiftstudie \u00fcber Diagramme, Reportagen, Partituren bis hin [&hellip;]\" \/>\n<meta property=\"og:url\" content=\"https:\/\/www.hellaberent.de\/blog\/kunsthalle-hamburg-2016-zeichnungsraume\/\" \/>\n<meta property=\"og:site_name\" content=\"HELLA BERENT\" \/>\n<meta property=\"article:modified_time\" content=\"2018-07-25T15:39:03+00:00\" \/>\n<meta property=\"og:image\" content=\"http:\/\/www.hellaberent.de\/blog\/wp-content\/uploads\/2016\/11\/hamburg-00.jpg\" \/>\n<meta name=\"twitter:card\" content=\"summary_large_image\" \/>\n<meta name=\"twitter:label1\" content=\"Gesch\u00e4tzte Lesezeit\" \/>\n\t<meta name=\"twitter:data1\" content=\"1\u00a0Minute\" \/>\n<script type=\"application\/ld+json\" class=\"yoast-schema-graph\">{\"@context\":\"https:\\\/\\\/schema.org\",\"@graph\":[{\"@type\":\"WebPage\",\"@id\":\"https:\\\/\\\/www.hellaberent.de\\\/blog\\\/kunsthalle-hamburg-2016-zeichnungsraume\\\/\",\"url\":\"https:\\\/\\\/www.hellaberent.de\\\/blog\\\/kunsthalle-hamburg-2016-zeichnungsraume\\\/\",\"name\":\"Hamburg - Zeichnungsr\u00e4ume (2016) - HELLA BERENT\",\"isPartOf\":{\"@id\":\"https:\\\/\\\/www.hellaberent.de\\\/blog\\\/#website\"},\"primaryImageOfPage\":{\"@id\":\"https:\\\/\\\/www.hellaberent.de\\\/blog\\\/kunsthalle-hamburg-2016-zeichnungsraume\\\/#primaryimage\"},\"image\":{\"@id\":\"https:\\\/\\\/www.hellaberent.de\\\/blog\\\/kunsthalle-hamburg-2016-zeichnungsraume\\\/#primaryimage\"},\"thumbnailUrl\":\"http:\\\/\\\/www.hellaberent.de\\\/blog\\\/wp-content\\\/uploads\\\/2016\\\/11\\\/hamburg-00.jpg\",\"datePublished\":\"2016-11-03T14:20:30+00:00\",\"dateModified\":\"2018-07-25T15:39:03+00:00\",\"breadcrumb\":{\"@id\":\"https:\\\/\\\/www.hellaberent.de\\\/blog\\\/kunsthalle-hamburg-2016-zeichnungsraume\\\/#breadcrumb\"},\"inLanguage\":\"de\",\"potentialAction\":[{\"@type\":\"ReadAction\",\"target\":[\"https:\\\/\\\/www.hellaberent.de\\\/blog\\\/kunsthalle-hamburg-2016-zeichnungsraume\\\/\"]}]},{\"@type\":\"ImageObject\",\"inLanguage\":\"de\",\"@id\":\"https:\\\/\\\/www.hellaberent.de\\\/blog\\\/kunsthalle-hamburg-2016-zeichnungsraume\\\/#primaryimage\",\"url\":\"https:\\\/\\\/www.hellaberent.de\\\/blog\\\/wp-content\\\/uploads\\\/2016\\\/11\\\/hamburg-00.jpg\",\"contentUrl\":\"https:\\\/\\\/www.hellaberent.de\\\/blog\\\/wp-content\\\/uploads\\\/2016\\\/11\\\/hamburg-00.jpg\",\"width\":800,\"height\":800},{\"@type\":\"BreadcrumbList\",\"@id\":\"https:\\\/\\\/www.hellaberent.de\\\/blog\\\/kunsthalle-hamburg-2016-zeichnungsraume\\\/#breadcrumb\",\"itemListElement\":[{\"@type\":\"ListItem\",\"position\":1,\"name\":\"Startseite\",\"item\":\"https:\\\/\\\/www.hellaberent.de\\\/blog\\\/\"},{\"@type\":\"ListItem\",\"position\":2,\"name\":\"Hamburg &#8211; Zeichnungsr\u00e4ume (2016)\"}]},{\"@type\":\"WebSite\",\"@id\":\"https:\\\/\\\/www.hellaberent.de\\\/blog\\\/#website\",\"url\":\"https:\\\/\\\/www.hellaberent.de\\\/blog\\\/\",\"name\":\"Hella Berent\",\"description\":\"Extended Drawing = Sculpture = Space\",\"alternateName\":\"Hella Berent \u2013 Extended Drawing = Sculpture = Space\",\"potentialAction\":[{\"@type\":\"SearchAction\",\"target\":{\"@type\":\"EntryPoint\",\"urlTemplate\":\"https:\\\/\\\/www.hellaberent.de\\\/blog\\\/?s={search_term_string}\"},\"query-input\":{\"@type\":\"PropertyValueSpecification\",\"valueRequired\":true,\"valueName\":\"search_term_string\"}}],\"inLanguage\":\"de\"}]}<\/script>\n<!-- \/ Yoast SEO plugin. -->","yoast_head_json":{"title":"Hamburg - Zeichnungsr\u00e4ume (2016) - HELLA BERENT","robots":{"index":"index","follow":"follow","max-snippet":"max-snippet:-1","max-image-preview":"max-image-preview:large","max-video-preview":"max-video-preview:-1"},"canonical":"https:\/\/www.hellaberent.de\/blog\/kunsthalle-hamburg-2016-zeichnungsraume\/","og_locale":"de_DE","og_type":"article","og_title":"Hamburg - Zeichnungsr\u00e4ume (2016) - HELLA BERENT","og_description":"&nbsp; &nbsp; &nbsp; &nbsp; &#8220; Zeichnungsr\u00e4ume &#8222; Editor Kunsthalle Hamburg 2016 Hamburg, Germany Book Release Positionen zeitgen\u00f6ssischer Graphik Das Medium der Zeichnung ist so aktuell wie nie. Besonders junge K\u00fcnstler widmen sich wieder ausschlie\u00dflich der Zeichnung und setzen selbstbewusst neue Akzente. Das Spektrum reicht von der pr\u00e4zisen, kleinformatigen Bleistiftstudie \u00fcber Diagramme, Reportagen, Partituren bis hin [&hellip;]","og_url":"https:\/\/www.hellaberent.de\/blog\/kunsthalle-hamburg-2016-zeichnungsraume\/","og_site_name":"HELLA BERENT","article_modified_time":"2018-07-25T15:39:03+00:00","og_image":[{"url":"http:\/\/www.hellaberent.de\/blog\/wp-content\/uploads\/2016\/11\/hamburg-00.jpg","type":"","width":"","height":""}],"twitter_card":"summary_large_image","twitter_misc":{"Gesch\u00e4tzte Lesezeit":"1\u00a0Minute"},"schema":{"@context":"https:\/\/schema.org","@graph":[{"@type":"WebPage","@id":"https:\/\/www.hellaberent.de\/blog\/kunsthalle-hamburg-2016-zeichnungsraume\/","url":"https:\/\/www.hellaberent.de\/blog\/kunsthalle-hamburg-2016-zeichnungsraume\/","name":"Hamburg - Zeichnungsr\u00e4ume (2016) - HELLA BERENT","isPartOf":{"@id":"https:\/\/www.hellaberent.de\/blog\/#website"},"primaryImageOfPage":{"@id":"https:\/\/www.hellaberent.de\/blog\/kunsthalle-hamburg-2016-zeichnungsraume\/#primaryimage"},"image":{"@id":"https:\/\/www.hellaberent.de\/blog\/kunsthalle-hamburg-2016-zeichnungsraume\/#primaryimage"},"thumbnailUrl":"http:\/\/www.hellaberent.de\/blog\/wp-content\/uploads\/2016\/11\/hamburg-00.jpg","datePublished":"2016-11-03T14:20:30+00:00","dateModified":"2018-07-25T15:39:03+00:00","breadcrumb":{"@id":"https:\/\/www.hellaberent.de\/blog\/kunsthalle-hamburg-2016-zeichnungsraume\/#breadcrumb"},"inLanguage":"de","potentialAction":[{"@type":"ReadAction","target":["https:\/\/www.hellaberent.de\/blog\/kunsthalle-hamburg-2016-zeichnungsraume\/"]}]},{"@type":"ImageObject","inLanguage":"de","@id":"https:\/\/www.hellaberent.de\/blog\/kunsthalle-hamburg-2016-zeichnungsraume\/#primaryimage","url":"https:\/\/www.hellaberent.de\/blog\/wp-content\/uploads\/2016\/11\/hamburg-00.jpg","contentUrl":"https:\/\/www.hellaberent.de\/blog\/wp-content\/uploads\/2016\/11\/hamburg-00.jpg","width":800,"height":800},{"@type":"BreadcrumbList","@id":"https:\/\/www.hellaberent.de\/blog\/kunsthalle-hamburg-2016-zeichnungsraume\/#breadcrumb","itemListElement":[{"@type":"ListItem","position":1,"name":"Startseite","item":"https:\/\/www.hellaberent.de\/blog\/"},{"@type":"ListItem","position":2,"name":"Hamburg &#8211; Zeichnungsr\u00e4ume (2016)"}]},{"@type":"WebSite","@id":"https:\/\/www.hellaberent.de\/blog\/#website","url":"https:\/\/www.hellaberent.de\/blog\/","name":"Hella Berent","description":"Extended Drawing = Sculpture = Space","alternateName":"Hella Berent \u2013 Extended Drawing = Sculpture = Space","potentialAction":[{"@type":"SearchAction","target":{"@type":"EntryPoint","urlTemplate":"https:\/\/www.hellaberent.de\/blog\/?s={search_term_string}"},"query-input":{"@type":"PropertyValueSpecification","valueRequired":true,"valueName":"search_term_string"}}],"inLanguage":"de"}]}},"_links":{"self":[{"href":"https:\/\/www.hellaberent.de\/blog\/wp-json\/wp\/v2\/pages\/914","targetHints":{"allow":["GET"]}}],"collection":[{"href":"https:\/\/www.hellaberent.de\/blog\/wp-json\/wp\/v2\/pages"}],"about":[{"href":"https:\/\/www.hellaberent.de\/blog\/wp-json\/wp\/v2\/types\/page"}],"author":[{"embeddable":true,"href":"https:\/\/www.hellaberent.de\/blog\/wp-json\/wp\/v2\/users\/3"}],"replies":[{"embeddable":true,"href":"https:\/\/www.hellaberent.de\/blog\/wp-json\/wp\/v2\/comments?post=914"}],"version-history":[{"count":10,"href":"https:\/\/www.hellaberent.de\/blog\/wp-json\/wp\/v2\/pages\/914\/revisions"}],"predecessor-version":[{"id":1481,"href":"https:\/\/www.hellaberent.de\/blog\/wp-json\/wp\/v2\/pages\/914\/revisions\/1481"}],"wp:attachment":[{"href":"https:\/\/www.hellaberent.de\/blog\/wp-json\/wp\/v2\/media?parent=914"}],"curies":[{"name":"wp","href":"https:\/\/api.w.org\/{rel}","templated":true}]}}