{"id":960,"date":"2016-11-09T15:55:26","date_gmt":"2016-11-09T13:55:26","guid":{"rendered":"http:\/\/www.hellaberent.de\/blog\/?page_id=960"},"modified":"2018-07-25T17:44:32","modified_gmt":"2018-07-25T15:44:32","slug":"oldenburg-2","status":"publish","type":"page","link":"https:\/\/www.hellaberent.de\/blog\/archiv\/oldenburg-2\/","title":{"rendered":"Oldenburg &#8211; Athanasy (2016)"},"content":{"rendered":"<p>&nbsp;<img decoding=\"async\" class=\"alignnone wp-image-965 size-full lazyload\" title=\"Onno Feenders - donator, Corinna Roeder - library director , Hella Berent\" data-src=\"http:\/\/www.hellaberent.de\/blog\/wp-content\/uploads\/2016\/11\/oldenburg2-foto1KL.jpg\" alt=\"Onno Feenders - donator, Corinna Roeder - library director , Hella Berent\" width=\"595\" height=\"400\" data-srcset=\"https:\/\/www.hellaberent.de\/blog\/wp-content\/uploads\/2016\/11\/oldenburg2-foto1KL.jpg 595w, https:\/\/www.hellaberent.de\/blog\/wp-content\/uploads\/2016\/11\/oldenburg2-foto1KL-300x202.jpg 300w\" data-sizes=\"(max-width: 595px) 100vw, 595px\" src=\"data:image\/svg+xml;base64,PHN2ZyB3aWR0aD0iMSIgaGVpZ2h0PSIxIiB4bWxucz0iaHR0cDovL3d3dy53My5vcmcvMjAwMC9zdmciPjwvc3ZnPg==\" style=\"--smush-placeholder-width: 595px; --smush-placeholder-aspect-ratio: 595\/400;\" \/>&nbsp; &nbsp; &nbsp;<img decoding=\"async\" class=\"alignnone wp-image-964 size-full lazyload\" title=\"Athanasy - The Consuming Fire of Otherness, New Delhi 1993, Unikat 49 Bl\u00e4tter, 31,2 x 31,2 cm, Hardcover Elfenbein, Pr\u00e4gedruck\" data-src=\"http:\/\/www.hellaberent.de\/blog\/wp-content\/uploads\/2016\/11\/oldenburg2-buchKL.jpg\" alt=\"Athanasy - The Consuming Fire of Otherness, New Delhi 1993, Unikat 49 Bl\u00e4tter, 31,2 x 31,2 cm, Hardcover Elfenbein, Pr\u00e4gedruck\" width=\"595\" height=\"400\" data-srcset=\"https:\/\/www.hellaberent.de\/blog\/wp-content\/uploads\/2016\/11\/oldenburg2-buchKL.jpg 595w, https:\/\/www.hellaberent.de\/blog\/wp-content\/uploads\/2016\/11\/oldenburg2-buchKL-300x202.jpg 300w\" data-sizes=\"(max-width: 595px) 100vw, 595px\" src=\"data:image\/svg+xml;base64,PHN2ZyB3aWR0aD0iMSIgaGVpZ2h0PSIxIiB4bWxucz0iaHR0cDovL3d3dy53My5vcmcvMjAwMC9zdmciPjwvc3ZnPg==\" style=\"--smush-placeholder-width: 595px; --smush-placeholder-aspect-ratio: 595\/400;\" \/><\/p>\n<p><strong><em>&#8220; Athanasy &#8211; The Consuming Fire of Otherness &#8222;<\/em><\/strong><br \/>\nK\u00fcnstlerbuch Hella Berent<br \/>\nNew Delhi 1993, Unikat 49 Bl\u00e4tter, 31,2 x 31,2 cm<br \/>\nZeichnung, Graphit, Farbstift auf Architektenpapier, Hardcover Elfenbein, Pr\u00e4gedruck<br \/>\nLandesbibliothek Oldenburg, Oldenburg, Germany<\/p>\n<p><a href=\"https:\/\/www.youtube.com\/watch?v=rxLekCrJOV4\">Interview: To the acquisition Artist Book Athanasy \u2013 The Consuming Fire of Otherness (Youtube)<\/a><br \/>\n<a href=\"http:\/\/www.hellaberent.de\/Athanasy_invite.pdf\">Press Invitation<\/a> (PDF)<br \/>\n<a href=\"http:\/\/www.hellaberent.de\/Athanasy_presser.pdf\">Press Release<\/a> (PDF)<\/p>\n<p>&nbsp;<\/p>\n","protected":false},"excerpt":{"rendered":"<p>&nbsp;&nbsp; &nbsp; &nbsp; &#8220; Athanasy &#8211; The Consuming Fire of Otherness &#8222; K\u00fcnstlerbuch Hella Berent New Delhi 1993, Unikat 49 Bl\u00e4tter, 31,2 x 31,2 cm Zeichnung, Graphit, Farbstift auf Architektenpapier, Hardcover Elfenbein, Pr\u00e4gedruck Landesbibliothek Oldenburg, Oldenburg, Germany Interview: To the acquisition Artist Book Athanasy \u2013 The Consuming Fire of Otherness (Youtube) Press Invitation (PDF) Press [&hellip;]<\/p>\n","protected":false},"author":3,"featured_media":0,"parent":507,"menu_order":6,"comment_status":"closed","ping_status":"closed","template":"","meta":{"footnotes":""},"class_list":["post-960","page","type-page","status-publish","hentry"],"yoast_head":"<!-- This site is optimized with the Yoast SEO plugin v27.4 - https:\/\/yoast.com\/product\/yoast-seo-wordpress\/ -->\n<title>Oldenburg - Athanasy (2016) - HELLA BERENT<\/title>\n<meta name=\"robots\" content=\"index, follow, max-snippet:-1, max-image-preview:large, max-video-preview:-1\" \/>\n<link rel=\"canonical\" href=\"https:\/\/www.hellaberent.de\/blog\/archiv\/oldenburg-2\/\" \/>\n<meta property=\"og:locale\" content=\"de_DE\" \/>\n<meta property=\"og:type\" content=\"article\" \/>\n<meta property=\"og:title\" content=\"Oldenburg - Athanasy (2016) - HELLA BERENT\" \/>\n<meta property=\"og:description\" content=\"&nbsp;&nbsp; &nbsp; &nbsp; &#8220; Athanasy &#8211; The Consuming Fire of Otherness &#8222; K\u00fcnstlerbuch Hella Berent New Delhi 1993, Unikat 49 Bl\u00e4tter, 31,2 x 31,2 cm Zeichnung, Graphit, Farbstift auf Architektenpapier, Hardcover Elfenbein, Pr\u00e4gedruck Landesbibliothek Oldenburg, Oldenburg, Germany Interview: To the acquisition Artist Book Athanasy \u2013 The Consuming Fire of Otherness (Youtube) Press Invitation (PDF) Press [&hellip;]\" \/>\n<meta property=\"og:url\" content=\"https:\/\/www.hellaberent.de\/blog\/archiv\/oldenburg-2\/\" \/>\n<meta property=\"og:site_name\" content=\"HELLA BERENT\" \/>\n<meta property=\"article:modified_time\" content=\"2018-07-25T15:44:32+00:00\" \/>\n<meta property=\"og:image\" content=\"http:\/\/www.hellaberent.de\/blog\/wp-content\/uploads\/2016\/11\/oldenburg2-foto1KL.jpg\" \/>\n<meta name=\"twitter:card\" content=\"summary_large_image\" \/>\n<script type=\"application\/ld+json\" class=\"yoast-schema-graph\">{\"@context\":\"https:\\\/\\\/schema.org\",\"@graph\":[{\"@type\":\"WebPage\",\"@id\":\"https:\\\/\\\/www.hellaberent.de\\\/blog\\\/archiv\\\/oldenburg-2\\\/\",\"url\":\"https:\\\/\\\/www.hellaberent.de\\\/blog\\\/archiv\\\/oldenburg-2\\\/\",\"name\":\"Oldenburg - Athanasy (2016) - HELLA BERENT\",\"isPartOf\":{\"@id\":\"https:\\\/\\\/www.hellaberent.de\\\/blog\\\/#website\"},\"primaryImageOfPage\":{\"@id\":\"https:\\\/\\\/www.hellaberent.de\\\/blog\\\/archiv\\\/oldenburg-2\\\/#primaryimage\"},\"image\":{\"@id\":\"https:\\\/\\\/www.hellaberent.de\\\/blog\\\/archiv\\\/oldenburg-2\\\/#primaryimage\"},\"thumbnailUrl\":\"http:\\\/\\\/www.hellaberent.de\\\/blog\\\/wp-content\\\/uploads\\\/2016\\\/11\\\/oldenburg2-foto1KL.jpg\",\"datePublished\":\"2016-11-09T13:55:26+00:00\",\"dateModified\":\"2018-07-25T15:44:32+00:00\",\"breadcrumb\":{\"@id\":\"https:\\\/\\\/www.hellaberent.de\\\/blog\\\/archiv\\\/oldenburg-2\\\/#breadcrumb\"},\"inLanguage\":\"de\",\"potentialAction\":[{\"@type\":\"ReadAction\",\"target\":[\"https:\\\/\\\/www.hellaberent.de\\\/blog\\\/archiv\\\/oldenburg-2\\\/\"]}]},{\"@type\":\"ImageObject\",\"inLanguage\":\"de\",\"@id\":\"https:\\\/\\\/www.hellaberent.de\\\/blog\\\/archiv\\\/oldenburg-2\\\/#primaryimage\",\"url\":\"https:\\\/\\\/www.hellaberent.de\\\/blog\\\/wp-content\\\/uploads\\\/2016\\\/11\\\/oldenburg2-foto1KL.jpg\",\"contentUrl\":\"https:\\\/\\\/www.hellaberent.de\\\/blog\\\/wp-content\\\/uploads\\\/2016\\\/11\\\/oldenburg2-foto1KL.jpg\",\"width\":595,\"height\":400},{\"@type\":\"BreadcrumbList\",\"@id\":\"https:\\\/\\\/www.hellaberent.de\\\/blog\\\/archiv\\\/oldenburg-2\\\/#breadcrumb\",\"itemListElement\":[{\"@type\":\"ListItem\",\"position\":1,\"name\":\"Startseite\",\"item\":\"https:\\\/\\\/www.hellaberent.de\\\/blog\\\/\"},{\"@type\":\"ListItem\",\"position\":2,\"name\":\"Ausstellungsarchiv (\u00dcbersicht)\",\"item\":\"https:\\\/\\\/www.hellaberent.de\\\/blog\\\/archiv\\\/\"},{\"@type\":\"ListItem\",\"position\":3,\"name\":\"Oldenburg &#8211; Athanasy (2016)\"}]},{\"@type\":\"WebSite\",\"@id\":\"https:\\\/\\\/www.hellaberent.de\\\/blog\\\/#website\",\"url\":\"https:\\\/\\\/www.hellaberent.de\\\/blog\\\/\",\"name\":\"Hella Berent\",\"description\":\"Extended Drawing = Sculpture = Space\",\"alternateName\":\"Hella Berent \u2013 Extended Drawing = Sculpture = Space\",\"potentialAction\":[{\"@type\":\"SearchAction\",\"target\":{\"@type\":\"EntryPoint\",\"urlTemplate\":\"https:\\\/\\\/www.hellaberent.de\\\/blog\\\/?s={search_term_string}\"},\"query-input\":{\"@type\":\"PropertyValueSpecification\",\"valueRequired\":true,\"valueName\":\"search_term_string\"}}],\"inLanguage\":\"de\"}]}<\/script>\n<!-- \/ Yoast SEO plugin. -->","yoast_head_json":{"title":"Oldenburg - Athanasy (2016) - HELLA BERENT","robots":{"index":"index","follow":"follow","max-snippet":"max-snippet:-1","max-image-preview":"max-image-preview:large","max-video-preview":"max-video-preview:-1"},"canonical":"https:\/\/www.hellaberent.de\/blog\/archiv\/oldenburg-2\/","og_locale":"de_DE","og_type":"article","og_title":"Oldenburg - Athanasy (2016) - HELLA BERENT","og_description":"&nbsp;&nbsp; &nbsp; &nbsp; &#8220; Athanasy &#8211; The Consuming Fire of Otherness &#8222; K\u00fcnstlerbuch Hella Berent New Delhi 1993, Unikat 49 Bl\u00e4tter, 31,2 x 31,2 cm Zeichnung, Graphit, Farbstift auf Architektenpapier, Hardcover Elfenbein, Pr\u00e4gedruck Landesbibliothek Oldenburg, Oldenburg, Germany Interview: To the acquisition Artist Book Athanasy \u2013 The Consuming Fire of Otherness (Youtube) Press Invitation (PDF) Press [&hellip;]","og_url":"https:\/\/www.hellaberent.de\/blog\/archiv\/oldenburg-2\/","og_site_name":"HELLA BERENT","article_modified_time":"2018-07-25T15:44:32+00:00","og_image":[{"url":"http:\/\/www.hellaberent.de\/blog\/wp-content\/uploads\/2016\/11\/oldenburg2-foto1KL.jpg","type":"","width":"","height":""}],"twitter_card":"summary_large_image","schema":{"@context":"https:\/\/schema.org","@graph":[{"@type":"WebPage","@id":"https:\/\/www.hellaberent.de\/blog\/archiv\/oldenburg-2\/","url":"https:\/\/www.hellaberent.de\/blog\/archiv\/oldenburg-2\/","name":"Oldenburg - Athanasy (2016) - HELLA BERENT","isPartOf":{"@id":"https:\/\/www.hellaberent.de\/blog\/#website"},"primaryImageOfPage":{"@id":"https:\/\/www.hellaberent.de\/blog\/archiv\/oldenburg-2\/#primaryimage"},"image":{"@id":"https:\/\/www.hellaberent.de\/blog\/archiv\/oldenburg-2\/#primaryimage"},"thumbnailUrl":"http:\/\/www.hellaberent.de\/blog\/wp-content\/uploads\/2016\/11\/oldenburg2-foto1KL.jpg","datePublished":"2016-11-09T13:55:26+00:00","dateModified":"2018-07-25T15:44:32+00:00","breadcrumb":{"@id":"https:\/\/www.hellaberent.de\/blog\/archiv\/oldenburg-2\/#breadcrumb"},"inLanguage":"de","potentialAction":[{"@type":"ReadAction","target":["https:\/\/www.hellaberent.de\/blog\/archiv\/oldenburg-2\/"]}]},{"@type":"ImageObject","inLanguage":"de","@id":"https:\/\/www.hellaberent.de\/blog\/archiv\/oldenburg-2\/#primaryimage","url":"https:\/\/www.hellaberent.de\/blog\/wp-content\/uploads\/2016\/11\/oldenburg2-foto1KL.jpg","contentUrl":"https:\/\/www.hellaberent.de\/blog\/wp-content\/uploads\/2016\/11\/oldenburg2-foto1KL.jpg","width":595,"height":400},{"@type":"BreadcrumbList","@id":"https:\/\/www.hellaberent.de\/blog\/archiv\/oldenburg-2\/#breadcrumb","itemListElement":[{"@type":"ListItem","position":1,"name":"Startseite","item":"https:\/\/www.hellaberent.de\/blog\/"},{"@type":"ListItem","position":2,"name":"Ausstellungsarchiv (\u00dcbersicht)","item":"https:\/\/www.hellaberent.de\/blog\/archiv\/"},{"@type":"ListItem","position":3,"name":"Oldenburg &#8211; Athanasy (2016)"}]},{"@type":"WebSite","@id":"https:\/\/www.hellaberent.de\/blog\/#website","url":"https:\/\/www.hellaberent.de\/blog\/","name":"Hella Berent","description":"Extended Drawing = Sculpture = Space","alternateName":"Hella Berent \u2013 Extended Drawing = Sculpture = Space","potentialAction":[{"@type":"SearchAction","target":{"@type":"EntryPoint","urlTemplate":"https:\/\/www.hellaberent.de\/blog\/?s={search_term_string}"},"query-input":{"@type":"PropertyValueSpecification","valueRequired":true,"valueName":"search_term_string"}}],"inLanguage":"de"}]}},"_links":{"self":[{"href":"https:\/\/www.hellaberent.de\/blog\/wp-json\/wp\/v2\/pages\/960","targetHints":{"allow":["GET"]}}],"collection":[{"href":"https:\/\/www.hellaberent.de\/blog\/wp-json\/wp\/v2\/pages"}],"about":[{"href":"https:\/\/www.hellaberent.de\/blog\/wp-json\/wp\/v2\/types\/page"}],"author":[{"embeddable":true,"href":"https:\/\/www.hellaberent.de\/blog\/wp-json\/wp\/v2\/users\/3"}],"replies":[{"embeddable":true,"href":"https:\/\/www.hellaberent.de\/blog\/wp-json\/wp\/v2\/comments?post=960"}],"version-history":[{"count":8,"href":"https:\/\/www.hellaberent.de\/blog\/wp-json\/wp\/v2\/pages\/960\/revisions"}],"predecessor-version":[{"id":1485,"href":"https:\/\/www.hellaberent.de\/blog\/wp-json\/wp\/v2\/pages\/960\/revisions\/1485"}],"up":[{"embeddable":true,"href":"https:\/\/www.hellaberent.de\/blog\/wp-json\/wp\/v2\/pages\/507"}],"wp:attachment":[{"href":"https:\/\/www.hellaberent.de\/blog\/wp-json\/wp\/v2\/media?parent=960"}],"curies":[{"name":"wp","href":"https:\/\/api.w.org\/{rel}","templated":true}]}}